{"id":5708,"date":"2025-06-28T17:27:16","date_gmt":"2025-06-28T15:27:16","guid":{"rendered":"https:\/\/uj.adatbank.ro\/lexikon\/termek\/ciobanu-dan\/"},"modified":"2025-06-28T17:27:16","modified_gmt":"2025-06-28T15:27:16","slug":"ciobanu-dan","status":"publish","type":"product","link":"https:\/\/uj.adatbank.ro\/lexikon\/termek\/ciobanu-dan\/","title":{"rendered":"CIOBANU Dan"},"content":{"rendered":"<p>? \u2020 Mv., 1995. m\u00e1j.: sz\u00edn\u00e9sz. \u2013 A Mv. \u00c1llami Sz\u00ednh\u00e1z rom\u00e1n tagozat\u00e1nak tagja hal\u00e1l\u00e1ig (1976\u201395). \u2013 <strong>F. sz.:<\/strong> Pahomov (Suhovo-Kobalin: A murit Tarlekin); Str\u0103inul cronicar (Romulus Guga: Evul mediu \u00eent\u00e2mpl\u0103tor); \u00cengrijitorul parcului (Tudor Popescu: Un suflet romantic), Cehov: Livada de vi\u015fini, Hinz (S\u00fct\u0151 Andr\u00e1s: Floriile unui geamba\u015f; Jovan (Sterija Popovici: Bostanul g\u0103unos); Rug\u0103ciune pentru un disc-jockey sau Ziua de pe insule; Trei b\u0103rba\u0163i de la pompele funebre (N. R. Erdman); Fratele Ladvenu (Jean Anoilh: Cioc\u0103rlia); Un \u0163\u0103ran (M. Sebastian: Steaua f\u0103r\u0103 nume); Pl\u0103tic\u0103 Vasile (Aurel Baranga: Interesul general); Guildenstern (Shakespeare: Hamlet); Tovar\u0103\u015ful de la centru (Madridul \u00een carnaval), Portarul (Csiky Gergely: Parazi\u0163ii); von Kalb (Schiller: Intrig\u0103 \u015fi iubire), Epihodov (Cehov: Livada de vi\u015fini), Glaneta\u015fu (Liviu Rebreanu: Ion), Ingrijitorul (Tudor Popescu: Un suflet romantic), Subofi\u0163erul (Hasek: Peripe\u0163iile bravului soldat Svejk), St\u0103inul (Romulus Guga: Evul mediu \u00eent\u00e2mpl\u0103tor), Leonid (A. Galin: C\u0103ut\u0103m so\u0163ie pentru tata), Maurizio (C. Goldoni: B\u0103d\u0103ranii), Pompar\u0103u (Platon Pard\u0103u: Luna de miere), Pi\u015flic\u0103 (T. Mu\u015fatescu-Nicoleta Toia-C. Misievici : escu), Schroeder (Dostojevski: Smerita), Fraulein I. E. \u015evar\u0163 : Regele gol), Un agent de poli\u0163ie (Marcel Pagnol: Topaze), B\u0103tr\u00e2nul servitor (Albert Camus: Ne\u00een\u0163elegerea), Cristopher Brown (Peter Carvas: Un regat pentru un asasin). <br \/><strong>Irod.:<\/strong> Fodor Zeno<\/br><\/p>\n","protected":false},"excerpt":{"rendered":"<p>? \u2020 Mv., 1995. m\u00e1j.: sz\u00edn\u00e9sz. \u2013 A Mv. \u00c1llami Sz\u00ednh\u00e1z rom\u00e1n tagozat\u00e1nak tagja hal\u00e1l\u00e1ig (1976\u201395). \u2013 F. sz.: Pahomov (Suhovo-Kobalin: A murit Tarlekin); Str\u0103inul cronicar (Romulus Guga: Evul mediu \u00eent\u00e2mpl\u0103tor); \u00cengrijitorul parcului (Tudor Popescu: Un suflet romantic), Cehov: Livada de vi\u015fini, Hinz (S\u00fct\u0151 Andr\u00e1s: Floriile unui geamba\u015f; Jovan (Sterija Popovici: Bostanul g\u0103unos); Rug\u0103ciune pentru [&hellip;]<\/p>\n","protected":false},"featured_media":0,"comment_status":"open","ping_status":"closed","template":"","meta":[],"product_brand":[],"product_cat":[137],"product_tag":[],"class_list":{"0":"post-5708","1":"product","2":"type-product","3":"status-publish","5":"product_cat-maros-megyei-eletrajzi-lexikon","7":"first","8":"instock","9":"shipping-taxable","10":"product-type-simple"},"_links":{"self":[{"href":"https:\/\/uj.adatbank.ro\/lexikon\/wp-json\/wp\/v2\/product\/5708","targetHints":{"allow":["GET"]}}],"collection":[{"href":"https:\/\/uj.adatbank.ro\/lexikon\/wp-json\/wp\/v2\/product"}],"about":[{"href":"https:\/\/uj.adatbank.ro\/lexikon\/wp-json\/wp\/v2\/types\/product"}],"replies":[{"embeddable":true,"href":"https:\/\/uj.adatbank.ro\/lexikon\/wp-json\/wp\/v2\/comments?post=5708"}],"wp:attachment":[{"href":"https:\/\/uj.adatbank.ro\/lexikon\/wp-json\/wp\/v2\/media?parent=5708"}],"wp:term":[{"taxonomy":"product_brand","embeddable":true,"href":"https:\/\/uj.adatbank.ro\/lexikon\/wp-json\/wp\/v2\/product_brand?post=5708"},{"taxonomy":"product_cat","embeddable":true,"href":"https:\/\/uj.adatbank.ro\/lexikon\/wp-json\/wp\/v2\/product_cat?post=5708"},{"taxonomy":"product_tag","embeddable":true,"href":"https:\/\/uj.adatbank.ro\/lexikon\/wp-json\/wp\/v2\/product_tag?post=5708"}],"curies":[{"name":"wp","href":"https:\/\/api.w.org\/{rel}","templated":true}]}}