{"id":5711,"date":"2025-06-28T17:27:23","date_gmt":"2025-06-28T15:27:23","guid":{"rendered":"https:\/\/uj.adatbank.ro\/lexikon\/termek\/ciobanu-mihai\/"},"modified":"2025-06-28T17:27:23","modified_gmt":"2025-06-28T15:27:23","slug":"ciobanu-mihai","status":"publish","type":"product","link":"https:\/\/uj.adatbank.ro\/lexikon\/termek\/ciobanu-mihai\/","title":{"rendered":"CIOBANU Mihai"},"content":{"rendered":"<p>Sauca, 1911., \u2020 Sz\u00e1szr\u00e9gen, 1981.: gr. kat esperes, ort. pap. \u2013 Mez\u0151r\u00fccs\u00f6n volt esperes (1948\u2013 ), amikor felsz\u00e1molt\u00e1k a g. kat. esperess\u00e9get \u00e9s \u00e1tadta a lev\u00e9lt\u00e1rat \u00e9s az \u00fcgyvezet\u00e9st Iuliu Man mv.-i ortodox esperesnek (1951. jan. 26\u201327.). Sz\u00e1szr\u00e9genben lett ort. esperes (1948\u201378), megjav\u00edttatta a parochia \u00e9p\u00fclet\u00e9t. A kommunizmus \u00e9veiben sok neh\u00e9zs\u00e9gbe \u00fctk\u00f6z\u00f6tt. <br \/><strong>Irod.:<\/strong> B\u0103ciu\u0163, Nicolae-\u015eincan, Gheorghe Nicolae: Biserica de piatr\u0103 \u201e\u00cen\u0103l\u0163area Domnului\u201d T\u00e2rgu-Mure\u015f (Vatra veche, nr. 11., 2009); Reghin, Protopopiat; \u015eincan 2006<\/br><\/p>\n","protected":false},"excerpt":{"rendered":"<p>Sauca, 1911., \u2020 Sz\u00e1szr\u00e9gen, 1981.: gr. kat esperes, ort. pap. \u2013 Mez\u0151r\u00fccs\u00f6n volt esperes (1948\u2013 ), amikor felsz\u00e1molt\u00e1k a g. kat. esperess\u00e9get \u00e9s \u00e1tadta a lev\u00e9lt\u00e1rat \u00e9s az \u00fcgyvezet\u00e9st Iuliu Man mv.-i ortodox esperesnek (1951. jan. 26\u201327.). Sz\u00e1szr\u00e9genben lett ort. esperes (1948\u201378), megjav\u00edttatta a parochia \u00e9p\u00fclet\u00e9t. A kommunizmus \u00e9veiben sok neh\u00e9zs\u00e9gbe \u00fctk\u00f6z\u00f6tt. Irod.: B\u0103ciu\u0163, Nicolae-\u015eincan, [&hellip;]<\/p>\n","protected":false},"featured_media":0,"comment_status":"open","ping_status":"closed","template":"","meta":[],"product_brand":[],"product_cat":[137],"product_tag":[],"class_list":{"0":"post-5711","1":"product","2":"type-product","3":"status-publish","5":"product_cat-maros-megyei-eletrajzi-lexikon","7":"first","8":"instock","9":"shipping-taxable","10":"product-type-simple"},"_links":{"self":[{"href":"https:\/\/uj.adatbank.ro\/lexikon\/wp-json\/wp\/v2\/product\/5711","targetHints":{"allow":["GET"]}}],"collection":[{"href":"https:\/\/uj.adatbank.ro\/lexikon\/wp-json\/wp\/v2\/product"}],"about":[{"href":"https:\/\/uj.adatbank.ro\/lexikon\/wp-json\/wp\/v2\/types\/product"}],"replies":[{"embeddable":true,"href":"https:\/\/uj.adatbank.ro\/lexikon\/wp-json\/wp\/v2\/comments?post=5711"}],"wp:attachment":[{"href":"https:\/\/uj.adatbank.ro\/lexikon\/wp-json\/wp\/v2\/media?parent=5711"}],"wp:term":[{"taxonomy":"product_brand","embeddable":true,"href":"https:\/\/uj.adatbank.ro\/lexikon\/wp-json\/wp\/v2\/product_brand?post=5711"},{"taxonomy":"product_cat","embeddable":true,"href":"https:\/\/uj.adatbank.ro\/lexikon\/wp-json\/wp\/v2\/product_cat?post=5711"},{"taxonomy":"product_tag","embeddable":true,"href":"https:\/\/uj.adatbank.ro\/lexikon\/wp-json\/wp\/v2\/product_tag?post=5711"}],"curies":[{"name":"wp","href":"https:\/\/api.w.org\/{rel}","templated":true}]}}