{"id":5712,"date":"2025-06-28T17:27:25","date_gmt":"2025-06-28T15:27:25","guid":{"rendered":"https:\/\/uj.adatbank.ro\/lexikon\/termek\/ciobanu-tiberiu\/"},"modified":"2025-06-28T17:27:25","modified_gmt":"2025-06-28T15:27:25","slug":"ciobanu-tiberiu","status":"publish","type":"product","link":"https:\/\/uj.adatbank.ro\/lexikon\/termek\/ciobanu-tiberiu\/","title":{"rendered":"CIOBANU, Tiberiu"},"content":{"rendered":"<p>Nagys\u00e1rm\u00e1s, 1936. \u00e1pr. 19., \u2020 Kv., 1985. m\u00e1rc.: orvos, urol\u00f3gus. &#8211; Kv.-on tev\u00e9kenykedett (1959\u2013), tan\u00e1rseg\u00e9d, adjunktus az anat\u00f3mia katedr\u00e1n. <br \/><strong>Irod.:<\/strong> MMK<\/br><\/p>\n","protected":false},"excerpt":{"rendered":"<p>Nagys\u00e1rm\u00e1s, 1936. \u00e1pr. 19., \u2020 Kv., 1985. m\u00e1rc.: orvos, urol\u00f3gus. &#8211; Kv.-on tev\u00e9kenykedett (1959\u2013), tan\u00e1rseg\u00e9d, adjunktus az anat\u00f3mia katedr\u00e1n. Irod.: MMK<\/p>\n","protected":false},"featured_media":0,"comment_status":"open","ping_status":"closed","template":"","meta":[],"product_brand":[],"product_cat":[137],"product_tag":[],"class_list":{"0":"post-5712","1":"product","2":"type-product","3":"status-publish","5":"product_cat-maros-megyei-eletrajzi-lexikon","7":"first","8":"instock","9":"shipping-taxable","10":"product-type-simple"},"_links":{"self":[{"href":"https:\/\/uj.adatbank.ro\/lexikon\/wp-json\/wp\/v2\/product\/5712","targetHints":{"allow":["GET"]}}],"collection":[{"href":"https:\/\/uj.adatbank.ro\/lexikon\/wp-json\/wp\/v2\/product"}],"about":[{"href":"https:\/\/uj.adatbank.ro\/lexikon\/wp-json\/wp\/v2\/types\/product"}],"replies":[{"embeddable":true,"href":"https:\/\/uj.adatbank.ro\/lexikon\/wp-json\/wp\/v2\/comments?post=5712"}],"wp:attachment":[{"href":"https:\/\/uj.adatbank.ro\/lexikon\/wp-json\/wp\/v2\/media?parent=5712"}],"wp:term":[{"taxonomy":"product_brand","embeddable":true,"href":"https:\/\/uj.adatbank.ro\/lexikon\/wp-json\/wp\/v2\/product_brand?post=5712"},{"taxonomy":"product_cat","embeddable":true,"href":"https:\/\/uj.adatbank.ro\/lexikon\/wp-json\/wp\/v2\/product_cat?post=5712"},{"taxonomy":"product_tag","embeddable":true,"href":"https:\/\/uj.adatbank.ro\/lexikon\/wp-json\/wp\/v2\/product_tag?post=5712"}],"curies":[{"name":"wp","href":"https:\/\/api.w.org\/{rel}","templated":true}]}}