{"id":5713,"date":"2025-06-28T17:27:26","date_gmt":"2025-06-28T15:27:26","guid":{"rendered":"https:\/\/uj.adatbank.ro\/lexikon\/termek\/ciobarca-gheorghe\/"},"modified":"2025-06-28T17:27:26","modified_gmt":"2025-06-28T15:27:26","slug":"ciobarca-gheorghe","status":"publish","type":"product","link":"https:\/\/uj.adatbank.ro\/lexikon\/termek\/ciobarca-gheorghe\/","title":{"rendered":"CIOB\u00c2RCA Gheorghe"},"content":{"rendered":"<p>? \u2020 ? : alhadnagy. \u2013 Mv.-en a MAT securitate tartom\u00e1nyi igazgat\u00f3s\u00e1ga gazdas\u00e1gi oszt. vezet\u0151je, alhadnagy (1953\u2013), f\u0151hadnagy (1955), majd a gazdas\u00e1gi oszt\u00e1lyon felmer\u0171lt rendelleness\u00e9gek miatt elt\u00e1vol\u00edtott\u00e1k (1960). <br \/><strong>Irod.:<\/strong> Bartos 2012<\/br><\/p>\n","protected":false},"excerpt":{"rendered":"<p>? \u2020 ? : alhadnagy. \u2013 Mv.-en a MAT securitate tartom\u00e1nyi igazgat\u00f3s\u00e1ga gazdas\u00e1gi oszt. vezet\u0151je, alhadnagy (1953\u2013), f\u0151hadnagy (1955), majd a gazdas\u00e1gi oszt\u00e1lyon felmer\u0171lt rendelleness\u00e9gek miatt elt\u00e1vol\u00edtott\u00e1k (1960). Irod.: Bartos 2012<\/p>\n","protected":false},"featured_media":0,"comment_status":"open","ping_status":"closed","template":"","meta":[],"product_brand":[],"product_cat":[137],"product_tag":[],"class_list":{"0":"post-5713","1":"product","2":"type-product","3":"status-publish","5":"product_cat-maros-megyei-eletrajzi-lexikon","7":"first","8":"instock","9":"shipping-taxable","10":"product-type-simple"},"_links":{"self":[{"href":"https:\/\/uj.adatbank.ro\/lexikon\/wp-json\/wp\/v2\/product\/5713","targetHints":{"allow":["GET"]}}],"collection":[{"href":"https:\/\/uj.adatbank.ro\/lexikon\/wp-json\/wp\/v2\/product"}],"about":[{"href":"https:\/\/uj.adatbank.ro\/lexikon\/wp-json\/wp\/v2\/types\/product"}],"replies":[{"embeddable":true,"href":"https:\/\/uj.adatbank.ro\/lexikon\/wp-json\/wp\/v2\/comments?post=5713"}],"wp:attachment":[{"href":"https:\/\/uj.adatbank.ro\/lexikon\/wp-json\/wp\/v2\/media?parent=5713"}],"wp:term":[{"taxonomy":"product_brand","embeddable":true,"href":"https:\/\/uj.adatbank.ro\/lexikon\/wp-json\/wp\/v2\/product_brand?post=5713"},{"taxonomy":"product_cat","embeddable":true,"href":"https:\/\/uj.adatbank.ro\/lexikon\/wp-json\/wp\/v2\/product_cat?post=5713"},{"taxonomy":"product_tag","embeddable":true,"href":"https:\/\/uj.adatbank.ro\/lexikon\/wp-json\/wp\/v2\/product_tag?post=5713"}],"curies":[{"name":"wp","href":"https:\/\/api.w.org\/{rel}","templated":true}]}}