{"id":5714,"date":"2025-06-28T17:27:29","date_gmt":"2025-06-28T15:27:29","guid":{"rendered":"https:\/\/uj.adatbank.ro\/lexikon\/termek\/ciobirca-katalin\/"},"modified":"2025-06-28T17:27:29","modified_gmt":"2025-06-28T15:27:29","slug":"ciobirca-katalin","status":"publish","type":"product","link":"https:\/\/uj.adatbank.ro\/lexikon\/termek\/ciobirca-katalin\/","title":{"rendered":"CIOBIRCA Katalin"},"content":{"rendered":"<p>? \u2020 ? : s\u00fag\u00f3. \u2013 Felcseriskol\u00e1t v\u00e9gzett. S\u00fag\u00f3 lett, a mv.-i \u00c1llami Sz\u00e9kely Sz\u00ednh\u00e1z tagja (1957\u2013). <br \/><strong>Irod.:<\/strong> Kov\u00e1cs Levente; M\u0171v\u00e9szet (1959. 8\u20139)<\/br><\/p>\n","protected":false},"excerpt":{"rendered":"<p>? \u2020 ? : s\u00fag\u00f3. \u2013 Felcseriskol\u00e1t v\u00e9gzett. S\u00fag\u00f3 lett, a mv.-i \u00c1llami Sz\u00e9kely Sz\u00ednh\u00e1z tagja (1957\u2013). Irod.: Kov\u00e1cs Levente; M\u0171v\u00e9szet (1959. 8\u20139)<\/p>\n","protected":false},"featured_media":0,"comment_status":"open","ping_status":"closed","template":"","meta":[],"product_brand":[],"product_cat":[137],"product_tag":[],"class_list":{"0":"post-5714","1":"product","2":"type-product","3":"status-publish","5":"product_cat-maros-megyei-eletrajzi-lexikon","7":"first","8":"instock","9":"shipping-taxable","10":"product-type-simple"},"_links":{"self":[{"href":"https:\/\/uj.adatbank.ro\/lexikon\/wp-json\/wp\/v2\/product\/5714","targetHints":{"allow":["GET"]}}],"collection":[{"href":"https:\/\/uj.adatbank.ro\/lexikon\/wp-json\/wp\/v2\/product"}],"about":[{"href":"https:\/\/uj.adatbank.ro\/lexikon\/wp-json\/wp\/v2\/types\/product"}],"replies":[{"embeddable":true,"href":"https:\/\/uj.adatbank.ro\/lexikon\/wp-json\/wp\/v2\/comments?post=5714"}],"wp:attachment":[{"href":"https:\/\/uj.adatbank.ro\/lexikon\/wp-json\/wp\/v2\/media?parent=5714"}],"wp:term":[{"taxonomy":"product_brand","embeddable":true,"href":"https:\/\/uj.adatbank.ro\/lexikon\/wp-json\/wp\/v2\/product_brand?post=5714"},{"taxonomy":"product_cat","embeddable":true,"href":"https:\/\/uj.adatbank.ro\/lexikon\/wp-json\/wp\/v2\/product_cat?post=5714"},{"taxonomy":"product_tag","embeddable":true,"href":"https:\/\/uj.adatbank.ro\/lexikon\/wp-json\/wp\/v2\/product_tag?post=5714"}],"curies":[{"name":"wp","href":"https:\/\/api.w.org\/{rel}","templated":true}]}}