{"id":5716,"date":"2025-06-28T17:27:33","date_gmt":"2025-06-28T15:27:33","guid":{"rendered":"https:\/\/uj.adatbank.ro\/lexikon\/termek\/cioloca-emil\/"},"modified":"2025-06-28T17:27:33","modified_gmt":"2025-06-28T15:27:33","slug":"cioloca-emil","status":"publish","type":"product","link":"https:\/\/uj.adatbank.ro\/lexikon\/termek\/cioloca-emil\/","title":{"rendered":"CIOLOCA Emil"},"content":{"rendered":"<p>V\u00e1rhegy, 1906. szept. 17., \u2020 P\u00e1rizs, 1989. m\u00e1j. 19.: jog\u00e1sz. \u2013 Jogi tanulm\u00e1nyait Franciao.-ban v\u00e9gezte. A Rom\u00e1n P\u00e9nz\u00fcgyminiszt\u00e9riumban fel\u00fcgyel\u0151 (1940\u201344). Letart\u00f3ztatt\u00e1k (1947), majd kiszabadulva P\u00e1rizsba emigr\u00e1lt (1986). <br \/><strong>Irod.:<\/strong> Ioni\u0163oiu<\/br><\/p>\n","protected":false},"excerpt":{"rendered":"<p>V\u00e1rhegy, 1906. szept. 17., \u2020 P\u00e1rizs, 1989. m\u00e1j. 19.: jog\u00e1sz. \u2013 Jogi tanulm\u00e1nyait Franciao.-ban v\u00e9gezte. A Rom\u00e1n P\u00e9nz\u00fcgyminiszt\u00e9riumban fel\u00fcgyel\u0151 (1940\u201344). Letart\u00f3ztatt\u00e1k (1947), majd kiszabadulva P\u00e1rizsba emigr\u00e1lt (1986). Irod.: Ioni\u0163oiu<\/p>\n","protected":false},"featured_media":0,"comment_status":"open","ping_status":"closed","template":"","meta":[],"product_brand":[],"product_cat":[137],"product_tag":[],"class_list":{"0":"post-5716","1":"product","2":"type-product","3":"status-publish","5":"product_cat-maros-megyei-eletrajzi-lexikon","7":"first","8":"instock","9":"shipping-taxable","10":"product-type-simple"},"_links":{"self":[{"href":"https:\/\/uj.adatbank.ro\/lexikon\/wp-json\/wp\/v2\/product\/5716","targetHints":{"allow":["GET"]}}],"collection":[{"href":"https:\/\/uj.adatbank.ro\/lexikon\/wp-json\/wp\/v2\/product"}],"about":[{"href":"https:\/\/uj.adatbank.ro\/lexikon\/wp-json\/wp\/v2\/types\/product"}],"replies":[{"embeddable":true,"href":"https:\/\/uj.adatbank.ro\/lexikon\/wp-json\/wp\/v2\/comments?post=5716"}],"wp:attachment":[{"href":"https:\/\/uj.adatbank.ro\/lexikon\/wp-json\/wp\/v2\/media?parent=5716"}],"wp:term":[{"taxonomy":"product_brand","embeddable":true,"href":"https:\/\/uj.adatbank.ro\/lexikon\/wp-json\/wp\/v2\/product_brand?post=5716"},{"taxonomy":"product_cat","embeddable":true,"href":"https:\/\/uj.adatbank.ro\/lexikon\/wp-json\/wp\/v2\/product_cat?post=5716"},{"taxonomy":"product_tag","embeddable":true,"href":"https:\/\/uj.adatbank.ro\/lexikon\/wp-json\/wp\/v2\/product_tag?post=5716"}],"curies":[{"name":"wp","href":"https:\/\/api.w.org\/{rel}","templated":true}]}}