{"id":5719,"date":"2025-06-28T17:27:38","date_gmt":"2025-06-28T15:27:38","guid":{"rendered":"https:\/\/uj.adatbank.ro\/lexikon\/termek\/cioloca-vasile\/"},"modified":"2025-06-28T17:27:38","modified_gmt":"2025-06-28T15:27:38","slug":"cioloca-vasile","status":"publish","type":"product","link":"https:\/\/uj.adatbank.ro\/lexikon\/termek\/cioloca-vasile\/","title":{"rendered":"CIOLOCA Vasile"},"content":{"rendered":"<p>? \u2020 ? : g\u00f6r. kat. pap. \u2013 V\u00e1rhegyben a h\u00edvek k\u00e9r\u00e9s\u00e9re nevezt\u00e9k ki lelk\u00e9sznek (1906\u201348). Par\u00f3ki\u00e1t \u00e9p\u00edtettek (1906). Templomot emeltek a falu k\u00f6zep\u00e9re, de a felszentel\u00e9se a h\u00e1bor\u00fa miatt elmaradt (1937). A falu rom\u00e1n lakoss\u00e1ga egys\u00e9gesen az \u0151si ort. vall\u00e1sra t\u00e9rt vissza (1948\u2013). K\u00e9s\u0151bb \u00e1tt\u00e9rtek az adventista vall\u00e1sra. <br \/><strong>Irod.:<\/strong> \u015eincan 2006<\/br><\/p>\n","protected":false},"excerpt":{"rendered":"<p>? \u2020 ? : g\u00f6r. kat. pap. \u2013 V\u00e1rhegyben a h\u00edvek k\u00e9r\u00e9s\u00e9re nevezt\u00e9k ki lelk\u00e9sznek (1906\u201348). Par\u00f3ki\u00e1t \u00e9p\u00edtettek (1906). Templomot emeltek a falu k\u00f6zep\u00e9re, de a felszentel\u00e9se a h\u00e1bor\u00fa miatt elmaradt (1937). A falu rom\u00e1n lakoss\u00e1ga egys\u00e9gesen az \u0151si ort. vall\u00e1sra t\u00e9rt vissza (1948\u2013). K\u00e9s\u0151bb \u00e1tt\u00e9rtek az adventista vall\u00e1sra. Irod.: \u015eincan 2006<\/p>\n","protected":false},"featured_media":0,"comment_status":"open","ping_status":"closed","template":"","meta":[],"product_brand":[],"product_cat":[137],"product_tag":[],"class_list":{"0":"post-5719","1":"product","2":"type-product","3":"status-publish","5":"product_cat-maros-megyei-eletrajzi-lexikon","7":"first","8":"instock","9":"shipping-taxable","10":"product-type-simple"},"_links":{"self":[{"href":"https:\/\/uj.adatbank.ro\/lexikon\/wp-json\/wp\/v2\/product\/5719","targetHints":{"allow":["GET"]}}],"collection":[{"href":"https:\/\/uj.adatbank.ro\/lexikon\/wp-json\/wp\/v2\/product"}],"about":[{"href":"https:\/\/uj.adatbank.ro\/lexikon\/wp-json\/wp\/v2\/types\/product"}],"replies":[{"embeddable":true,"href":"https:\/\/uj.adatbank.ro\/lexikon\/wp-json\/wp\/v2\/comments?post=5719"}],"wp:attachment":[{"href":"https:\/\/uj.adatbank.ro\/lexikon\/wp-json\/wp\/v2\/media?parent=5719"}],"wp:term":[{"taxonomy":"product_brand","embeddable":true,"href":"https:\/\/uj.adatbank.ro\/lexikon\/wp-json\/wp\/v2\/product_brand?post=5719"},{"taxonomy":"product_cat","embeddable":true,"href":"https:\/\/uj.adatbank.ro\/lexikon\/wp-json\/wp\/v2\/product_cat?post=5719"},{"taxonomy":"product_tag","embeddable":true,"href":"https:\/\/uj.adatbank.ro\/lexikon\/wp-json\/wp\/v2\/product_tag?post=5719"}],"curies":[{"name":"wp","href":"https:\/\/api.w.org\/{rel}","templated":true}]}}