{"id":5720,"date":"2025-06-28T17:27:42","date_gmt":"2025-06-28T15:27:42","guid":{"rendered":"https:\/\/uj.adatbank.ro\/lexikon\/termek\/cionca-ionel\/"},"modified":"2025-06-28T17:27:42","modified_gmt":"2025-06-28T15:27:42","slug":"cionca-ionel","status":"publish","type":"product","link":"https:\/\/uj.adatbank.ro\/lexikon\/termek\/cionca-ionel\/","title":{"rendered":"CIONCA Ionel"},"content":{"rendered":"<p>? \u2020 ? : f\u0151k\u00f6nyvel\u0151. \u2013 A mv.-i Banca Na\u0163ional\u0103-n\u00e1l f\u0151k\u00f6nyvel\u0151. Vez\u00e9ralakja volt annak az \u00edfj\u00fas\u00e1gi csoportnak, amely Mv.-en megalak\u00edtotta a Societatea Tinerimea Rom\u00e2n\u0103 if\u00fas\u00e1gi szervezetet (1923. dec. 22.). A szervezet c\u00e9lja az \u00edfj\u00fas\u00e1g t\u00e1rsadalmi, erk\u00f6lcsi \u00e9s fizikai nevel\u00e9s\u00e9nek \u00e9s fejleszt\u00e9s\u00e9nek ir\u00e1ny\u00edt\u00e1sa volt. Fi\u00f3kegys\u00e9ge R\u00e9gen \u00e9s vid\u00e9k\u00e9n is m\u0171k\u0151d\u00f6tt. <br \/><strong>Irod.:<\/strong> Lueriu<\/br><\/p>\n","protected":false},"excerpt":{"rendered":"<p>? \u2020 ? : f\u0151k\u00f6nyvel\u0151. \u2013 A mv.-i Banca Na\u0163ional\u0103-n\u00e1l f\u0151k\u00f6nyvel\u0151. Vez\u00e9ralakja volt annak az \u00edfj\u00fas\u00e1gi csoportnak, amely Mv.-en megalak\u00edtotta a Societatea Tinerimea Rom\u00e2n\u0103 if\u00fas\u00e1gi szervezetet (1923. dec. 22.). A szervezet c\u00e9lja az \u00edfj\u00fas\u00e1g t\u00e1rsadalmi, erk\u00f6lcsi \u00e9s fizikai nevel\u00e9s\u00e9nek \u00e9s fejleszt\u00e9s\u00e9nek ir\u00e1ny\u00edt\u00e1sa volt. Fi\u00f3kegys\u00e9ge R\u00e9gen \u00e9s vid\u00e9k\u00e9n is m\u0171k\u0151d\u00f6tt. Irod.: Lueriu<\/p>\n","protected":false},"featured_media":0,"comment_status":"open","ping_status":"closed","template":"","meta":[],"product_brand":[],"product_cat":[137],"product_tag":[],"class_list":{"0":"post-5720","1":"product","2":"type-product","3":"status-publish","5":"product_cat-maros-megyei-eletrajzi-lexikon","7":"first","8":"instock","9":"shipping-taxable","10":"product-type-simple"},"_links":{"self":[{"href":"https:\/\/uj.adatbank.ro\/lexikon\/wp-json\/wp\/v2\/product\/5720","targetHints":{"allow":["GET"]}}],"collection":[{"href":"https:\/\/uj.adatbank.ro\/lexikon\/wp-json\/wp\/v2\/product"}],"about":[{"href":"https:\/\/uj.adatbank.ro\/lexikon\/wp-json\/wp\/v2\/types\/product"}],"replies":[{"embeddable":true,"href":"https:\/\/uj.adatbank.ro\/lexikon\/wp-json\/wp\/v2\/comments?post=5720"}],"wp:attachment":[{"href":"https:\/\/uj.adatbank.ro\/lexikon\/wp-json\/wp\/v2\/media?parent=5720"}],"wp:term":[{"taxonomy":"product_brand","embeddable":true,"href":"https:\/\/uj.adatbank.ro\/lexikon\/wp-json\/wp\/v2\/product_brand?post=5720"},{"taxonomy":"product_cat","embeddable":true,"href":"https:\/\/uj.adatbank.ro\/lexikon\/wp-json\/wp\/v2\/product_cat?post=5720"},{"taxonomy":"product_tag","embeddable":true,"href":"https:\/\/uj.adatbank.ro\/lexikon\/wp-json\/wp\/v2\/product_tag?post=5720"}],"curies":[{"name":"wp","href":"https:\/\/api.w.org\/{rel}","templated":true}]}}