{"id":5721,"date":"2025-06-28T17:27:44","date_gmt":"2025-06-28T15:27:44","guid":{"rendered":"https:\/\/uj.adatbank.ro\/lexikon\/termek\/cioranu-lucian\/"},"modified":"2025-06-28T17:27:44","modified_gmt":"2025-06-28T15:27:44","slug":"cioranu-lucian","status":"publish","type":"product","link":"https:\/\/uj.adatbank.ro\/lexikon\/termek\/cioranu-lucian\/","title":{"rendered":"CIORANU Lucian"},"content":{"rendered":"<p>? \u2020\u00a0? : bankvez\u00e9rigazgat\u00f3. \u2013 Tanulm\u00e1nyai befejez\u00e9se ut\u00e1n bankban dolgozott, a Banca Na\u0163ional\u0103 mv. i fi\u00f3kj\u00e1nak igazgat\u00f3ja, a megye egyik legjobb p\u00e9nz\u00fcgyi \u00e9s gazdas\u00e1gi szakembere, tev\u00e9kenys\u00e9ge sokban hozz\u00e1j\u00e1rult a megye gazdas\u00e1gi viszonyainak fellend\u00edt\u00e9s\u00e9hez (1920\u201330 k.). T\u00e1rsadalmi \u00e9s kultur\u00e1lis munk\u00e1ss\u00e1ga is eml\u00edt\u00e9sre m\u00e9lt\u00f3. <br \/><strong>Irod.:<\/strong> Ki kicsoda?<\/br><\/p>\n","protected":false},"excerpt":{"rendered":"<p>? \u2020\u00a0? : bankvez\u00e9rigazgat\u00f3. \u2013 Tanulm\u00e1nyai befejez\u00e9se ut\u00e1n bankban dolgozott, a Banca Na\u0163ional\u0103 mv. i fi\u00f3kj\u00e1nak igazgat\u00f3ja, a megye egyik legjobb p\u00e9nz\u00fcgyi \u00e9s gazdas\u00e1gi szakembere, tev\u00e9kenys\u00e9ge sokban hozz\u00e1j\u00e1rult a megye gazdas\u00e1gi viszonyainak fellend\u00edt\u00e9s\u00e9hez (1920\u201330 k.). T\u00e1rsadalmi \u00e9s kultur\u00e1lis munk\u00e1ss\u00e1ga is eml\u00edt\u00e9sre m\u00e9lt\u00f3. Irod.: Ki kicsoda?<\/p>\n","protected":false},"featured_media":0,"comment_status":"open","ping_status":"closed","template":"","meta":[],"product_brand":[],"product_cat":[137],"product_tag":[],"class_list":{"0":"post-5721","1":"product","2":"type-product","3":"status-publish","5":"product_cat-maros-megyei-eletrajzi-lexikon","7":"first","8":"instock","9":"shipping-taxable","10":"product-type-simple"},"_links":{"self":[{"href":"https:\/\/uj.adatbank.ro\/lexikon\/wp-json\/wp\/v2\/product\/5721","targetHints":{"allow":["GET"]}}],"collection":[{"href":"https:\/\/uj.adatbank.ro\/lexikon\/wp-json\/wp\/v2\/product"}],"about":[{"href":"https:\/\/uj.adatbank.ro\/lexikon\/wp-json\/wp\/v2\/types\/product"}],"replies":[{"embeddable":true,"href":"https:\/\/uj.adatbank.ro\/lexikon\/wp-json\/wp\/v2\/comments?post=5721"}],"wp:attachment":[{"href":"https:\/\/uj.adatbank.ro\/lexikon\/wp-json\/wp\/v2\/media?parent=5721"}],"wp:term":[{"taxonomy":"product_brand","embeddable":true,"href":"https:\/\/uj.adatbank.ro\/lexikon\/wp-json\/wp\/v2\/product_brand?post=5721"},{"taxonomy":"product_cat","embeddable":true,"href":"https:\/\/uj.adatbank.ro\/lexikon\/wp-json\/wp\/v2\/product_cat?post=5721"},{"taxonomy":"product_tag","embeddable":true,"href":"https:\/\/uj.adatbank.ro\/lexikon\/wp-json\/wp\/v2\/product_tag?post=5721"}],"curies":[{"name":"wp","href":"https:\/\/api.w.org\/{rel}","templated":true}]}}