{"id":5723,"date":"2025-06-28T17:27:47","date_gmt":"2025-06-28T15:27:47","guid":{"rendered":"https:\/\/uj.adatbank.ro\/lexikon\/termek\/ciorlaus-anastasiu\/"},"modified":"2025-06-28T17:27:47","modified_gmt":"2025-06-28T15:27:47","slug":"ciorlaus-anastasiu","status":"publish","type":"product","link":"https:\/\/uj.adatbank.ro\/lexikon\/termek\/ciorlaus-anastasiu\/","title":{"rendered":"CIORL\u0102U\u015e Anastasiu"},"content":{"rendered":"<p>V\u00e1ralm\u00e1s, 1924. j\u00fal. 15., \u2020 Mv., ? : agron\u00f3mus. \u2013 A marosszentgy\u00f6rgyi \u00c1llatteny\u00e9szt\u00e9si Kutat\u00f3\u00e1llom\u00e1s\u00e1n dolgozott f\u0151kutat\u00f3k\u00e9nt, \u0151 l\u00e9tes\u00edtette a tordai kutat\u00f3\u00e1llom\u00e1st is. Meghonos\u00edtott Erd\u00e9lyben a k\u00fcl\u00f6nb\u00f6z\u0151 kukorica hibrideket, \u00faj technol\u00f3gi\u00e1kat dolgozott ki a gyomirt\u00f3 szerek haszn\u00e1lat\u00e1ra \u00e9s \u00faj takarm\u00e1nyn\u00f6v\u00e9nyeket hozott l\u00e9tre. H\u00e1rom szabadalom birtokosa volt. T\u00f6bb k\u00fclf\u00f6ldi \u00e9rtekezleten vett r\u00e9szt. \u2013 <strong>F. m.:<\/strong> 100 de \u00eentreb\u0103ri \u015fi r\u0103spunsuri privind cultura cerealelor (1962); 100 k\u00e9rd\u00e9s \u00e9s felelet a gabonatermeszt\u00e9sr\u0151l. (Velican V., Salontai A. -val, Buk., 1964); Combaterea buruienilor pe cale chimic\u0103 \u015fi mecanic\u0103 (1968); Tehnologia aplic\u0103rii erbicidelor (1972). Combaterea buruienilor la principalele culturi agricole pe cale chimic\u0103 \u015fi mecanic\u0103. (Tamas Ludovic-al, Buc., 1968). <br \/><strong>Irod.:<\/strong> Personalit\u0103\u0163i mure\u015fene; R\u00e9thy\u2013\u00dajv\u00e1ri\u2013V\u00e1czy<\/br><\/p>\n","protected":false},"excerpt":{"rendered":"<p>V\u00e1ralm\u00e1s, 1924. j\u00fal. 15., \u2020 Mv., ? : agron\u00f3mus. \u2013 A marosszentgy\u00f6rgyi \u00c1llatteny\u00e9szt\u00e9si Kutat\u00f3\u00e1llom\u00e1s\u00e1n dolgozott f\u0151kutat\u00f3k\u00e9nt, \u0151 l\u00e9tes\u00edtette a tordai kutat\u00f3\u00e1llom\u00e1st is. Meghonos\u00edtott Erd\u00e9lyben a k\u00fcl\u00f6nb\u00f6z\u0151 kukorica hibrideket, \u00faj technol\u00f3gi\u00e1kat dolgozott ki a gyomirt\u00f3 szerek haszn\u00e1lat\u00e1ra \u00e9s \u00faj takarm\u00e1nyn\u00f6v\u00e9nyeket hozott l\u00e9tre. H\u00e1rom szabadalom birtokosa volt. T\u00f6bb k\u00fclf\u00f6ldi \u00e9rtekezleten vett r\u00e9szt. \u2013 F. m.: 100 de [&hellip;]<\/p>\n","protected":false},"featured_media":0,"comment_status":"open","ping_status":"closed","template":"","meta":[],"product_brand":[],"product_cat":[137],"product_tag":[],"class_list":{"0":"post-5723","1":"product","2":"type-product","3":"status-publish","5":"product_cat-maros-megyei-eletrajzi-lexikon","7":"first","8":"instock","9":"shipping-taxable","10":"product-type-simple"},"_links":{"self":[{"href":"https:\/\/uj.adatbank.ro\/lexikon\/wp-json\/wp\/v2\/product\/5723","targetHints":{"allow":["GET"]}}],"collection":[{"href":"https:\/\/uj.adatbank.ro\/lexikon\/wp-json\/wp\/v2\/product"}],"about":[{"href":"https:\/\/uj.adatbank.ro\/lexikon\/wp-json\/wp\/v2\/types\/product"}],"replies":[{"embeddable":true,"href":"https:\/\/uj.adatbank.ro\/lexikon\/wp-json\/wp\/v2\/comments?post=5723"}],"wp:attachment":[{"href":"https:\/\/uj.adatbank.ro\/lexikon\/wp-json\/wp\/v2\/media?parent=5723"}],"wp:term":[{"taxonomy":"product_brand","embeddable":true,"href":"https:\/\/uj.adatbank.ro\/lexikon\/wp-json\/wp\/v2\/product_brand?post=5723"},{"taxonomy":"product_cat","embeddable":true,"href":"https:\/\/uj.adatbank.ro\/lexikon\/wp-json\/wp\/v2\/product_cat?post=5723"},{"taxonomy":"product_tag","embeddable":true,"href":"https:\/\/uj.adatbank.ro\/lexikon\/wp-json\/wp\/v2\/product_tag?post=5723"}],"curies":[{"name":"wp","href":"https:\/\/api.w.org\/{rel}","templated":true}]}}