{"id":5726,"date":"2025-06-28T17:27:53","date_gmt":"2025-06-28T15:27:53","guid":{"rendered":"https:\/\/uj.adatbank.ro\/lexikon\/termek\/ciotlos-ion\/"},"modified":"2025-06-28T17:27:53","modified_gmt":"2025-06-28T15:27:53","slug":"ciotlos-ion","status":"publish","type":"product","link":"https:\/\/uj.adatbank.ro\/lexikon\/termek\/ciotlos-ion\/","title":{"rendered":"CIOTLO\u015e Ion"},"content":{"rendered":"<p>Cikm\u00e1ntor, 1930. okt. 23., \u2020\u00a0Buk., 1997., Cikm\u00e1ntoron temett\u00e9k: k\u00f6nyvt\u00e1ros, kutat\u00f3, k\u00f6nyvt\u00e1rszervez\u0151. \u2013Tanulm\u00e1nyait sz\u00fcl\u0151faluj\u00e1ban kezdte, a l\u00edc. -ot Segesv\u00e1ron, az egyetemet Buk.-ben v\u00e9gezte (1955) rom\u00e1n nyelv \u00e9s irodalom szakon. Tiszts\u00e9gvisel\u0151 volt k\u00fcl\u00f6nb\u00f6z\u0151 kulturint\u00e9zm\u00e9nyekben, oktat\u00f3, igazgat\u00f3, tan\u00e1r a K\u00f6nyvt\u00e1rosk\u00e9pz\u0151 Fels\u0151fok\u00fa Int\u00e9zetben. Dolgozott az Ilfov megyei M\u0171v\u00e9szeti \u00e9s Kult\u00far Bizotts\u00e1gn\u00e1l, az Orsz\u00e1gos Kult\u00far\u00e1lis Tan\u00e1csn\u00e1l, a Nemzeti K\u00f6nyvt\u00e1rban, a Buk-i V\u00e1rosi K\u00f6nyvt\u00e1rban. M\u0171k\u00f6d\u00e9s\u00e9nek f\u0151 ter\u00fclete a k\u00f6zm\u0171vel\u00e9s \u00e9s ezen bel\u00fcl a k\u00f6zk\u00f6nyvt\u00e1rak szervez\u00e9se \u00e9s fejleszt\u00e9se, a vid\u00e9ki-falusi olvas\u00e1skult\u00fara tanulm\u00e1nyoz\u00e1sa az 50\u201360-as \u00e9vekben. Foglalkozott a k\u00f6nyvt\u00e1rosi t\u00f6rv\u00e9nyhoz\u00e1s k\u00e9rd\u00e9seivel, a k\u00f6nyvt\u00e1ros tov\u00e1bbk\u00e9pz\u00e9ssel, m\u00f3dszertannal. K\u00f6nyvt\u00e1ri vonatkoz\u00e1s\u00fa szakanyagot gy\u0171jt\u00f6tt \u00e9s \u00e1ll\u00edtott \u00f6ssze amellyel nagy haszn\u00e1ra volt a k\u00f6nyvt\u00e1rosoknak, Cikkeket, tanulm\u00e1nyokat \u00edrt, sz\u00fcl\u0151faluj\u00e1nak monogr\u00e1fi\u00e1ja \u00e9s napl\u00f3ja m\u00e9g kiadatlan. \u2013 <strong>F. m.:<\/strong> Breviar legislativ \u00een sprijinul activit\u0103\u0163ii bibliotecilor publice (Buc., 1996); <strong>t\u00e1rssz.:<\/strong> Lectura la sate \u00een regiunea Bucure\u015fti (Buc, 1965); Manual de biblioteconomie pentru bibliotecile mici (Buc., 1993); Vocabular profesional de biblioteconomie (1992); k\u00e9zirata: Satul dintre dealuri; O culegere de citate despre carte, bibliotec\u0103 \u015fi cultur\u0103; Insemn\u0103ri dintr-o via\u0163\u0103 de om (1949 ben kezdett napl\u00f3). <br \/><strong>Irod.:<\/strong> Biblioteca (6. sz., 1997); Todea 2013<\/br><\/p>\n","protected":false},"excerpt":{"rendered":"<p>Cikm\u00e1ntor, 1930. okt. 23., \u2020\u00a0Buk., 1997., Cikm\u00e1ntoron temett\u00e9k: k\u00f6nyvt\u00e1ros, kutat\u00f3, k\u00f6nyvt\u00e1rszervez\u0151. \u2013Tanulm\u00e1nyait sz\u00fcl\u0151faluj\u00e1ban kezdte, a l\u00edc. -ot Segesv\u00e1ron, az egyetemet Buk.-ben v\u00e9gezte (1955) rom\u00e1n nyelv \u00e9s irodalom szakon. Tiszts\u00e9gvisel\u0151 volt k\u00fcl\u00f6nb\u00f6z\u0151 kulturint\u00e9zm\u00e9nyekben, oktat\u00f3, igazgat\u00f3, tan\u00e1r a K\u00f6nyvt\u00e1rosk\u00e9pz\u0151 Fels\u0151fok\u00fa Int\u00e9zetben. Dolgozott az Ilfov megyei M\u0171v\u00e9szeti \u00e9s Kult\u00far Bizotts\u00e1gn\u00e1l, az Orsz\u00e1gos Kult\u00far\u00e1lis Tan\u00e1csn\u00e1l, a Nemzeti K\u00f6nyvt\u00e1rban, a [&hellip;]<\/p>\n","protected":false},"featured_media":0,"comment_status":"open","ping_status":"closed","template":"","meta":[],"product_brand":[],"product_cat":[137],"product_tag":[],"class_list":{"0":"post-5726","1":"product","2":"type-product","3":"status-publish","5":"product_cat-maros-megyei-eletrajzi-lexikon","7":"first","8":"instock","9":"shipping-taxable","10":"product-type-simple"},"_links":{"self":[{"href":"https:\/\/uj.adatbank.ro\/lexikon\/wp-json\/wp\/v2\/product\/5726","targetHints":{"allow":["GET"]}}],"collection":[{"href":"https:\/\/uj.adatbank.ro\/lexikon\/wp-json\/wp\/v2\/product"}],"about":[{"href":"https:\/\/uj.adatbank.ro\/lexikon\/wp-json\/wp\/v2\/types\/product"}],"replies":[{"embeddable":true,"href":"https:\/\/uj.adatbank.ro\/lexikon\/wp-json\/wp\/v2\/comments?post=5726"}],"wp:attachment":[{"href":"https:\/\/uj.adatbank.ro\/lexikon\/wp-json\/wp\/v2\/media?parent=5726"}],"wp:term":[{"taxonomy":"product_brand","embeddable":true,"href":"https:\/\/uj.adatbank.ro\/lexikon\/wp-json\/wp\/v2\/product_brand?post=5726"},{"taxonomy":"product_cat","embeddable":true,"href":"https:\/\/uj.adatbank.ro\/lexikon\/wp-json\/wp\/v2\/product_cat?post=5726"},{"taxonomy":"product_tag","embeddable":true,"href":"https:\/\/uj.adatbank.ro\/lexikon\/wp-json\/wp\/v2\/product_tag?post=5726"}],"curies":[{"name":"wp","href":"https:\/\/api.w.org\/{rel}","templated":true}]}}