{"id":5729,"date":"2025-06-28T17:27:56","date_gmt":"2025-06-28T15:27:56","guid":{"rendered":"https:\/\/uj.adatbank.ro\/lexikon\/termek\/cipaianu-gheorghe-i\/"},"modified":"2025-06-28T17:27:56","modified_gmt":"2025-06-28T15:27:56","slug":"cipaianu-gheorghe-i","status":"publish","type":"product","link":"https:\/\/uj.adatbank.ro\/lexikon\/termek\/cipaianu-gheorghe-i\/","title":{"rendered":"CIP\u0102IANU Gheorghe I."},"content":{"rendered":"<p>Kem\u00e9nytelke, 1878., \u2020 Buk., 1957. aug. 10.: dr., agr\u00e1rm\u00e9rn\u00f6k. \u2013 A mez\u0151gazdas\u00e1gi f\u0151iskol\u00e1t Her\u0103streu-n (1898\u201399), Lipcs\u00e9ben (1906\u201309) v\u00e9gezte, doktor\u00e1lt is. Dolgozott a Mez\u0151gazdas\u00e1gi Miniszt\u00e9riumban, mint f\u0151igazgat\u00f3 (1918\u201319), helyettes \u00e1llamtitk\u00e1r (1923\u201330, 1933\u201334), miniszter (1934); f\u0151igazgat\u00f3ja a Sz\u00f6vetkezeteknek; szen\u00e1tor (1922\u201328); tordai k\u00e9pvisel\u0151 (1931, 1933); eln\u00f6ke a Casa Rural\u0103- nak (1936\u201338), Casa Central\u0103 a Coopera\u0163iei \u015fi Impropriet\u0103ririi K\u00f6zponti Sz\u00f6vetezeti \u00e9s Kisaj\u00e1t\u00edt\u00e1si H\u00e1z v. Iroda (1925\u201340). B\u00faza \u00e9s t\u00f6r\u00f6kb\u00faza amelior\u00e1ci\u00f3val foglalkozott. \u2013 <strong>F. m.:<\/strong> Exploata\u0163iuni agricole (Buc., 1921); Via\u0163a economic\u0103 a satelor (Buc., 1927); Desvoltarea agriculturii (Buc., 1929); Organizarea \u015fi \u00eencurajarea agriculturii (Buc., 1930); Combaterea crizei agricole (Buc., 1931). <br \/><strong>Irod.:<\/strong> B\u0103lan; DC\u015eTU; Guly\u00e1s; Personalit\u0103\u0163i rom.; Predescu; Todea\u2013F\u00fcl\u00f6p\u2013Avram<\/br><\/p>\n","protected":false},"excerpt":{"rendered":"<p>Kem\u00e9nytelke, 1878., \u2020 Buk., 1957. aug. 10.: dr., agr\u00e1rm\u00e9rn\u00f6k. \u2013 A mez\u0151gazdas\u00e1gi f\u0151iskol\u00e1t Her\u0103streu-n (1898\u201399), Lipcs\u00e9ben (1906\u201309) v\u00e9gezte, doktor\u00e1lt is. Dolgozott a Mez\u0151gazdas\u00e1gi Miniszt\u00e9riumban, mint f\u0151igazgat\u00f3 (1918\u201319), helyettes \u00e1llamtitk\u00e1r (1923\u201330, 1933\u201334), miniszter (1934); f\u0151igazgat\u00f3ja a Sz\u00f6vetkezeteknek; szen\u00e1tor (1922\u201328); tordai k\u00e9pvisel\u0151 (1931, 1933); eln\u00f6ke a Casa Rural\u0103- nak (1936\u201338), Casa Central\u0103 a Coopera\u0163iei \u015fi Impropriet\u0103ririi K\u00f6zponti [&hellip;]<\/p>\n","protected":false},"featured_media":0,"comment_status":"open","ping_status":"closed","template":"","meta":[],"product_brand":[],"product_cat":[137],"product_tag":[],"class_list":{"0":"post-5729","1":"product","2":"type-product","3":"status-publish","5":"product_cat-maros-megyei-eletrajzi-lexikon","7":"first","8":"instock","9":"shipping-taxable","10":"product-type-simple"},"_links":{"self":[{"href":"https:\/\/uj.adatbank.ro\/lexikon\/wp-json\/wp\/v2\/product\/5729","targetHints":{"allow":["GET"]}}],"collection":[{"href":"https:\/\/uj.adatbank.ro\/lexikon\/wp-json\/wp\/v2\/product"}],"about":[{"href":"https:\/\/uj.adatbank.ro\/lexikon\/wp-json\/wp\/v2\/types\/product"}],"replies":[{"embeddable":true,"href":"https:\/\/uj.adatbank.ro\/lexikon\/wp-json\/wp\/v2\/comments?post=5729"}],"wp:attachment":[{"href":"https:\/\/uj.adatbank.ro\/lexikon\/wp-json\/wp\/v2\/media?parent=5729"}],"wp:term":[{"taxonomy":"product_brand","embeddable":true,"href":"https:\/\/uj.adatbank.ro\/lexikon\/wp-json\/wp\/v2\/product_brand?post=5729"},{"taxonomy":"product_cat","embeddable":true,"href":"https:\/\/uj.adatbank.ro\/lexikon\/wp-json\/wp\/v2\/product_cat?post=5729"},{"taxonomy":"product_tag","embeddable":true,"href":"https:\/\/uj.adatbank.ro\/lexikon\/wp-json\/wp\/v2\/product_tag?post=5729"}],"curies":[{"name":"wp","href":"https:\/\/api.w.org\/{rel}","templated":true}]}}