{"id":5730,"date":"2025-06-28T17:27:57","date_gmt":"2025-06-28T15:27:57","guid":{"rendered":"https:\/\/uj.adatbank.ro\/lexikon\/termek\/circa-alecsandru\/"},"modified":"2025-06-28T17:27:57","modified_gmt":"2025-06-28T15:27:57","slug":"circa-alecsandru","status":"publish","type":"product","link":"https:\/\/uj.adatbank.ro\/lexikon\/termek\/circa-alecsandru\/","title":{"rendered":"CIRCA Alecsandru"},"content":{"rendered":"<p>?\u00a0\u2020 ? : g\u00f6r. kat. pap. \u2013 Marosugr\u00e1n szolg\u00e1lt (1887\u20131932). Hossz\u00fa szolg\u00e1lata ideje alatt \u00e9p\u00fclt a ma is l\u00e9tez\u0151 szent arkangyaloknak aj\u00e1lott g. kat. k\u0151templom (1927\u2013), f\u00e1b\u00f3l par\u00f3kia (1931\u2013) \u00e9s iskola is. <br \/><strong>Irod.:<\/strong> Ogra<\/br><\/p>\n","protected":false},"excerpt":{"rendered":"<p>?\u00a0\u2020 ? : g\u00f6r. kat. pap. \u2013 Marosugr\u00e1n szolg\u00e1lt (1887\u20131932). Hossz\u00fa szolg\u00e1lata ideje alatt \u00e9p\u00fclt a ma is l\u00e9tez\u0151 szent arkangyaloknak aj\u00e1lott g. kat. k\u0151templom (1927\u2013), f\u00e1b\u00f3l par\u00f3kia (1931\u2013) \u00e9s iskola is. Irod.: Ogra<\/p>\n","protected":false},"featured_media":0,"comment_status":"open","ping_status":"closed","template":"","meta":[],"product_brand":[],"product_cat":[137],"product_tag":[],"class_list":{"0":"post-5730","1":"product","2":"type-product","3":"status-publish","5":"product_cat-maros-megyei-eletrajzi-lexikon","7":"first","8":"instock","9":"shipping-taxable","10":"product-type-simple"},"_links":{"self":[{"href":"https:\/\/uj.adatbank.ro\/lexikon\/wp-json\/wp\/v2\/product\/5730","targetHints":{"allow":["GET"]}}],"collection":[{"href":"https:\/\/uj.adatbank.ro\/lexikon\/wp-json\/wp\/v2\/product"}],"about":[{"href":"https:\/\/uj.adatbank.ro\/lexikon\/wp-json\/wp\/v2\/types\/product"}],"replies":[{"embeddable":true,"href":"https:\/\/uj.adatbank.ro\/lexikon\/wp-json\/wp\/v2\/comments?post=5730"}],"wp:attachment":[{"href":"https:\/\/uj.adatbank.ro\/lexikon\/wp-json\/wp\/v2\/media?parent=5730"}],"wp:term":[{"taxonomy":"product_brand","embeddable":true,"href":"https:\/\/uj.adatbank.ro\/lexikon\/wp-json\/wp\/v2\/product_brand?post=5730"},{"taxonomy":"product_cat","embeddable":true,"href":"https:\/\/uj.adatbank.ro\/lexikon\/wp-json\/wp\/v2\/product_cat?post=5730"},{"taxonomy":"product_tag","embeddable":true,"href":"https:\/\/uj.adatbank.ro\/lexikon\/wp-json\/wp\/v2\/product_tag?post=5730"}],"curies":[{"name":"wp","href":"https:\/\/api.w.org\/{rel}","templated":true}]}}