{"id":5731,"date":"2025-06-28T17:27:59","date_gmt":"2025-06-28T15:27:59","guid":{"rendered":"https:\/\/uj.adatbank.ro\/lexikon\/termek\/circa-cornel\/"},"modified":"2025-06-28T17:27:59","modified_gmt":"2025-06-28T15:27:59","slug":"circa-cornel","status":"publish","type":"product","link":"https:\/\/uj.adatbank.ro\/lexikon\/termek\/circa-cornel\/","title":{"rendered":"CIRCA Cornel"},"content":{"rendered":"<p>Gamibutin, 1880, \u2020\u00a0? : f\u0151orvos. \u2013 Apja g\u00f6r. kat. lelk\u00e9sz volt. \u2013 L\u00edc. -ot Bal\u00e1zsfalv\u00e1n, orvosi egyetemet Kv.-on, majd Bp.-en v\u00e9gzett (1898\u201399), ut\u00e1na 2 \u00e9vig katonaorvos, majd j\u00e1r\u00e1si orvos (1911\u2013). Az els\u0151 vh.-ban mint ezredorvos szolg\u00e1lt, ezt k\u00f6vet\u0151en Dics\u0151szentm\u00e1rtonban volt j\u00e1r\u00e1si orvos, Maros\u00fajv\u00e1ron m\u0171k\u00f6d\u00f6tt (1919), majd Dics\u0151szentm\u00e1rtonban v\u00e1rosi orvos (\u20131930). Mv.-en v\u00e1rosi tiszti f\u0151orvos, az \u00e1llami k\u00f3rh\u00e1z f\u0151orvosa volt. A v\u00e1ros eg\u00e9szs\u00e9g\u00fcgyi \u00e1llapot\u00e1nak rendez\u00e9se \u00e9s fejleszt\u00e9se k\u00f6r\u00fcl nagy \u00e9rdemeket szerzett, sokat f\u00e1radozott a v\u00edzvezet\u00e9k \u00e1tszervez\u00e9se, az utc\u00e1k tiszt\u00edt\u00e1sa \u00e9s a v\u00e1ros higieniz\u00e1l\u00e1sa \u00e9rdek\u00e9ben. Az ASTRA, az orvossz\u00f6vets\u00e9g az AGRU tagja, a T\u00fcd\u0151v\u00e9sz ellen k\u00fczd\u0151 liga fi\u00f3keln\u00f6ke. <strong>Kit\u00fcntet\u00e9sei:<\/strong> Ferenc J\u00f3zsef Lovagkeresztje, a V\u00f6r\u00f6s Kereszt hadi\u00e9kitm\u00e9nyes rendjele, a Rom\u00e1n Koronarend tisztikeresztje. <br \/><strong>Irod.:<\/strong> Folea; Ki kicsoda\u00a0?<\/br><\/p>\n","protected":false},"excerpt":{"rendered":"<p>Gamibutin, 1880, \u2020\u00a0? : f\u0151orvos. \u2013 Apja g\u00f6r. kat. lelk\u00e9sz volt. \u2013 L\u00edc. -ot Bal\u00e1zsfalv\u00e1n, orvosi egyetemet Kv.-on, majd Bp.-en v\u00e9gzett (1898\u201399), ut\u00e1na 2 \u00e9vig katonaorvos, majd j\u00e1r\u00e1si orvos (1911\u2013). Az els\u0151 vh.-ban mint ezredorvos szolg\u00e1lt, ezt k\u00f6vet\u0151en Dics\u0151szentm\u00e1rtonban volt j\u00e1r\u00e1si orvos, Maros\u00fajv\u00e1ron m\u0171k\u00f6d\u00f6tt (1919), majd Dics\u0151szentm\u00e1rtonban v\u00e1rosi orvos (\u20131930). Mv.-en v\u00e1rosi tiszti f\u0151orvos, az [&hellip;]<\/p>\n","protected":false},"featured_media":0,"comment_status":"open","ping_status":"closed","template":"","meta":[],"product_brand":[],"product_cat":[137],"product_tag":[],"class_list":{"0":"post-5731","1":"product","2":"type-product","3":"status-publish","5":"product_cat-maros-megyei-eletrajzi-lexikon","7":"first","8":"instock","9":"shipping-taxable","10":"product-type-simple"},"_links":{"self":[{"href":"https:\/\/uj.adatbank.ro\/lexikon\/wp-json\/wp\/v2\/product\/5731","targetHints":{"allow":["GET"]}}],"collection":[{"href":"https:\/\/uj.adatbank.ro\/lexikon\/wp-json\/wp\/v2\/product"}],"about":[{"href":"https:\/\/uj.adatbank.ro\/lexikon\/wp-json\/wp\/v2\/types\/product"}],"replies":[{"embeddable":true,"href":"https:\/\/uj.adatbank.ro\/lexikon\/wp-json\/wp\/v2\/comments?post=5731"}],"wp:attachment":[{"href":"https:\/\/uj.adatbank.ro\/lexikon\/wp-json\/wp\/v2\/media?parent=5731"}],"wp:term":[{"taxonomy":"product_brand","embeddable":true,"href":"https:\/\/uj.adatbank.ro\/lexikon\/wp-json\/wp\/v2\/product_brand?post=5731"},{"taxonomy":"product_cat","embeddable":true,"href":"https:\/\/uj.adatbank.ro\/lexikon\/wp-json\/wp\/v2\/product_cat?post=5731"},{"taxonomy":"product_tag","embeddable":true,"href":"https:\/\/uj.adatbank.ro\/lexikon\/wp-json\/wp\/v2\/product_tag?post=5731"}],"curies":[{"name":"wp","href":"https:\/\/api.w.org\/{rel}","templated":true}]}}