{"id":5732,"date":"2025-06-28T17:28:00","date_gmt":"2025-06-28T15:28:00","guid":{"rendered":"https:\/\/uj.adatbank.ro\/lexikon\/termek\/circa-alexandru\/"},"modified":"2025-06-28T17:28:00","modified_gmt":"2025-06-28T15:28:00","slug":"circa-alexandru","status":"publish","type":"product","link":"https:\/\/uj.adatbank.ro\/lexikon\/termek\/circa-alexandru\/","title":{"rendered":"CIRC\u0102, Alexandru"},"content":{"rendered":"<p>1896., \u2020 Nagyenyed, 1953.: g\u00f6r. kat. pap. \u2013 Marosugr\u00e1n szolg\u00e1lt. Politikai okokb\u00f3l letart\u00f3ztatt\u00e1k, a nagyenyedi b\u00f6rt\u00f6nbe z\u00e1rt\u00e1k, ahol kiv\u00e9gezt\u00e9k. <br \/><strong>Irod.:<\/strong> Balint; Iloaie; \u015eerban I.<\/br><\/p>\n","protected":false},"excerpt":{"rendered":"<p>1896., \u2020 Nagyenyed, 1953.: g\u00f6r. kat. pap. \u2013 Marosugr\u00e1n szolg\u00e1lt. Politikai okokb\u00f3l letart\u00f3ztatt\u00e1k, a nagyenyedi b\u00f6rt\u00f6nbe z\u00e1rt\u00e1k, ahol kiv\u00e9gezt\u00e9k. Irod.: Balint; Iloaie; \u015eerban I.<\/p>\n","protected":false},"featured_media":0,"comment_status":"open","ping_status":"closed","template":"","meta":[],"product_brand":[],"product_cat":[137],"product_tag":[],"class_list":{"0":"post-5732","1":"product","2":"type-product","3":"status-publish","5":"product_cat-maros-megyei-eletrajzi-lexikon","7":"first","8":"instock","9":"shipping-taxable","10":"product-type-simple"},"_links":{"self":[{"href":"https:\/\/uj.adatbank.ro\/lexikon\/wp-json\/wp\/v2\/product\/5732","targetHints":{"allow":["GET"]}}],"collection":[{"href":"https:\/\/uj.adatbank.ro\/lexikon\/wp-json\/wp\/v2\/product"}],"about":[{"href":"https:\/\/uj.adatbank.ro\/lexikon\/wp-json\/wp\/v2\/types\/product"}],"replies":[{"embeddable":true,"href":"https:\/\/uj.adatbank.ro\/lexikon\/wp-json\/wp\/v2\/comments?post=5732"}],"wp:attachment":[{"href":"https:\/\/uj.adatbank.ro\/lexikon\/wp-json\/wp\/v2\/media?parent=5732"}],"wp:term":[{"taxonomy":"product_brand","embeddable":true,"href":"https:\/\/uj.adatbank.ro\/lexikon\/wp-json\/wp\/v2\/product_brand?post=5732"},{"taxonomy":"product_cat","embeddable":true,"href":"https:\/\/uj.adatbank.ro\/lexikon\/wp-json\/wp\/v2\/product_cat?post=5732"},{"taxonomy":"product_tag","embeddable":true,"href":"https:\/\/uj.adatbank.ro\/lexikon\/wp-json\/wp\/v2\/product_tag?post=5732"}],"curies":[{"name":"wp","href":"https:\/\/api.w.org\/{rel}","templated":true}]}}