{"id":5736,"date":"2025-06-28T17:28:09","date_gmt":"2025-06-28T15:28:09","guid":{"rendered":"https:\/\/uj.adatbank.ro\/lexikon\/termek\/ciubara-david\/"},"modified":"2025-06-28T17:28:09","modified_gmt":"2025-06-28T15:28:09","slug":"ciubara-david","status":"publish","type":"product","link":"https:\/\/uj.adatbank.ro\/lexikon\/termek\/ciubara-david\/","title":{"rendered":"CIUBARA David"},"content":{"rendered":"<p>Pocimb\u0103u\u0163i, 1906. m\u00e1j. 21. \u2020 Szamos\u00fajv\u00e1r, ? : tisztvisel\u0151 \u2013 Mv.-en volt tisztvisel\u0151, csend\u0151r. A Faliboga \u2013f\u00e9le \u00f6sszeesk\u00fcv\u00e9s 4. csoportj\u00e1nak tagja. A szervezethez csatlakozott (1955). a feladata volt \u00faj tagok toborz\u00e1sa f\u0151k\u00e9nt a volt csend\u0151r\u00f6k \u00e9s rend\u0151r\u00f6k k\u00f6r\u00e9ben. A feladata volt, hogy seg\u00edts\u00e9g\u00fckkel a hatalom megszerz\u00e9se ut\u00e1n l\u00e1ssa el a rendfenntart\u00e1st. Letart\u00f3ztatt\u00e1k (1956. dec 7.). El\u00edt\u00e9lt\u00e9k (1956). <br \/><strong>Irod.:<\/strong> \u00c1ldozatok<\/br><\/p>\n","protected":false},"excerpt":{"rendered":"<p>Pocimb\u0103u\u0163i, 1906. m\u00e1j. 21. \u2020 Szamos\u00fajv\u00e1r, ? : tisztvisel\u0151 \u2013 Mv.-en volt tisztvisel\u0151, csend\u0151r. A Faliboga \u2013f\u00e9le \u00f6sszeesk\u00fcv\u00e9s 4. csoportj\u00e1nak tagja. A szervezethez csatlakozott (1955). a feladata volt \u00faj tagok toborz\u00e1sa f\u0151k\u00e9nt a volt csend\u0151r\u00f6k \u00e9s rend\u0151r\u00f6k k\u00f6r\u00e9ben. A feladata volt, hogy seg\u00edts\u00e9g\u00fckkel a hatalom megszerz\u00e9se ut\u00e1n l\u00e1ssa el a rendfenntart\u00e1st. Letart\u00f3ztatt\u00e1k (1956. dec 7.). [&hellip;]<\/p>\n","protected":false},"featured_media":0,"comment_status":"open","ping_status":"closed","template":"","meta":[],"product_brand":[],"product_cat":[137],"product_tag":[],"class_list":{"0":"post-5736","1":"product","2":"type-product","3":"status-publish","5":"product_cat-maros-megyei-eletrajzi-lexikon","7":"first","8":"instock","9":"shipping-taxable","10":"product-type-simple"},"_links":{"self":[{"href":"https:\/\/uj.adatbank.ro\/lexikon\/wp-json\/wp\/v2\/product\/5736","targetHints":{"allow":["GET"]}}],"collection":[{"href":"https:\/\/uj.adatbank.ro\/lexikon\/wp-json\/wp\/v2\/product"}],"about":[{"href":"https:\/\/uj.adatbank.ro\/lexikon\/wp-json\/wp\/v2\/types\/product"}],"replies":[{"embeddable":true,"href":"https:\/\/uj.adatbank.ro\/lexikon\/wp-json\/wp\/v2\/comments?post=5736"}],"wp:attachment":[{"href":"https:\/\/uj.adatbank.ro\/lexikon\/wp-json\/wp\/v2\/media?parent=5736"}],"wp:term":[{"taxonomy":"product_brand","embeddable":true,"href":"https:\/\/uj.adatbank.ro\/lexikon\/wp-json\/wp\/v2\/product_brand?post=5736"},{"taxonomy":"product_cat","embeddable":true,"href":"https:\/\/uj.adatbank.ro\/lexikon\/wp-json\/wp\/v2\/product_cat?post=5736"},{"taxonomy":"product_tag","embeddable":true,"href":"https:\/\/uj.adatbank.ro\/lexikon\/wp-json\/wp\/v2\/product_tag?post=5736"}],"curies":[{"name":"wp","href":"https:\/\/api.w.org\/{rel}","templated":true}]}}