{"id":5737,"date":"2025-06-28T17:28:11","date_gmt":"2025-06-28T15:28:11","guid":{"rendered":"https:\/\/uj.adatbank.ro\/lexikon\/termek\/ciubotariu-gavril\/"},"modified":"2025-06-28T17:28:11","modified_gmt":"2025-06-28T15:28:11","slug":"ciubotariu-gavril","status":"publish","type":"product","link":"https:\/\/uj.adatbank.ro\/lexikon\/termek\/ciubotariu-gavril\/","title":{"rendered":"CIUBOTARIU Gavril"},"content":{"rendered":"<p>? \u2020 ? : g\u00f6r. kat. pap. \u2013 G\u00f6rg\u00e9nyben volt pap. Jelent\u00e9st tett a konziszt\u00f3riumhoz, amelyben felh\u00edvja a figyelmet arra, h. a k\u00f6rnyez\u0151 falvak g\u00f6r. kat. papjai m. nyelv\u0171 misek\u00f6nyveket \u00e9s m\u00e1s egyh\u00e1zi k\u00f6nyveket v\u00e1s\u00e1roltak (1884), ami persze r\u00f6gt\u00f6n cselekv\u00e9sre k\u00e9sztette a konziszt\u00f3riumot Gyulafeh\u00e9rv\u00e1ron, Sz\u00e1szr\u00e9genben, Bal\u00e1zsfalv\u00e1n tiltakoz\u00f3 gy\u0171l\u00e9seket szerveztek a magyaros\u00edt\u00e1s ellen (1912). <br \/><strong>Irod.:<\/strong> Traian Popa: Tg. M.<\/br><\/p>\n","protected":false},"excerpt":{"rendered":"<p>? \u2020 ? : g\u00f6r. kat. pap. \u2013 G\u00f6rg\u00e9nyben volt pap. Jelent\u00e9st tett a konziszt\u00f3riumhoz, amelyben felh\u00edvja a figyelmet arra, h. a k\u00f6rnyez\u0151 falvak g\u00f6r. kat. papjai m. nyelv\u0171 misek\u00f6nyveket \u00e9s m\u00e1s egyh\u00e1zi k\u00f6nyveket v\u00e1s\u00e1roltak (1884), ami persze r\u00f6gt\u00f6n cselekv\u00e9sre k\u00e9sztette a konziszt\u00f3riumot Gyulafeh\u00e9rv\u00e1ron, Sz\u00e1szr\u00e9genben, Bal\u00e1zsfalv\u00e1n tiltakoz\u00f3 gy\u0171l\u00e9seket szerveztek a magyaros\u00edt\u00e1s ellen (1912). Irod.: Traian [&hellip;]<\/p>\n","protected":false},"featured_media":0,"comment_status":"open","ping_status":"closed","template":"","meta":[],"product_brand":[],"product_cat":[137],"product_tag":[],"class_list":{"0":"post-5737","1":"product","2":"type-product","3":"status-publish","5":"product_cat-maros-megyei-eletrajzi-lexikon","7":"first","8":"instock","9":"shipping-taxable","10":"product-type-simple"},"_links":{"self":[{"href":"https:\/\/uj.adatbank.ro\/lexikon\/wp-json\/wp\/v2\/product\/5737","targetHints":{"allow":["GET"]}}],"collection":[{"href":"https:\/\/uj.adatbank.ro\/lexikon\/wp-json\/wp\/v2\/product"}],"about":[{"href":"https:\/\/uj.adatbank.ro\/lexikon\/wp-json\/wp\/v2\/types\/product"}],"replies":[{"embeddable":true,"href":"https:\/\/uj.adatbank.ro\/lexikon\/wp-json\/wp\/v2\/comments?post=5737"}],"wp:attachment":[{"href":"https:\/\/uj.adatbank.ro\/lexikon\/wp-json\/wp\/v2\/media?parent=5737"}],"wp:term":[{"taxonomy":"product_brand","embeddable":true,"href":"https:\/\/uj.adatbank.ro\/lexikon\/wp-json\/wp\/v2\/product_brand?post=5737"},{"taxonomy":"product_cat","embeddable":true,"href":"https:\/\/uj.adatbank.ro\/lexikon\/wp-json\/wp\/v2\/product_cat?post=5737"},{"taxonomy":"product_tag","embeddable":true,"href":"https:\/\/uj.adatbank.ro\/lexikon\/wp-json\/wp\/v2\/product_tag?post=5737"}],"curies":[{"name":"wp","href":"https:\/\/api.w.org\/{rel}","templated":true}]}}