{"id":5738,"date":"2025-06-28T17:28:14","date_gmt":"2025-06-28T15:28:14","guid":{"rendered":"https:\/\/uj.adatbank.ro\/lexikon\/termek\/ciugudean-cornel-dr-ciugudean-kornel-ciugudeanu-cornel\/"},"modified":"2025-06-28T17:28:14","modified_gmt":"2025-06-28T15:28:14","slug":"ciugudean-cornel-dr-ciugudean-kornel-ciugudeanu-cornel","status":"publish","type":"product","link":"https:\/\/uj.adatbank.ro\/lexikon\/termek\/ciugudean-cornel-dr-ciugudean-kornel-ciugudeanu-cornel\/","title":{"rendered":"CIUGUDEAN Cornel, dr, Ciugudean Korn\u00e9l, Ciugudeanu Cornel"},"content":{"rendered":"<p>Zetelaka, 1924. j\u00fan. 20., \u2020 Mv., 1994. szept. 5.: ortop\u00e9d f\u0151orvos, seb\u00e9sz, professzor. \u2013 Feles\u00e9ge: Veress S\u00e1ndor orvos unok\u00e1ja: Izabella?. Az elemi iskol\u00e1t sz\u00fcl\u0151faluj\u00e1ban, a k\u00f6z\u00e9piskol\u00e1t Sz\u00e9kelyudvarhelyen majd Gyulafeh\u00e9rv\u00e1ron\u00a0v\u00e9gezte; az orvosi tanulm\u00e1nyait Ia\u015fi-ban az Al. Ioan Cuza Egyetemen kezdte (1943) \u00e9s Mv.-en az OGYI-ban felyezte be (1949), doktor\u00e1lt (1972), a m\u00fcnsteri Westfalia egyetem Klinik\u00e1j\u00e1n dr. docens c. kapott (1973). Gyakornok Mv.-en a N\u0151gy\u00f3gy\u00e1szati- , Seb\u00e9szeti- Urol\u00f3giai Klinik\u00e1kon (1949. febr. 1. \u201351); tan\u00e1rseg\u00e9d a Seb\u00e9szeti Klinik\u00e1n (1951. j\u00fan. 1. \u2013); k\u00f3rh\u00e1zi orvos az Ortop\u00e9diai Klinik\u00e1n (1952\u2013), f\u0151orvos, adjunktus (1959\u201374); a m\u00fcnsteri Westfalia egyetem Ortop\u00e9diai \u00e9s Traumatol\u00f3giai oszt\u00e1ly\u00e1n dolgozott (1973\u201374); visszaj\u00f6tt a MOGYI Ortop\u00e9dia diszcipl\u00edna vezet\u0151je (1981\u2013), rom\u00e1n \u2013 \u00e9s m. nyelv\u0171 el\u0151ad\u00e1sokat tartott, professzor (1990. jan. 10. \u201394); konzult\u00e1ns prof. (1992-hal\u00e1l\u00e1ig). A securitate megfigyeltette (1952 k. -, 1964 k.). 20 \u00e9vig f\u0151n\u00f6ke az Ortop\u00e9diai Klinik\u00e1nak, 9 \u00e9vig igazgat\u00f3ja a s\u00fcrg\u00f6ss\u00e9gi szolg\u00e1latnak, 6 \u00e9vig igazgat\u00f3ja a fizet\u00e9ses Poliklinik\u00e1nak. Eur\u00f3pai h\u00edr\u0171v\u00e9 tett\u00e9k csip\u0151iz\u00fclet-implant\u00e1ci\u00f3s m\u0171t\u00e9tei. Sz\u00e1mos tudom\u00e1nyos dolgozat, tank\u00f6nyv szerz\u0151je, \u00faj eredeti oper\u00e1ci\u00f3s technik\u00e1k feltal\u00e1l\u00f3ja, t\u00f6bb hazai \u00e9s k\u00fclf\u00f6ldi tudom\u00e1nyos t\u00e1rsas\u00e1g tagja, pl. tagja a Heinrich Herz D\u00fcsseldorf Alap\u00edtv\u00e1nynak \u00e9s a Nordwest-Deutscher Orthop\u00e4den-nek (1974\u2013), a Deutsche Geselschaft f\u00fcr Orthopedie und Traumatologie t\u00e1rsas\u00e1gnak (1980\u2013). Mv.-en utca viseli a nev\u00e9t. \u2013 <strong>F. m.:<\/strong> Regenerarea \u015fi transplantarea cartilagiului epeifizar \u015fi diartroidal: Rezumatul tezei pentru ob\u0163inerea titlului doctor \u00een medicin\u0103 (Tg. M., 1971); <strong>t\u00e1rssz.:<\/strong> Seb\u00e9szeti jegyzet. 1\u20132 k\u00f6t. (Mv., 1953); Transplant\u0103ri \u015fi grefe osoase \u015fi cartilaginoase (Buc., 1975). <br \/><strong>Irod.:<\/strong> Bartos 2012; C. L. (1994., szept. 7.); Genersich; [Nekrol\u00f3g] (N\u00fa., 1994. szept. 6.; 1994. szept. 7.); Kiss Cs. M 4; M\u00e1th\u00e9 Levente; Nagy Mikl\u00f3s Kund: A t\u00e1voz\u00e1sra felsz\u00f3l\u00edtottak n\u00e9vsora (N\u00fa., 1991. j\u00fan. 18.); Orvostudom\u00e1nyi \u00c9rtes\u00edt\u0151 (1996); Barab\u00e1s-P\u00e9ter M.\u2013P\u00e9ter H. M.; Pop Tofolean-F\u00fcl\u00f6p; Todea\u2013F\u00fcl\u00f6p\u2013Avram<\/br><\/p>\n","protected":false},"excerpt":{"rendered":"<p>Zetelaka, 1924. j\u00fan. 20., \u2020 Mv., 1994. szept. 5.: ortop\u00e9d f\u0151orvos, seb\u00e9sz, professzor. \u2013 Feles\u00e9ge: Veress S\u00e1ndor orvos unok\u00e1ja: Izabella?. Az elemi iskol\u00e1t sz\u00fcl\u0151faluj\u00e1ban, a k\u00f6z\u00e9piskol\u00e1t Sz\u00e9kelyudvarhelyen majd Gyulafeh\u00e9rv\u00e1ron\u00a0v\u00e9gezte; az orvosi tanulm\u00e1nyait Ia\u015fi-ban az Al. Ioan Cuza Egyetemen kezdte (1943) \u00e9s Mv.-en az OGYI-ban felyezte be (1949), doktor\u00e1lt (1972), a m\u00fcnsteri Westfalia egyetem Klinik\u00e1j\u00e1n dr. [&hellip;]<\/p>\n","protected":false},"featured_media":0,"comment_status":"open","ping_status":"closed","template":"","meta":[],"product_brand":[],"product_cat":[137],"product_tag":[],"class_list":{"0":"post-5738","1":"product","2":"type-product","3":"status-publish","5":"product_cat-maros-megyei-eletrajzi-lexikon","7":"first","8":"instock","9":"shipping-taxable","10":"product-type-simple"},"_links":{"self":[{"href":"https:\/\/uj.adatbank.ro\/lexikon\/wp-json\/wp\/v2\/product\/5738","targetHints":{"allow":["GET"]}}],"collection":[{"href":"https:\/\/uj.adatbank.ro\/lexikon\/wp-json\/wp\/v2\/product"}],"about":[{"href":"https:\/\/uj.adatbank.ro\/lexikon\/wp-json\/wp\/v2\/types\/product"}],"replies":[{"embeddable":true,"href":"https:\/\/uj.adatbank.ro\/lexikon\/wp-json\/wp\/v2\/comments?post=5738"}],"wp:attachment":[{"href":"https:\/\/uj.adatbank.ro\/lexikon\/wp-json\/wp\/v2\/media?parent=5738"}],"wp:term":[{"taxonomy":"product_brand","embeddable":true,"href":"https:\/\/uj.adatbank.ro\/lexikon\/wp-json\/wp\/v2\/product_brand?post=5738"},{"taxonomy":"product_cat","embeddable":true,"href":"https:\/\/uj.adatbank.ro\/lexikon\/wp-json\/wp\/v2\/product_cat?post=5738"},{"taxonomy":"product_tag","embeddable":true,"href":"https:\/\/uj.adatbank.ro\/lexikon\/wp-json\/wp\/v2\/product_tag?post=5738"}],"curies":[{"name":"wp","href":"https:\/\/api.w.org\/{rel}","templated":true}]}}