{"id":5743,"date":"2025-06-28T17:28:21","date_gmt":"2025-06-28T15:28:21","guid":{"rendered":"https:\/\/uj.adatbank.ro\/lexikon\/termek\/ciupe-ioan-%c2%a7-ciupe-ionel\/"},"modified":"2025-06-28T17:28:21","modified_gmt":"2025-06-28T15:28:21","slug":"ciupe-ioan-%c2%a7-ciupe-ionel","status":"publish","type":"product","link":"https:\/\/uj.adatbank.ro\/lexikon\/termek\/ciupe-ioan-%c2%a7-ciupe-ionel\/","title":{"rendered":"CIUPE Ioan, \u00a7 Ciupe Ionel"},"content":{"rendered":"<p>? \u2020\u00a0? : \u00fcgyv\u00e9d, politikus, k\u00e9pvisel\u0151. \u2013 A Nenzeti Liber\u00e1lis P\u00e1rt titk\u00e1ra Maros megy\u00e9ben. Parlamenti k\u00e9pvisel\u0151 (1931), v\u00e1rosi tan\u00e1csos (1931). \u2013 <strong>F. m.:<\/strong> Statutele organiza\u0163iunii Partidului Na\u0163ional Liberal din jud. Mure\u015f (Tg. M., 1935). <br \/><strong>Irod.:<\/strong> F\u00fcl\u00f6p\u2013Ferencz; Id\u0151t\u00e1r 3<\/br><\/p>\n","protected":false},"excerpt":{"rendered":"<p>? \u2020\u00a0? : \u00fcgyv\u00e9d, politikus, k\u00e9pvisel\u0151. \u2013 A Nenzeti Liber\u00e1lis P\u00e1rt titk\u00e1ra Maros megy\u00e9ben. Parlamenti k\u00e9pvisel\u0151 (1931), v\u00e1rosi tan\u00e1csos (1931). \u2013 F. m.: Statutele organiza\u0163iunii Partidului Na\u0163ional Liberal din jud. Mure\u015f (Tg. M., 1935). Irod.: F\u00fcl\u00f6p\u2013Ferencz; Id\u0151t\u00e1r 3<\/p>\n","protected":false},"featured_media":0,"comment_status":"open","ping_status":"closed","template":"","meta":[],"product_brand":[],"product_cat":[137],"product_tag":[],"class_list":{"0":"post-5743","1":"product","2":"type-product","3":"status-publish","5":"product_cat-maros-megyei-eletrajzi-lexikon","7":"first","8":"instock","9":"shipping-taxable","10":"product-type-simple"},"_links":{"self":[{"href":"https:\/\/uj.adatbank.ro\/lexikon\/wp-json\/wp\/v2\/product\/5743","targetHints":{"allow":["GET"]}}],"collection":[{"href":"https:\/\/uj.adatbank.ro\/lexikon\/wp-json\/wp\/v2\/product"}],"about":[{"href":"https:\/\/uj.adatbank.ro\/lexikon\/wp-json\/wp\/v2\/types\/product"}],"replies":[{"embeddable":true,"href":"https:\/\/uj.adatbank.ro\/lexikon\/wp-json\/wp\/v2\/comments?post=5743"}],"wp:attachment":[{"href":"https:\/\/uj.adatbank.ro\/lexikon\/wp-json\/wp\/v2\/media?parent=5743"}],"wp:term":[{"taxonomy":"product_brand","embeddable":true,"href":"https:\/\/uj.adatbank.ro\/lexikon\/wp-json\/wp\/v2\/product_brand?post=5743"},{"taxonomy":"product_cat","embeddable":true,"href":"https:\/\/uj.adatbank.ro\/lexikon\/wp-json\/wp\/v2\/product_cat?post=5743"},{"taxonomy":"product_tag","embeddable":true,"href":"https:\/\/uj.adatbank.ro\/lexikon\/wp-json\/wp\/v2\/product_tag?post=5743"}],"curies":[{"name":"wp","href":"https:\/\/api.w.org\/{rel}","templated":true}]}}