{"id":5745,"date":"2025-06-28T17:28:28","date_gmt":"2025-06-28T15:28:28","guid":{"rendered":"https:\/\/uj.adatbank.ro\/lexikon\/termek\/ciurca-nicola-%c2%a7\/"},"modified":"2025-06-28T17:28:28","modified_gmt":"2025-06-28T15:28:28","slug":"ciurca-nicola-%c2%a7","status":"publish","type":"product","link":"https:\/\/uj.adatbank.ro\/lexikon\/termek\/ciurca-nicola-%c2%a7\/","title":{"rendered":"CIURC\u0102 Nicola, \u00a7"},"content":{"rendered":"<p>1941., \u2020 Mv., 1998. szept.: tan\u00e1r. \u2013 Tan\u00e1ri p\u00e1ly\u00e1j\u00e1t Dics\u0151szentm\u00e1rtonban kezdte (1964\u2013); tanfel\u00fcgyel\u00f6 Mv.-en; a Papiu Ilarian L\u00edc.-ban matematika tan\u00e1r (1990\u201394), majd igazgat\u00f3 (1994. szept. 1. \u201398. szept. 1.). <br \/><strong>Irod.:<\/strong> C. L. (1998. szept. 22.); Papiu<\/br><\/p>\n","protected":false},"excerpt":{"rendered":"<p>1941., \u2020 Mv., 1998. szept.: tan\u00e1r. \u2013 Tan\u00e1ri p\u00e1ly\u00e1j\u00e1t Dics\u0151szentm\u00e1rtonban kezdte (1964\u2013); tanfel\u00fcgyel\u00f6 Mv.-en; a Papiu Ilarian L\u00edc.-ban matematika tan\u00e1r (1990\u201394), majd igazgat\u00f3 (1994. szept. 1. \u201398. szept. 1.). Irod.: C. L. (1998. szept. 22.); Papiu<\/p>\n","protected":false},"featured_media":0,"comment_status":"open","ping_status":"closed","template":"","meta":[],"product_brand":[],"product_cat":[137],"product_tag":[],"class_list":{"0":"post-5745","1":"product","2":"type-product","3":"status-publish","5":"product_cat-maros-megyei-eletrajzi-lexikon","7":"first","8":"instock","9":"shipping-taxable","10":"product-type-simple"},"_links":{"self":[{"href":"https:\/\/uj.adatbank.ro\/lexikon\/wp-json\/wp\/v2\/product\/5745","targetHints":{"allow":["GET"]}}],"collection":[{"href":"https:\/\/uj.adatbank.ro\/lexikon\/wp-json\/wp\/v2\/product"}],"about":[{"href":"https:\/\/uj.adatbank.ro\/lexikon\/wp-json\/wp\/v2\/types\/product"}],"replies":[{"embeddable":true,"href":"https:\/\/uj.adatbank.ro\/lexikon\/wp-json\/wp\/v2\/comments?post=5745"}],"wp:attachment":[{"href":"https:\/\/uj.adatbank.ro\/lexikon\/wp-json\/wp\/v2\/media?parent=5745"}],"wp:term":[{"taxonomy":"product_brand","embeddable":true,"href":"https:\/\/uj.adatbank.ro\/lexikon\/wp-json\/wp\/v2\/product_brand?post=5745"},{"taxonomy":"product_cat","embeddable":true,"href":"https:\/\/uj.adatbank.ro\/lexikon\/wp-json\/wp\/v2\/product_cat?post=5745"},{"taxonomy":"product_tag","embeddable":true,"href":"https:\/\/uj.adatbank.ro\/lexikon\/wp-json\/wp\/v2\/product_tag?post=5745"}],"curies":[{"name":"wp","href":"https:\/\/api.w.org\/{rel}","templated":true}]}}