{"id":5746,"date":"2025-06-28T17:28:29","date_gmt":"2025-06-28T15:28:29","guid":{"rendered":"https:\/\/uj.adatbank.ro\/lexikon\/termek\/ciurdaru-ion\/"},"modified":"2025-06-28T17:28:29","modified_gmt":"2025-06-28T15:28:29","slug":"ciurdaru-ion","status":"publish","type":"product","link":"https:\/\/uj.adatbank.ro\/lexikon\/termek\/ciurdaru-ion\/","title":{"rendered":"CIURDARU Ion"},"content":{"rendered":"<p>Tataros, 1936. febr. 12., \u2020 Mv., 2006. \u00e1pr. 2.: \u00fajs\u00e1g\u00edr\u00f3. \u2013 Az elemi \u00e9s k\u00f6z\u00e9piskol\u00e1t a brass\u00f3i lic.-ban, az egyetemet Kv.-on a filologia karon v\u00e9gezte. Tan\u00e1r Sz\u00e1szd\u00e1ly\u00e1n (1966\u2013). Szerk. a mv.-i Steaua Ro\u015fie majd Cuv\u00e2ntul Liber c. napilapn\u00e1l, onnan nyugd\u00edjazt\u00e1k (2000). Szakter\u00fclete az iskola\u00fcgy \u00e9s a m\u0171vel\u0151d\u00e9s Maros megy\u00e9ben. <br \/><strong>Irod.:<\/strong> Todea 2013<\/br><\/p>\n","protected":false},"excerpt":{"rendered":"<p>Tataros, 1936. febr. 12., \u2020 Mv., 2006. \u00e1pr. 2.: \u00fajs\u00e1g\u00edr\u00f3. \u2013 Az elemi \u00e9s k\u00f6z\u00e9piskol\u00e1t a brass\u00f3i lic.-ban, az egyetemet Kv.-on a filologia karon v\u00e9gezte. Tan\u00e1r Sz\u00e1szd\u00e1ly\u00e1n (1966\u2013). Szerk. a mv.-i Steaua Ro\u015fie majd Cuv\u00e2ntul Liber c. napilapn\u00e1l, onnan nyugd\u00edjazt\u00e1k (2000). Szakter\u00fclete az iskola\u00fcgy \u00e9s a m\u0171vel\u0151d\u00e9s Maros megy\u00e9ben. Irod.: Todea 2013<\/p>\n","protected":false},"featured_media":0,"comment_status":"open","ping_status":"closed","template":"","meta":[],"product_brand":[],"product_cat":[137],"product_tag":[],"class_list":{"0":"post-5746","1":"product","2":"type-product","3":"status-publish","5":"product_cat-maros-megyei-eletrajzi-lexikon","7":"first","8":"instock","9":"shipping-taxable","10":"product-type-simple"},"_links":{"self":[{"href":"https:\/\/uj.adatbank.ro\/lexikon\/wp-json\/wp\/v2\/product\/5746","targetHints":{"allow":["GET"]}}],"collection":[{"href":"https:\/\/uj.adatbank.ro\/lexikon\/wp-json\/wp\/v2\/product"}],"about":[{"href":"https:\/\/uj.adatbank.ro\/lexikon\/wp-json\/wp\/v2\/types\/product"}],"replies":[{"embeddable":true,"href":"https:\/\/uj.adatbank.ro\/lexikon\/wp-json\/wp\/v2\/comments?post=5746"}],"wp:attachment":[{"href":"https:\/\/uj.adatbank.ro\/lexikon\/wp-json\/wp\/v2\/media?parent=5746"}],"wp:term":[{"taxonomy":"product_brand","embeddable":true,"href":"https:\/\/uj.adatbank.ro\/lexikon\/wp-json\/wp\/v2\/product_brand?post=5746"},{"taxonomy":"product_cat","embeddable":true,"href":"https:\/\/uj.adatbank.ro\/lexikon\/wp-json\/wp\/v2\/product_cat?post=5746"},{"taxonomy":"product_tag","embeddable":true,"href":"https:\/\/uj.adatbank.ro\/lexikon\/wp-json\/wp\/v2\/product_tag?post=5746"}],"curies":[{"name":"wp","href":"https:\/\/api.w.org\/{rel}","templated":true}]}}