{"id":5748,"date":"2025-06-28T17:28:33","date_gmt":"2025-06-28T15:28:33","guid":{"rendered":"https:\/\/uj.adatbank.ro\/lexikon\/termek\/ciurus-theodor-ciurus-teodor\/"},"modified":"2025-06-28T17:28:33","modified_gmt":"2025-06-28T15:28:33","slug":"ciurus-theodor-ciurus-teodor","status":"publish","type":"product","link":"https:\/\/uj.adatbank.ro\/lexikon\/termek\/ciurus-theodor-ciurus-teodor\/","title":{"rendered":"CIURU\u015e Theodor, Ciuru\u015f Teodor"},"content":{"rendered":"<p>D\u00f6gmez\u0151, Istv\u00e1nmez\u0151, 1901, \u2020 ? : ort. pap. \u2013 Megn\u0151s\u00fclt. Nagyv\u00e1radon v\u00e9gezte a teol\u00f3giai tanulm\u00e1nyait. Brass\u00f3ba menek\u00fclt (1920\u201340). Kinevezt\u00e9k a mv.-i f\u0151t\u00e9ri ort. katedr\u00e1lis lelk\u00e9sz pl\u00e9b\u00e1nos, esperes\u00e9nek (1946. febr. 24. \u201349-ig). <br \/><strong>Irod.:<\/strong> Id\u0151t\u00e1r 4; \u015eincan\u2013B\u0103ciu\u0163 2006<\/br><\/p>\n","protected":false},"excerpt":{"rendered":"<p>D\u00f6gmez\u0151, Istv\u00e1nmez\u0151, 1901, \u2020 ? : ort. pap. \u2013 Megn\u0151s\u00fclt. Nagyv\u00e1radon v\u00e9gezte a teol\u00f3giai tanulm\u00e1nyait. Brass\u00f3ba menek\u00fclt (1920\u201340). Kinevezt\u00e9k a mv.-i f\u0151t\u00e9ri ort. katedr\u00e1lis lelk\u00e9sz pl\u00e9b\u00e1nos, esperes\u00e9nek (1946. febr. 24. \u201349-ig). Irod.: Id\u0151t\u00e1r 4; \u015eincan\u2013B\u0103ciu\u0163 2006<\/p>\n","protected":false},"featured_media":0,"comment_status":"open","ping_status":"closed","template":"","meta":[],"product_brand":[],"product_cat":[137],"product_tag":[],"class_list":{"0":"post-5748","1":"product","2":"type-product","3":"status-publish","5":"product_cat-maros-megyei-eletrajzi-lexikon","7":"first","8":"instock","9":"shipping-taxable","10":"product-type-simple"},"_links":{"self":[{"href":"https:\/\/uj.adatbank.ro\/lexikon\/wp-json\/wp\/v2\/product\/5748","targetHints":{"allow":["GET"]}}],"collection":[{"href":"https:\/\/uj.adatbank.ro\/lexikon\/wp-json\/wp\/v2\/product"}],"about":[{"href":"https:\/\/uj.adatbank.ro\/lexikon\/wp-json\/wp\/v2\/types\/product"}],"replies":[{"embeddable":true,"href":"https:\/\/uj.adatbank.ro\/lexikon\/wp-json\/wp\/v2\/comments?post=5748"}],"wp:attachment":[{"href":"https:\/\/uj.adatbank.ro\/lexikon\/wp-json\/wp\/v2\/media?parent=5748"}],"wp:term":[{"taxonomy":"product_brand","embeddable":true,"href":"https:\/\/uj.adatbank.ro\/lexikon\/wp-json\/wp\/v2\/product_brand?post=5748"},{"taxonomy":"product_cat","embeddable":true,"href":"https:\/\/uj.adatbank.ro\/lexikon\/wp-json\/wp\/v2\/product_cat?post=5748"},{"taxonomy":"product_tag","embeddable":true,"href":"https:\/\/uj.adatbank.ro\/lexikon\/wp-json\/wp\/v2\/product_tag?post=5748"}],"curies":[{"name":"wp","href":"https:\/\/api.w.org\/{rel}","templated":true}]}}