{"id":5749,"date":"2025-06-28T17:28:36","date_gmt":"2025-06-28T15:28:36","guid":{"rendered":"https:\/\/uj.adatbank.ro\/lexikon\/termek\/clam-gallas-eduard\/"},"modified":"2025-06-28T17:28:36","modified_gmt":"2025-06-28T15:28:36","slug":"clam-gallas-eduard","status":"publish","type":"product","link":"https:\/\/uj.adatbank.ro\/lexikon\/termek\/clam-gallas-eduard\/","title":{"rendered":"CLAM Gallas Eduard"},"content":{"rendered":"<p>? \u2020\u00a0? : gr., osztr\u00e1k alt\u00e1bornagy. \u2013 Mv.-re 40 ezer forint hadisarcot vetett ki (1849 \u0151sz\u00e9n). <br \/><strong>Irod.:<\/strong> Benk\u0151 K.: Mv.<\/br><\/p>\n","protected":false},"excerpt":{"rendered":"<p>? \u2020\u00a0? : gr., osztr\u00e1k alt\u00e1bornagy. \u2013 Mv.-re 40 ezer forint hadisarcot vetett ki (1849 \u0151sz\u00e9n). Irod.: Benk\u0151 K.: Mv.<\/p>\n","protected":false},"featured_media":0,"comment_status":"open","ping_status":"closed","template":"","meta":[],"product_brand":[],"product_cat":[137],"product_tag":[],"class_list":{"0":"post-5749","1":"product","2":"type-product","3":"status-publish","5":"product_cat-maros-megyei-eletrajzi-lexikon","7":"first","8":"instock","9":"shipping-taxable","10":"product-type-simple"},"_links":{"self":[{"href":"https:\/\/uj.adatbank.ro\/lexikon\/wp-json\/wp\/v2\/product\/5749","targetHints":{"allow":["GET"]}}],"collection":[{"href":"https:\/\/uj.adatbank.ro\/lexikon\/wp-json\/wp\/v2\/product"}],"about":[{"href":"https:\/\/uj.adatbank.ro\/lexikon\/wp-json\/wp\/v2\/types\/product"}],"replies":[{"embeddable":true,"href":"https:\/\/uj.adatbank.ro\/lexikon\/wp-json\/wp\/v2\/comments?post=5749"}],"wp:attachment":[{"href":"https:\/\/uj.adatbank.ro\/lexikon\/wp-json\/wp\/v2\/media?parent=5749"}],"wp:term":[{"taxonomy":"product_brand","embeddable":true,"href":"https:\/\/uj.adatbank.ro\/lexikon\/wp-json\/wp\/v2\/product_brand?post=5749"},{"taxonomy":"product_cat","embeddable":true,"href":"https:\/\/uj.adatbank.ro\/lexikon\/wp-json\/wp\/v2\/product_cat?post=5749"},{"taxonomy":"product_tag","embeddable":true,"href":"https:\/\/uj.adatbank.ro\/lexikon\/wp-json\/wp\/v2\/product_tag?post=5749"}],"curies":[{"name":"wp","href":"https:\/\/api.w.org\/{rel}","templated":true}]}}