{"id":5750,"date":"2025-06-28T17:28:39","date_gmt":"2025-06-28T15:28:39","guid":{"rendered":"https:\/\/uj.adatbank.ro\/lexikon\/termek\/clemens-andreas\/"},"modified":"2025-06-28T17:28:39","modified_gmt":"2025-06-28T15:28:39","slug":"clemens-andreas","status":"publish","type":"product","link":"https:\/\/uj.adatbank.ro\/lexikon\/termek\/clemens-andreas\/","title":{"rendered":"CLEMENS Andreas"},"content":{"rendered":"<p>Segesv\u00e1r, 1742. febr. 26., \u2020 Botfalu, 1815. nov. 18.: ev. lelk\u00e9sz, tan\u00e1r. \u2013 Tanult Brass\u00f3ban, T\u00fcbingenben (1769); tan\u00e1r Brass\u00f3ban majd Botfalu-ban (1795\u2013). <br \/><strong>Irod.:<\/strong> Predescu; Szab\u00f3\u2013Sz\u00f6gi, Szinnyei; Veress<\/br><\/p>\n","protected":false},"excerpt":{"rendered":"<p>Segesv\u00e1r, 1742. febr. 26., \u2020 Botfalu, 1815. nov. 18.: ev. lelk\u00e9sz, tan\u00e1r. \u2013 Tanult Brass\u00f3ban, T\u00fcbingenben (1769); tan\u00e1r Brass\u00f3ban majd Botfalu-ban (1795\u2013). Irod.: Predescu; Szab\u00f3\u2013Sz\u00f6gi, Szinnyei; Veress<\/p>\n","protected":false},"featured_media":0,"comment_status":"open","ping_status":"closed","template":"","meta":[],"product_brand":[],"product_cat":[137],"product_tag":[],"class_list":{"0":"post-5750","1":"product","2":"type-product","3":"status-publish","5":"product_cat-maros-megyei-eletrajzi-lexikon","7":"first","8":"instock","9":"shipping-taxable","10":"product-type-simple"},"_links":{"self":[{"href":"https:\/\/uj.adatbank.ro\/lexikon\/wp-json\/wp\/v2\/product\/5750","targetHints":{"allow":["GET"]}}],"collection":[{"href":"https:\/\/uj.adatbank.ro\/lexikon\/wp-json\/wp\/v2\/product"}],"about":[{"href":"https:\/\/uj.adatbank.ro\/lexikon\/wp-json\/wp\/v2\/types\/product"}],"replies":[{"embeddable":true,"href":"https:\/\/uj.adatbank.ro\/lexikon\/wp-json\/wp\/v2\/comments?post=5750"}],"wp:attachment":[{"href":"https:\/\/uj.adatbank.ro\/lexikon\/wp-json\/wp\/v2\/media?parent=5750"}],"wp:term":[{"taxonomy":"product_brand","embeddable":true,"href":"https:\/\/uj.adatbank.ro\/lexikon\/wp-json\/wp\/v2\/product_brand?post=5750"},{"taxonomy":"product_cat","embeddable":true,"href":"https:\/\/uj.adatbank.ro\/lexikon\/wp-json\/wp\/v2\/product_cat?post=5750"},{"taxonomy":"product_tag","embeddable":true,"href":"https:\/\/uj.adatbank.ro\/lexikon\/wp-json\/wp\/v2\/product_tag?post=5750"}],"curies":[{"name":"wp","href":"https:\/\/api.w.org\/{rel}","templated":true}]}}