{"id":5755,"date":"2025-06-28T17:28:47","date_gmt":"2025-06-28T15:28:47","guid":{"rendered":"https:\/\/uj.adatbank.ro\/lexikon\/termek\/cocis-ioan-%c2%a7\/"},"modified":"2025-06-28T17:28:47","modified_gmt":"2025-06-28T15:28:47","slug":"cocis-ioan-%c2%a7","status":"publish","type":"product","link":"https:\/\/uj.adatbank.ro\/lexikon\/termek\/cocis-ioan-%c2%a7\/","title":{"rendered":"COCI\u015e Ioan, \u00a7"},"content":{"rendered":"<p>Marosszentgy\u00f6rgy, 1912. \u00e1pr. 19. \u2020 Marosszentgy\u00f6rgy, ? : tisztvisel\u0151, polg\u00e1rmester. \u2013 Sz\u00fcl\u0151faluj\u00e1ban tanult, 7 o. v\u00e9gzett. A falu polg\u00e1rmestere (1947\u201348), er\u0151fesz\u00edt\u00e9seket tett a falu villamos\u00edt\u00e1s\u00e1\u00e9rt. Tev\u00e9keny r\u00e9sztvev\u0151je volt a falu m\u0171vel\u0151d\u00e9si \u00e9let\u00e9nek. Mv. V\u00e1rosh\u00e1z\u00e1n dolgozott (1932\u201334), majd a h\u00e1bor\u00fa befejez\u00e9se ut\u00e1n is (1944\u201354. dec. 1.). Sz\u00fcl\u0151falujban erd\u00e9sz (1954\u201361). A m\u0171vel\u0151d\u00e9si h\u00e1z igazgat\u00f3ja \u00e9s adminisztr\u00e1tora (1955\u2013). A falu N\u00e9ptan\u00e1cs\u00e1nak k\u00e9pvisel\u0151je nyugd\u00edjaz\u00e1s\u00e1ig (1974). <br \/><strong>Irod.:<\/strong> Opri\u015f; S\u00e2ngeorgiu de Mure\u015f<\/br><\/p>\n","protected":false},"excerpt":{"rendered":"<p>Marosszentgy\u00f6rgy, 1912. \u00e1pr. 19. \u2020 Marosszentgy\u00f6rgy, ? : tisztvisel\u0151, polg\u00e1rmester. \u2013 Sz\u00fcl\u0151faluj\u00e1ban tanult, 7 o. v\u00e9gzett. A falu polg\u00e1rmestere (1947\u201348), er\u0151fesz\u00edt\u00e9seket tett a falu villamos\u00edt\u00e1s\u00e1\u00e9rt. Tev\u00e9keny r\u00e9sztvev\u0151je volt a falu m\u0171vel\u0151d\u00e9si \u00e9let\u00e9nek. Mv. V\u00e1rosh\u00e1z\u00e1n dolgozott (1932\u201334), majd a h\u00e1bor\u00fa befejez\u00e9se ut\u00e1n is (1944\u201354. dec. 1.). Sz\u00fcl\u0151falujban erd\u00e9sz (1954\u201361). A m\u0171vel\u0151d\u00e9si h\u00e1z igazgat\u00f3ja \u00e9s adminisztr\u00e1tora (1955\u2013). [&hellip;]<\/p>\n","protected":false},"featured_media":0,"comment_status":"open","ping_status":"closed","template":"","meta":[],"product_brand":[],"product_cat":[137],"product_tag":[],"class_list":{"0":"post-5755","1":"product","2":"type-product","3":"status-publish","5":"product_cat-maros-megyei-eletrajzi-lexikon","7":"first","8":"instock","9":"shipping-taxable","10":"product-type-simple"},"_links":{"self":[{"href":"https:\/\/uj.adatbank.ro\/lexikon\/wp-json\/wp\/v2\/product\/5755","targetHints":{"allow":["GET"]}}],"collection":[{"href":"https:\/\/uj.adatbank.ro\/lexikon\/wp-json\/wp\/v2\/product"}],"about":[{"href":"https:\/\/uj.adatbank.ro\/lexikon\/wp-json\/wp\/v2\/types\/product"}],"replies":[{"embeddable":true,"href":"https:\/\/uj.adatbank.ro\/lexikon\/wp-json\/wp\/v2\/comments?post=5755"}],"wp:attachment":[{"href":"https:\/\/uj.adatbank.ro\/lexikon\/wp-json\/wp\/v2\/media?parent=5755"}],"wp:term":[{"taxonomy":"product_brand","embeddable":true,"href":"https:\/\/uj.adatbank.ro\/lexikon\/wp-json\/wp\/v2\/product_brand?post=5755"},{"taxonomy":"product_cat","embeddable":true,"href":"https:\/\/uj.adatbank.ro\/lexikon\/wp-json\/wp\/v2\/product_cat?post=5755"},{"taxonomy":"product_tag","embeddable":true,"href":"https:\/\/uj.adatbank.ro\/lexikon\/wp-json\/wp\/v2\/product_tag?post=5755"}],"curies":[{"name":"wp","href":"https:\/\/api.w.org\/{rel}","templated":true}]}}