{"id":5757,"date":"2025-06-28T17:28:52","date_gmt":"2025-06-28T15:28:52","guid":{"rendered":"https:\/\/uj.adatbank.ro\/lexikon\/termek\/cocos-emil-i-%c2%a7\/"},"modified":"2025-06-28T17:28:52","modified_gmt":"2025-06-28T15:28:52","slug":"cocos-emil-i-%c2%a7","status":"publish","type":"product","link":"https:\/\/uj.adatbank.ro\/lexikon\/termek\/cocos-emil-i-%c2%a7\/","title":{"rendered":"COCO\u015e Emil I., \u00a7"},"content":{"rendered":"<p>Sz\u00e1szr\u00e9gen, 1911. nov. 29., \u2020 Sz\u00e1szr\u00e9gen, 1936. \u00e1pr. 5.: tisztvisel\u0151, k\u00f6z\u00edr\u00f3. \u2013 Elemi iskol\u00e1t \u00e9s gimn. -ot Sz\u00e1szr\u00e9genben, a kereskedelmi iskol\u00e1t Mv.-en v\u00e9gezte. Sz\u00e1szr\u00e9genben \u00e9lt, banktisztvisel\u0151 a Mure\u015fana bankban (1932-ig). Ezut\u00e1n l\u00e9tes\u00edtette az els\u0151 rom\u00e1n k\u00f6nyvesboltot Cartea Rom\u00e2neasc\u0103 n\u00e9ven (1932), amelynek c\u00e9lja a kult\u00fara \u00e9s a k\u00f6nyv terjeszt\u00e9se R\u00e9genben \u00e9s k\u00f6rny\u00e9k\u00e9n. A k\u00f6nyvesbolt keret\u00e9ben rom\u00e1n k\u00f6lcs\u00f6nz\u0151 k\u00f6nyvt\u00e1rat nyitott- Biblioteca Rom\u00e2neasc\u0103 de \u00cemprumut Astra n\u00e9ven (1933. j\u00fan. 15.), titk\u00e1ra majd eln\u00f6ke a R\u00e9gen \u00e9s K\u00f6rny\u00e9ke Rom\u00e1n Ifj\u00fas\u00e1gi szervezetnek, amely hal\u00e1la ut\u00e1n feloszlott. Titk\u00e1ra a Corul Rom\u00e2nesc t\u00e1rsas\u00e1gnak, amely sikeres \u00fcnnep\u00e9lyeket szervezett; r\u00e9szt vett az amat\u00f6r szinj\u00e1tsz\u00e1sban, j\u00e1tszott a Vagabondul c. darabban. T\u00e1mogatta az ASTRA munk\u00e1ss\u00e1g\u00e1t. L\u00e9trehozta a Credin\u0163a c. \u00fajs\u00e1got, k\u00e9thetenk\u00e9nti megjelen\u00e9ssel (1933), amelyben t\u00f6bb cikke jelent meg. Publik\u00e1lt a Galsul Mure\u015fului c. lapban is. Mint j\u00f3 sz\u00f3nok k\u00f6zrem\u0171k\u00f6di\u00f6tt nagygy\u0171l\u00e9seken, nemzeti \u00fcnnepeken. Tev\u0151legesen vett r\u00e9szt eml\u00e9km\u0171vek \u00e1ll\u00edt\u00e1s\u00e1ban: Petru Maior szobor R\u00e9genben, G\u00f6rg\u00e9nyhod\u00e1kon, G\u00f6rg\u00e9nys\u00f3akn\u00e1n, L\u0151v\u00e9ren, Marosv\u00e9csen a Rom\u00e1n Nemzeti H\u0151seinek eml\u00e9km\u0171ve. <br \/><strong>Irod.:<\/strong> B\u00edr\u00f3 Don\u00e1t; Netea: Astra; Profiluri reghinene; Regh. cult. 2.; Todea 2013<\/br><\/p>\n","protected":false},"excerpt":{"rendered":"<p>Sz\u00e1szr\u00e9gen, 1911. nov. 29., \u2020 Sz\u00e1szr\u00e9gen, 1936. \u00e1pr. 5.: tisztvisel\u0151, k\u00f6z\u00edr\u00f3. \u2013 Elemi iskol\u00e1t \u00e9s gimn. -ot Sz\u00e1szr\u00e9genben, a kereskedelmi iskol\u00e1t Mv.-en v\u00e9gezte. Sz\u00e1szr\u00e9genben \u00e9lt, banktisztvisel\u0151 a Mure\u015fana bankban (1932-ig). Ezut\u00e1n l\u00e9tes\u00edtette az els\u0151 rom\u00e1n k\u00f6nyvesboltot Cartea Rom\u00e2neasc\u0103 n\u00e9ven (1932), amelynek c\u00e9lja a kult\u00fara \u00e9s a k\u00f6nyv terjeszt\u00e9se R\u00e9genben \u00e9s k\u00f6rny\u00e9k\u00e9n. A k\u00f6nyvesbolt keret\u00e9ben rom\u00e1n [&hellip;]<\/p>\n","protected":false},"featured_media":0,"comment_status":"open","ping_status":"closed","template":"","meta":[],"product_brand":[],"product_cat":[137],"product_tag":[],"class_list":{"0":"post-5757","1":"product","2":"type-product","3":"status-publish","5":"product_cat-maros-megyei-eletrajzi-lexikon","7":"first","8":"instock","9":"shipping-taxable","10":"product-type-simple"},"_links":{"self":[{"href":"https:\/\/uj.adatbank.ro\/lexikon\/wp-json\/wp\/v2\/product\/5757","targetHints":{"allow":["GET"]}}],"collection":[{"href":"https:\/\/uj.adatbank.ro\/lexikon\/wp-json\/wp\/v2\/product"}],"about":[{"href":"https:\/\/uj.adatbank.ro\/lexikon\/wp-json\/wp\/v2\/types\/product"}],"replies":[{"embeddable":true,"href":"https:\/\/uj.adatbank.ro\/lexikon\/wp-json\/wp\/v2\/comments?post=5757"}],"wp:attachment":[{"href":"https:\/\/uj.adatbank.ro\/lexikon\/wp-json\/wp\/v2\/media?parent=5757"}],"wp:term":[{"taxonomy":"product_brand","embeddable":true,"href":"https:\/\/uj.adatbank.ro\/lexikon\/wp-json\/wp\/v2\/product_brand?post=5757"},{"taxonomy":"product_cat","embeddable":true,"href":"https:\/\/uj.adatbank.ro\/lexikon\/wp-json\/wp\/v2\/product_cat?post=5757"},{"taxonomy":"product_tag","embeddable":true,"href":"https:\/\/uj.adatbank.ro\/lexikon\/wp-json\/wp\/v2\/product_tag?post=5757"}],"curies":[{"name":"wp","href":"https:\/\/api.w.org\/{rel}","templated":true}]}}