{"id":5758,"date":"2025-06-28T17:28:55","date_gmt":"2025-06-28T15:28:55","guid":{"rendered":"https:\/\/uj.adatbank.ro\/lexikon\/termek\/cocos-radu\/"},"modified":"2025-06-28T17:28:55","modified_gmt":"2025-06-28T15:28:55","slug":"cocos-radu","status":"publish","type":"product","link":"https:\/\/uj.adatbank.ro\/lexikon\/termek\/cocos-radu\/","title":{"rendered":"COCO\u015e Radu"},"content":{"rendered":"<p>Pietro\u015fi\u0163a, 1920. jan. 2., \u2020 Mez\u0151s\u00e1lyi, 1944. szept. 29.: hadnagy. \u2013 Harcolt Buk-ben r\u00e9szt vett a 60 n\u00e1ci tiszt elfog\u00e1s\u00e1ban a Princiar sz\u00e1ll\u00f3d\u00e1n\u00e1l (1944. aug. 23\u201324); a Prahova-v\u00f6lgy\u00e9ben; Erd\u00e9lyben a Maros v\u00f6lgy\u00e9ben Marosbog\u00e1t, \u00e9s Ludas k\u00f6rny\u00e9k\u00e9n, elesett a marosszentgy\u00f6rgyi csat\u00e1ban. Post mortem a Rom\u00e1n Korona Rend kit\u00fcntetettje (V. oszt\u00e1ly a karddal ) \u00e9s el\u0151l\u00e9ptett\u00e9k f\u0151hadnagyi rangba. <br \/><strong>Irod.:<\/strong> MMK<\/br><\/p>\n","protected":false},"excerpt":{"rendered":"<p>Pietro\u015fi\u0163a, 1920. jan. 2., \u2020 Mez\u0151s\u00e1lyi, 1944. szept. 29.: hadnagy. \u2013 Harcolt Buk-ben r\u00e9szt vett a 60 n\u00e1ci tiszt elfog\u00e1s\u00e1ban a Princiar sz\u00e1ll\u00f3d\u00e1n\u00e1l (1944. aug. 23\u201324); a Prahova-v\u00f6lgy\u00e9ben; Erd\u00e9lyben a Maros v\u00f6lgy\u00e9ben Marosbog\u00e1t, \u00e9s Ludas k\u00f6rny\u00e9k\u00e9n, elesett a marosszentgy\u00f6rgyi csat\u00e1ban. Post mortem a Rom\u00e1n Korona Rend kit\u00fcntetettje (V. oszt\u00e1ly a karddal ) \u00e9s el\u0151l\u00e9ptett\u00e9k f\u0151hadnagyi [&hellip;]<\/p>\n","protected":false},"featured_media":0,"comment_status":"open","ping_status":"closed","template":"","meta":[],"product_brand":[],"product_cat":[137],"product_tag":[],"class_list":{"0":"post-5758","1":"product","2":"type-product","3":"status-publish","5":"product_cat-maros-megyei-eletrajzi-lexikon","7":"first","8":"instock","9":"shipping-taxable","10":"product-type-simple"},"_links":{"self":[{"href":"https:\/\/uj.adatbank.ro\/lexikon\/wp-json\/wp\/v2\/product\/5758","targetHints":{"allow":["GET"]}}],"collection":[{"href":"https:\/\/uj.adatbank.ro\/lexikon\/wp-json\/wp\/v2\/product"}],"about":[{"href":"https:\/\/uj.adatbank.ro\/lexikon\/wp-json\/wp\/v2\/types\/product"}],"replies":[{"embeddable":true,"href":"https:\/\/uj.adatbank.ro\/lexikon\/wp-json\/wp\/v2\/comments?post=5758"}],"wp:attachment":[{"href":"https:\/\/uj.adatbank.ro\/lexikon\/wp-json\/wp\/v2\/media?parent=5758"}],"wp:term":[{"taxonomy":"product_brand","embeddable":true,"href":"https:\/\/uj.adatbank.ro\/lexikon\/wp-json\/wp\/v2\/product_brand?post=5758"},{"taxonomy":"product_cat","embeddable":true,"href":"https:\/\/uj.adatbank.ro\/lexikon\/wp-json\/wp\/v2\/product_cat?post=5758"},{"taxonomy":"product_tag","embeddable":true,"href":"https:\/\/uj.adatbank.ro\/lexikon\/wp-json\/wp\/v2\/product_tag?post=5758"}],"curies":[{"name":"wp","href":"https:\/\/api.w.org\/{rel}","templated":true}]}}