{"id":5759,"date":"2025-06-28T17:28:57","date_gmt":"2025-06-28T15:28:57","guid":{"rendered":"https:\/\/uj.adatbank.ro\/lexikon\/termek\/coculescu-teodor-coculescu-theodor\/"},"modified":"2025-06-28T17:28:57","modified_gmt":"2025-06-28T15:28:57","slug":"coculescu-teodor-coculescu-theodor","status":"publish","type":"product","link":"https:\/\/uj.adatbank.ro\/lexikon\/termek\/coculescu-teodor-coculescu-theodor\/","title":{"rendered":"COCULESCU Teodor, Coculescu Theodor"},"content":{"rendered":"<p>? \u2020\u00a0Mv., 1939. nov. 15.: ezredes, v\u00e1rosi tan\u00e1csos, polg\u00e1rmester helyettes. \u2013 V\u00e1rosi tan\u00e1csos Mv.-en, az \u00f6ttag\u00fa \u00e1lland\u00f3 k\u00fcld\u00f6tts\u00e9g tagja, a katonai feladatok \u00e9s a kultur\u00e1lis \u00fcgyek ell\u00e1t\u00e1sa a feladata (1926). Alpolg\u00e1rmester Mv.-en (1927\u2013). Hadirokkant volt. <br \/><strong>Irod.:<\/strong> Bern\u00e1dy; Id\u0151t\u00e1r 3<\/br><\/p>\n","protected":false},"excerpt":{"rendered":"<p>? \u2020\u00a0Mv., 1939. nov. 15.: ezredes, v\u00e1rosi tan\u00e1csos, polg\u00e1rmester helyettes. \u2013 V\u00e1rosi tan\u00e1csos Mv.-en, az \u00f6ttag\u00fa \u00e1lland\u00f3 k\u00fcld\u00f6tts\u00e9g tagja, a katonai feladatok \u00e9s a kultur\u00e1lis \u00fcgyek ell\u00e1t\u00e1sa a feladata (1926). Alpolg\u00e1rmester Mv.-en (1927\u2013). Hadirokkant volt. Irod.: Bern\u00e1dy; Id\u0151t\u00e1r 3<\/p>\n","protected":false},"featured_media":0,"comment_status":"open","ping_status":"closed","template":"","meta":[],"product_brand":[],"product_cat":[137],"product_tag":[],"class_list":{"0":"post-5759","1":"product","2":"type-product","3":"status-publish","5":"product_cat-maros-megyei-eletrajzi-lexikon","7":"first","8":"instock","9":"shipping-taxable","10":"product-type-simple"},"_links":{"self":[{"href":"https:\/\/uj.adatbank.ro\/lexikon\/wp-json\/wp\/v2\/product\/5759","targetHints":{"allow":["GET"]}}],"collection":[{"href":"https:\/\/uj.adatbank.ro\/lexikon\/wp-json\/wp\/v2\/product"}],"about":[{"href":"https:\/\/uj.adatbank.ro\/lexikon\/wp-json\/wp\/v2\/types\/product"}],"replies":[{"embeddable":true,"href":"https:\/\/uj.adatbank.ro\/lexikon\/wp-json\/wp\/v2\/comments?post=5759"}],"wp:attachment":[{"href":"https:\/\/uj.adatbank.ro\/lexikon\/wp-json\/wp\/v2\/media?parent=5759"}],"wp:term":[{"taxonomy":"product_brand","embeddable":true,"href":"https:\/\/uj.adatbank.ro\/lexikon\/wp-json\/wp\/v2\/product_brand?post=5759"},{"taxonomy":"product_cat","embeddable":true,"href":"https:\/\/uj.adatbank.ro\/lexikon\/wp-json\/wp\/v2\/product_cat?post=5759"},{"taxonomy":"product_tag","embeddable":true,"href":"https:\/\/uj.adatbank.ro\/lexikon\/wp-json\/wp\/v2\/product_tag?post=5759"}],"curies":[{"name":"wp","href":"https:\/\/api.w.org\/{rel}","templated":true}]}}