{"id":5760,"date":"2025-06-28T17:28:57","date_gmt":"2025-06-28T15:28:57","guid":{"rendered":"https:\/\/uj.adatbank.ro\/lexikon\/termek\/codarcea-emil-%c2%a7\/"},"modified":"2025-06-28T17:28:57","modified_gmt":"2025-06-28T15:28:57","slug":"codarcea-emil-%c2%a7","status":"publish","type":"product","link":"https:\/\/uj.adatbank.ro\/lexikon\/termek\/codarcea-emil-%c2%a7\/","title":{"rendered":"CODARCEA Emil, \u00a7"},"content":{"rendered":"<p>G\u00f6rg\u00e9nyszentimre, 1905. jan. 21., \u2020 ? : tan\u00edt\u00f3. \u2013 C. Andrei \u00e9s Ana fia. \u2013 Magyarf\u00fclp\u00f6s\u00f6n tan\u00edtott az elemi iskol\u00e1ban (1939\u201340), uo. iskolaigazgat\u00f3. Legionariusi m\u00faltja miatt (1937) a securitate megfigyeltette (1954 k. \u2013). <br \/><strong>Irod.:<\/strong> Bartos 2012; Bosoanc\u0103\u2013Opri\u015f<\/br><\/p>\n","protected":false},"excerpt":{"rendered":"<p>G\u00f6rg\u00e9nyszentimre, 1905. jan. 21., \u2020 ? : tan\u00edt\u00f3. \u2013 C. Andrei \u00e9s Ana fia. \u2013 Magyarf\u00fclp\u00f6s\u00f6n tan\u00edtott az elemi iskol\u00e1ban (1939\u201340), uo. iskolaigazgat\u00f3. Legionariusi m\u00faltja miatt (1937) a securitate megfigyeltette (1954 k. \u2013). Irod.: Bartos 2012; Bosoanc\u0103\u2013Opri\u015f<\/p>\n","protected":false},"featured_media":0,"comment_status":"open","ping_status":"closed","template":"","meta":[],"product_brand":[],"product_cat":[137],"product_tag":[],"class_list":{"0":"post-5760","1":"product","2":"type-product","3":"status-publish","5":"product_cat-maros-megyei-eletrajzi-lexikon","7":"first","8":"instock","9":"shipping-taxable","10":"product-type-simple"},"_links":{"self":[{"href":"https:\/\/uj.adatbank.ro\/lexikon\/wp-json\/wp\/v2\/product\/5760","targetHints":{"allow":["GET"]}}],"collection":[{"href":"https:\/\/uj.adatbank.ro\/lexikon\/wp-json\/wp\/v2\/product"}],"about":[{"href":"https:\/\/uj.adatbank.ro\/lexikon\/wp-json\/wp\/v2\/types\/product"}],"replies":[{"embeddable":true,"href":"https:\/\/uj.adatbank.ro\/lexikon\/wp-json\/wp\/v2\/comments?post=5760"}],"wp:attachment":[{"href":"https:\/\/uj.adatbank.ro\/lexikon\/wp-json\/wp\/v2\/media?parent=5760"}],"wp:term":[{"taxonomy":"product_brand","embeddable":true,"href":"https:\/\/uj.adatbank.ro\/lexikon\/wp-json\/wp\/v2\/product_brand?post=5760"},{"taxonomy":"product_cat","embeddable":true,"href":"https:\/\/uj.adatbank.ro\/lexikon\/wp-json\/wp\/v2\/product_cat?post=5760"},{"taxonomy":"product_tag","embeddable":true,"href":"https:\/\/uj.adatbank.ro\/lexikon\/wp-json\/wp\/v2\/product_tag?post=5760"}],"curies":[{"name":"wp","href":"https:\/\/api.w.org\/{rel}","templated":true}]}}