{"id":5761,"date":"2025-06-28T17:28:59","date_gmt":"2025-06-28T15:28:59","guid":{"rendered":"https:\/\/uj.adatbank.ro\/lexikon\/termek\/codarcea-ioan\/"},"modified":"2025-06-28T17:28:59","modified_gmt":"2025-06-28T15:28:59","slug":"codarcea-ioan","status":"publish","type":"product","link":"https:\/\/uj.adatbank.ro\/lexikon\/termek\/codarcea-ioan\/","title":{"rendered":"CODARCEA Ioan"},"content":{"rendered":"<p>? \u2020 ? : hadnagy. \u2013 A gyergy\u00f3szentmikl\u00f3si, sepsiszentgy\u00f6rgyi securitate ut\u00e1n (1952), a mv.-i rajoni securitaten k\u00f6rzeti hadnagy (1953\u201354), fegyelmezetlen viselked\u00e9sei\u00e9rt elt\u00e1vol\u00edtott\u00e1k az \u00e1llambiztons\u00e1gi szervekt\u0151l. <br \/><strong>Irod.:<\/strong> Bartos 2012<\/br><\/p>\n","protected":false},"excerpt":{"rendered":"<p>? \u2020 ? : hadnagy. \u2013 A gyergy\u00f3szentmikl\u00f3si, sepsiszentgy\u00f6rgyi securitate ut\u00e1n (1952), a mv.-i rajoni securitaten k\u00f6rzeti hadnagy (1953\u201354), fegyelmezetlen viselked\u00e9sei\u00e9rt elt\u00e1vol\u00edtott\u00e1k az \u00e1llambiztons\u00e1gi szervekt\u0151l. Irod.: Bartos 2012<\/p>\n","protected":false},"featured_media":0,"comment_status":"open","ping_status":"closed","template":"","meta":[],"product_brand":[],"product_cat":[137],"product_tag":[],"class_list":{"0":"post-5761","1":"product","2":"type-product","3":"status-publish","5":"product_cat-maros-megyei-eletrajzi-lexikon","7":"first","8":"instock","9":"shipping-taxable","10":"product-type-simple"},"_links":{"self":[{"href":"https:\/\/uj.adatbank.ro\/lexikon\/wp-json\/wp\/v2\/product\/5761","targetHints":{"allow":["GET"]}}],"collection":[{"href":"https:\/\/uj.adatbank.ro\/lexikon\/wp-json\/wp\/v2\/product"}],"about":[{"href":"https:\/\/uj.adatbank.ro\/lexikon\/wp-json\/wp\/v2\/types\/product"}],"replies":[{"embeddable":true,"href":"https:\/\/uj.adatbank.ro\/lexikon\/wp-json\/wp\/v2\/comments?post=5761"}],"wp:attachment":[{"href":"https:\/\/uj.adatbank.ro\/lexikon\/wp-json\/wp\/v2\/media?parent=5761"}],"wp:term":[{"taxonomy":"product_brand","embeddable":true,"href":"https:\/\/uj.adatbank.ro\/lexikon\/wp-json\/wp\/v2\/product_brand?post=5761"},{"taxonomy":"product_cat","embeddable":true,"href":"https:\/\/uj.adatbank.ro\/lexikon\/wp-json\/wp\/v2\/product_cat?post=5761"},{"taxonomy":"product_tag","embeddable":true,"href":"https:\/\/uj.adatbank.ro\/lexikon\/wp-json\/wp\/v2\/product_tag?post=5761"}],"curies":[{"name":"wp","href":"https:\/\/api.w.org\/{rel}","templated":true}]}}