{"id":5769,"date":"2025-06-28T17:29:13","date_gmt":"2025-06-28T15:29:13","guid":{"rendered":"https:\/\/uj.adatbank.ro\/lexikon\/termek\/coman-ana\/"},"modified":"2025-06-28T17:29:13","modified_gmt":"2025-06-28T15:29:13","slug":"coman-ana","status":"publish","type":"product","link":"https:\/\/uj.adatbank.ro\/lexikon\/termek\/coman-ana\/","title":{"rendered":"COMAN Ana"},"content":{"rendered":"<p>? \u2020\u00a0? : Dics\u0151szentm\u00e1rton hivatalos k\u00fcld\u00f6tte a gyulafeh\u00e9rv\u00e1ri nagygy\u0171l\u00e9sen (1918. dec. 1.). <br \/><strong>Irod.:<\/strong> Bosoanc\u0103; T\u00e2rn\u0103veni \u2013 725<\/br><\/p>\n","protected":false},"excerpt":{"rendered":"<p>? \u2020\u00a0? : Dics\u0151szentm\u00e1rton hivatalos k\u00fcld\u00f6tte a gyulafeh\u00e9rv\u00e1ri nagygy\u0171l\u00e9sen (1918. dec. 1.). Irod.: Bosoanc\u0103; T\u00e2rn\u0103veni \u2013 725<\/p>\n","protected":false},"featured_media":0,"comment_status":"open","ping_status":"closed","template":"","meta":[],"product_brand":[],"product_cat":[137],"product_tag":[],"class_list":{"0":"post-5769","1":"product","2":"type-product","3":"status-publish","5":"product_cat-maros-megyei-eletrajzi-lexikon","7":"first","8":"instock","9":"shipping-taxable","10":"product-type-simple"},"_links":{"self":[{"href":"https:\/\/uj.adatbank.ro\/lexikon\/wp-json\/wp\/v2\/product\/5769","targetHints":{"allow":["GET"]}}],"collection":[{"href":"https:\/\/uj.adatbank.ro\/lexikon\/wp-json\/wp\/v2\/product"}],"about":[{"href":"https:\/\/uj.adatbank.ro\/lexikon\/wp-json\/wp\/v2\/types\/product"}],"replies":[{"embeddable":true,"href":"https:\/\/uj.adatbank.ro\/lexikon\/wp-json\/wp\/v2\/comments?post=5769"}],"wp:attachment":[{"href":"https:\/\/uj.adatbank.ro\/lexikon\/wp-json\/wp\/v2\/media?parent=5769"}],"wp:term":[{"taxonomy":"product_brand","embeddable":true,"href":"https:\/\/uj.adatbank.ro\/lexikon\/wp-json\/wp\/v2\/product_brand?post=5769"},{"taxonomy":"product_cat","embeddable":true,"href":"https:\/\/uj.adatbank.ro\/lexikon\/wp-json\/wp\/v2\/product_cat?post=5769"},{"taxonomy":"product_tag","embeddable":true,"href":"https:\/\/uj.adatbank.ro\/lexikon\/wp-json\/wp\/v2\/product_tag?post=5769"}],"curies":[{"name":"wp","href":"https:\/\/api.w.org\/{rel}","templated":true}]}}