{"id":5777,"date":"2025-06-28T17:29:27","date_gmt":"2025-06-28T15:29:27","guid":{"rendered":"https:\/\/uj.adatbank.ro\/lexikon\/termek\/comes-liviu-%c2%a7\/"},"modified":"2025-06-28T17:29:27","modified_gmt":"2025-06-28T15:29:27","slug":"comes-liviu-%c2%a7","status":"publish","type":"product","link":"https:\/\/uj.adatbank.ro\/lexikon\/termek\/comes-liviu-%c2%a7\/","title":{"rendered":"COMES Liviu, \u00a7"},"content":{"rendered":"<p>Ser\u00e9ll, 1918. dec. 13., \u2020\u00a0Buk., 2004. szept.: 28.: zeneszerz\u0151. \u2013 Mv.-en a Papiu Ilarian L\u00edc.-ban \u00e9s a Zeneiskol\u00e1ban (1927\u201337) tanult, ahol Zeno Vancea tan\u00edtv\u00e1nya \u00e9s Maximilian Costin volt a heged\u0171tan\u00e1ra. Kv.-on \u00e9s Nagyszebenben elv\u00e9gezte az orvosi egytemet (1937\u201343) \u00e9s a Zenekonzervat\u00f3riumot (1947\u201350). A Rom\u00e1niai Zeneszerz\u0151k Sz\u00f6vets\u00e9ge Kv.-i Fi\u00f3kj\u00e1nak titk\u00e1ra (1954\u201364), a Zenem\u0171v\u00e9szeti F\u0151iskola lektora (1950\u201358), el\u0151ad\u00f3tan\u00e1ra (1958\u201369), rektora\u00a0(1963\u201369). A buk.-i Konzervat\u00f3rium prof. -a (1969\u201374), prorektora (1971\u201374). Cikkeket, kr\u00f3nik\u00e1kat, recenzi\u00f3kat \u00edrt a Muzica, Contemporanul, Tribuna, Astra, \u00datunk, Sc\u00e2nteia, F\u0103clia stb. lapokban. Sz\u00e1mos zeneelm\u00e9leti munk\u00e1ja jelent meg, szimfonikus, kamarazenei \u00e9s kor\u00e1lis m\u0171veket \u00edrt. <strong>Kit\u00fcntet\u00e9sei:<\/strong> Munka\u00e9rdemrend III. fokozata (1965); Kultur\u00e1lis \u00c9rdemrend III. fokozata (1969). \u2013 <strong>F. m.:<\/strong> 20 de miniaturi. Piano solo (Buc., 1961); Divertisment pentru orchestr\u0103 de coarde (1961); Suita haiduceasc\u0103 pentru orchestr\u0103 (1963); Trei pasteluri pentru cor de femei la trei voci (Buc., 1968); Cu fruntea r\u0103z\u00eemata-n cer, vok\u00e1l-szimf\u00f3nikus k\u00f6ltem\u00e9ny, M. Beniuc sz\u00f6veg\u00e9re (1968); 4 sonatine pentru copii (Buc., 1969); Salba, 7 piese pentru orchestr\u0103 (Buc., 1969), Divertisment pentru cvintet de sufl\u0103tori: \u015etime. 1\u20135. (Buc., 1970); Divertisment pentru cvintet de sufl\u0103tori: Partitura (Buc., 1970); Sonata pentru clarinet \u015fi pian (Buc., 1973); Ghicitori: Jocuri muzicale pentru copii (Buc., 1975, 1979); Cetatea \u00eenalt\u0103 (Buc., 1981); M\u0103guri (Buc., 1989); muzikol\u00f3giai m\u0171vek: Cotribu\u0163ii la studiul procesului de crea\u0163ie in c\u00e2ntecul popular rom\u00e2nesc (1962); Asupra unor mijloace pentru introducerea copiilor in muzica vocal\u0103 polifonic\u0103 (1965); Melodica palestrinian\u0103 (Buc., 1971); Manual de contrapunct pentru liceele de muzic\u0103 (Buc., 1977); Lumea polifoniei (Buc., 1984); <strong>t\u00e1rssz.:<\/strong> Lucr\u0103ri corale polifonice (M. Eisikovits, Jodal G.; Buc., 1956); Poeme corale (Buc., 1985); Tratatul de contrapunct vocal \u015fi instrumental (Rotaru, Doina-val; Buc., 1986). <br \/><strong>Irod.:<\/strong> C. L. (2004. okt. 1.); Fornade; MRL; Todea 2013<\/br><\/p>\n","protected":false},"excerpt":{"rendered":"<p>Ser\u00e9ll, 1918. dec. 13., \u2020\u00a0Buk., 2004. szept.: 28.: zeneszerz\u0151. \u2013 Mv.-en a Papiu Ilarian L\u00edc.-ban \u00e9s a Zeneiskol\u00e1ban (1927\u201337) tanult, ahol Zeno Vancea tan\u00edtv\u00e1nya \u00e9s Maximilian Costin volt a heged\u0171tan\u00e1ra. Kv.-on \u00e9s Nagyszebenben elv\u00e9gezte az orvosi egytemet (1937\u201343) \u00e9s a Zenekonzervat\u00f3riumot (1947\u201350). A Rom\u00e1niai Zeneszerz\u0151k Sz\u00f6vets\u00e9ge Kv.-i Fi\u00f3kj\u00e1nak titk\u00e1ra (1954\u201364), a Zenem\u0171v\u00e9szeti F\u0151iskola lektora (1950\u201358), [&hellip;]<\/p>\n","protected":false},"featured_media":0,"comment_status":"open","ping_status":"closed","template":"","meta":[],"product_brand":[],"product_cat":[137],"product_tag":[],"class_list":{"0":"post-5777","1":"product","2":"type-product","3":"status-publish","5":"product_cat-maros-megyei-eletrajzi-lexikon","7":"first","8":"instock","9":"shipping-taxable","10":"product-type-simple"},"_links":{"self":[{"href":"https:\/\/uj.adatbank.ro\/lexikon\/wp-json\/wp\/v2\/product\/5777","targetHints":{"allow":["GET"]}}],"collection":[{"href":"https:\/\/uj.adatbank.ro\/lexikon\/wp-json\/wp\/v2\/product"}],"about":[{"href":"https:\/\/uj.adatbank.ro\/lexikon\/wp-json\/wp\/v2\/types\/product"}],"replies":[{"embeddable":true,"href":"https:\/\/uj.adatbank.ro\/lexikon\/wp-json\/wp\/v2\/comments?post=5777"}],"wp:attachment":[{"href":"https:\/\/uj.adatbank.ro\/lexikon\/wp-json\/wp\/v2\/media?parent=5777"}],"wp:term":[{"taxonomy":"product_brand","embeddable":true,"href":"https:\/\/uj.adatbank.ro\/lexikon\/wp-json\/wp\/v2\/product_brand?post=5777"},{"taxonomy":"product_cat","embeddable":true,"href":"https:\/\/uj.adatbank.ro\/lexikon\/wp-json\/wp\/v2\/product_cat?post=5777"},{"taxonomy":"product_tag","embeddable":true,"href":"https:\/\/uj.adatbank.ro\/lexikon\/wp-json\/wp\/v2\/product_tag?post=5777"}],"curies":[{"name":"wp","href":"https:\/\/api.w.org\/{rel}","templated":true}]}}