{"id":5784,"date":"2025-06-28T17:29:40","date_gmt":"2025-06-28T15:29:40","guid":{"rendered":"https:\/\/uj.adatbank.ro\/lexikon\/termek\/contiu-vasile\/"},"modified":"2025-06-28T17:29:40","modified_gmt":"2025-06-28T15:29:40","slug":"contiu-vasile","status":"publish","type":"product","link":"https:\/\/uj.adatbank.ro\/lexikon\/termek\/contiu-vasile\/","title":{"rendered":"CON\u0162IU Vasile"},"content":{"rendered":"<p>Mez\u0151r\u00fccs, ? \u2020 Mv., ? : tan\u00e1r. \u2013 T\u00f6rt\u00e9nelemtan\u00e1r a mez\u0151dombi iskol\u00e1ban (1967\u201375). Meg\u00edrta Mez\u0151domb monogr\u00e1fi\u00e1j\u00e1t. <br \/><strong>Irod.:<\/strong> S\u00e2npetru de C\u00e2mpie<\/br><\/p>\n","protected":false},"excerpt":{"rendered":"<p>Mez\u0151r\u00fccs, ? \u2020 Mv., ? : tan\u00e1r. \u2013 T\u00f6rt\u00e9nelemtan\u00e1r a mez\u0151dombi iskol\u00e1ban (1967\u201375). Meg\u00edrta Mez\u0151domb monogr\u00e1fi\u00e1j\u00e1t. Irod.: S\u00e2npetru de C\u00e2mpie<\/p>\n","protected":false},"featured_media":0,"comment_status":"open","ping_status":"closed","template":"","meta":[],"product_brand":[],"product_cat":[137],"product_tag":[],"class_list":{"0":"post-5784","1":"product","2":"type-product","3":"status-publish","5":"product_cat-maros-megyei-eletrajzi-lexikon","7":"first","8":"instock","9":"shipping-taxable","10":"product-type-simple"},"_links":{"self":[{"href":"https:\/\/uj.adatbank.ro\/lexikon\/wp-json\/wp\/v2\/product\/5784","targetHints":{"allow":["GET"]}}],"collection":[{"href":"https:\/\/uj.adatbank.ro\/lexikon\/wp-json\/wp\/v2\/product"}],"about":[{"href":"https:\/\/uj.adatbank.ro\/lexikon\/wp-json\/wp\/v2\/types\/product"}],"replies":[{"embeddable":true,"href":"https:\/\/uj.adatbank.ro\/lexikon\/wp-json\/wp\/v2\/comments?post=5784"}],"wp:attachment":[{"href":"https:\/\/uj.adatbank.ro\/lexikon\/wp-json\/wp\/v2\/media?parent=5784"}],"wp:term":[{"taxonomy":"product_brand","embeddable":true,"href":"https:\/\/uj.adatbank.ro\/lexikon\/wp-json\/wp\/v2\/product_brand?post=5784"},{"taxonomy":"product_cat","embeddable":true,"href":"https:\/\/uj.adatbank.ro\/lexikon\/wp-json\/wp\/v2\/product_cat?post=5784"},{"taxonomy":"product_tag","embeddable":true,"href":"https:\/\/uj.adatbank.ro\/lexikon\/wp-json\/wp\/v2\/product_tag?post=5784"}],"curies":[{"name":"wp","href":"https:\/\/api.w.org\/{rel}","templated":true}]}}