{"id":5791,"date":"2025-06-28T17:29:54","date_gmt":"2025-06-28T15:29:54","guid":{"rendered":"https:\/\/uj.adatbank.ro\/lexikon\/termek\/cornea-gheorghe\/"},"modified":"2025-06-28T17:29:54","modified_gmt":"2025-06-28T15:29:54","slug":"cornea-gheorghe","status":"publish","type":"product","link":"https:\/\/uj.adatbank.ro\/lexikon\/termek\/cornea-gheorghe\/","title":{"rendered":"CORNEA Gheorghe"},"content":{"rendered":"<p>Als\u00f3venicem, 1923 j\u00fal. 20., \u2020\u00a0?: orvos. \u2013 Mv.-en seb\u00e9sz orvos. A Faliboga \u2013f\u00e9le \u00f6sszeesk\u00fcv\u00e9s II. csoportj\u00e1nak tagja. Letart\u00f3ztatt\u00e1k (1956. nov. 14). El\u00edt\u00e9lt\u00e9k. <br \/><strong>Irod.:<\/strong> \u00c1ldozatok; Ioni\u0163oiu. 2. k\u00f6t.<\/br><\/p>\n","protected":false},"excerpt":{"rendered":"<p>Als\u00f3venicem, 1923 j\u00fal. 20., \u2020\u00a0?: orvos. \u2013 Mv.-en seb\u00e9sz orvos. A Faliboga \u2013f\u00e9le \u00f6sszeesk\u00fcv\u00e9s II. csoportj\u00e1nak tagja. Letart\u00f3ztatt\u00e1k (1956. nov. 14). El\u00edt\u00e9lt\u00e9k. Irod.: \u00c1ldozatok; Ioni\u0163oiu. 2. k\u00f6t.<\/p>\n","protected":false},"featured_media":0,"comment_status":"open","ping_status":"closed","template":"","meta":[],"product_brand":[],"product_cat":[137],"product_tag":[],"class_list":{"0":"post-5791","1":"product","2":"type-product","3":"status-publish","5":"product_cat-maros-megyei-eletrajzi-lexikon","7":"first","8":"instock","9":"shipping-taxable","10":"product-type-simple"},"_links":{"self":[{"href":"https:\/\/uj.adatbank.ro\/lexikon\/wp-json\/wp\/v2\/product\/5791","targetHints":{"allow":["GET"]}}],"collection":[{"href":"https:\/\/uj.adatbank.ro\/lexikon\/wp-json\/wp\/v2\/product"}],"about":[{"href":"https:\/\/uj.adatbank.ro\/lexikon\/wp-json\/wp\/v2\/types\/product"}],"replies":[{"embeddable":true,"href":"https:\/\/uj.adatbank.ro\/lexikon\/wp-json\/wp\/v2\/comments?post=5791"}],"wp:attachment":[{"href":"https:\/\/uj.adatbank.ro\/lexikon\/wp-json\/wp\/v2\/media?parent=5791"}],"wp:term":[{"taxonomy":"product_brand","embeddable":true,"href":"https:\/\/uj.adatbank.ro\/lexikon\/wp-json\/wp\/v2\/product_brand?post=5791"},{"taxonomy":"product_cat","embeddable":true,"href":"https:\/\/uj.adatbank.ro\/lexikon\/wp-json\/wp\/v2\/product_cat?post=5791"},{"taxonomy":"product_tag","embeddable":true,"href":"https:\/\/uj.adatbank.ro\/lexikon\/wp-json\/wp\/v2\/product_tag?post=5791"}],"curies":[{"name":"wp","href":"https:\/\/api.w.org\/{rel}","templated":true}]}}