{"id":5795,"date":"2025-06-28T17:30:02","date_gmt":"2025-06-28T15:30:02","guid":{"rendered":"https:\/\/uj.adatbank.ro\/lexikon\/termek\/cornea-nicolae\/"},"modified":"2025-06-28T17:30:02","modified_gmt":"2025-06-28T15:30:02","slug":"cornea-nicolae","status":"publish","type":"product","link":"https:\/\/uj.adatbank.ro\/lexikon\/termek\/cornea-nicolae\/","title":{"rendered":"CORNEA Nicolae"},"content":{"rendered":"<p>? \u2020\u00a01848 v. 1849.?: ort, pap. \u2013 G. Bari\u0163iu anyai nagyb\u00e1tyja. Gernyeszegen szolg\u00e1lt, ahol tribun is volt (1848). A forradalom idej\u00e9n lel\u0151tt\u00e9k. <br \/><strong>Irod.:<\/strong> Suciu<\/br><\/p>\n","protected":false},"excerpt":{"rendered":"<p>? \u2020\u00a01848 v. 1849.?: ort, pap. \u2013 G. Bari\u0163iu anyai nagyb\u00e1tyja. Gernyeszegen szolg\u00e1lt, ahol tribun is volt (1848). A forradalom idej\u00e9n lel\u0151tt\u00e9k. Irod.: Suciu<\/p>\n","protected":false},"featured_media":0,"comment_status":"open","ping_status":"closed","template":"","meta":[],"product_brand":[],"product_cat":[137],"product_tag":[],"class_list":{"0":"post-5795","1":"product","2":"type-product","3":"status-publish","5":"product_cat-maros-megyei-eletrajzi-lexikon","7":"first","8":"instock","9":"shipping-taxable","10":"product-type-simple"},"_links":{"self":[{"href":"https:\/\/uj.adatbank.ro\/lexikon\/wp-json\/wp\/v2\/product\/5795","targetHints":{"allow":["GET"]}}],"collection":[{"href":"https:\/\/uj.adatbank.ro\/lexikon\/wp-json\/wp\/v2\/product"}],"about":[{"href":"https:\/\/uj.adatbank.ro\/lexikon\/wp-json\/wp\/v2\/types\/product"}],"replies":[{"embeddable":true,"href":"https:\/\/uj.adatbank.ro\/lexikon\/wp-json\/wp\/v2\/comments?post=5795"}],"wp:attachment":[{"href":"https:\/\/uj.adatbank.ro\/lexikon\/wp-json\/wp\/v2\/media?parent=5795"}],"wp:term":[{"taxonomy":"product_brand","embeddable":true,"href":"https:\/\/uj.adatbank.ro\/lexikon\/wp-json\/wp\/v2\/product_brand?post=5795"},{"taxonomy":"product_cat","embeddable":true,"href":"https:\/\/uj.adatbank.ro\/lexikon\/wp-json\/wp\/v2\/product_cat?post=5795"},{"taxonomy":"product_tag","embeddable":true,"href":"https:\/\/uj.adatbank.ro\/lexikon\/wp-json\/wp\/v2\/product_tag?post=5795"}],"curies":[{"name":"wp","href":"https:\/\/api.w.org\/{rel}","templated":true}]}}