{"id":5796,"date":"2025-06-28T17:30:04","date_gmt":"2025-06-28T15:30:04","guid":{"rendered":"https:\/\/uj.adatbank.ro\/lexikon\/termek\/cornea-simion\/"},"modified":"2025-06-28T17:30:04","modified_gmt":"2025-06-28T15:30:04","slug":"cornea-simion","status":"publish","type":"product","link":"https:\/\/uj.adatbank.ro\/lexikon\/termek\/cornea-simion\/","title":{"rendered":"CORNEA Simion"},"content":{"rendered":"<p>? \u2020\u00a01823. \u00e1pr. 24.: ort. pap. \u2013 Le\u00e1nya, Ana Rafila, George Bari\u0163iu, tan\u00e1r, publicista, t\u00f6rt\u00e9n\u00e9sz \u00e9s politikus (Als\u00f3zsuk, 1812. m\u00e1j. 24., \u2020 Szeben, 1893. m\u00e1j. 2.) \u00e9desanyja (81 \u00e9ves kor\u00e1ban hunyt el). G. B. gyermekkor\u00e1ban, sokat id\u0151z\u00f6tt S\u00e1rpatakon a nagyapj\u00e1n\u00e1l. \u2013 Moldvai sz\u00e1rmaz\u00e1s\u00fa ort. lelk\u00e9sz. Erd\u00e9ly-ben szentelt\u00e9k papp\u00e1 (1776). S\u00e1rpatakon szolg\u00e1lt (1812\u201324). S\u00e1rpatakon ez a csal\u00e1d adta a falu ort. papjait (19. sz. els\u0151 fel\u00e9ben). <br \/><strong>Irod.:<\/strong> \u015eerban 2006<\/br><\/p>\n","protected":false},"excerpt":{"rendered":"<p>? \u2020\u00a01823. \u00e1pr. 24.: ort. pap. \u2013 Le\u00e1nya, Ana Rafila, George Bari\u0163iu, tan\u00e1r, publicista, t\u00f6rt\u00e9n\u00e9sz \u00e9s politikus (Als\u00f3zsuk, 1812. m\u00e1j. 24., \u2020 Szeben, 1893. m\u00e1j. 2.) \u00e9desanyja (81 \u00e9ves kor\u00e1ban hunyt el). G. B. gyermekkor\u00e1ban, sokat id\u0151z\u00f6tt S\u00e1rpatakon a nagyapj\u00e1n\u00e1l. \u2013 Moldvai sz\u00e1rmaz\u00e1s\u00fa ort. lelk\u00e9sz. Erd\u00e9ly-ben szentelt\u00e9k papp\u00e1 (1776). S\u00e1rpatakon szolg\u00e1lt (1812\u201324). S\u00e1rpatakon ez a [&hellip;]<\/p>\n","protected":false},"featured_media":0,"comment_status":"open","ping_status":"closed","template":"","meta":[],"product_brand":[],"product_cat":[137],"product_tag":[],"class_list":{"0":"post-5796","1":"product","2":"type-product","3":"status-publish","5":"product_cat-maros-megyei-eletrajzi-lexikon","7":"first","8":"instock","9":"shipping-taxable","10":"product-type-simple"},"_links":{"self":[{"href":"https:\/\/uj.adatbank.ro\/lexikon\/wp-json\/wp\/v2\/product\/5796","targetHints":{"allow":["GET"]}}],"collection":[{"href":"https:\/\/uj.adatbank.ro\/lexikon\/wp-json\/wp\/v2\/product"}],"about":[{"href":"https:\/\/uj.adatbank.ro\/lexikon\/wp-json\/wp\/v2\/types\/product"}],"replies":[{"embeddable":true,"href":"https:\/\/uj.adatbank.ro\/lexikon\/wp-json\/wp\/v2\/comments?post=5796"}],"wp:attachment":[{"href":"https:\/\/uj.adatbank.ro\/lexikon\/wp-json\/wp\/v2\/media?parent=5796"}],"wp:term":[{"taxonomy":"product_brand","embeddable":true,"href":"https:\/\/uj.adatbank.ro\/lexikon\/wp-json\/wp\/v2\/product_brand?post=5796"},{"taxonomy":"product_cat","embeddable":true,"href":"https:\/\/uj.adatbank.ro\/lexikon\/wp-json\/wp\/v2\/product_cat?post=5796"},{"taxonomy":"product_tag","embeddable":true,"href":"https:\/\/uj.adatbank.ro\/lexikon\/wp-json\/wp\/v2\/product_tag?post=5796"}],"curies":[{"name":"wp","href":"https:\/\/api.w.org\/{rel}","templated":true}]}}