{"id":5797,"date":"2025-06-28T17:30:05","date_gmt":"2025-06-28T15:30:05","guid":{"rendered":"https:\/\/uj.adatbank.ro\/lexikon\/termek\/cornea-simion-2\/"},"modified":"2025-06-28T17:30:05","modified_gmt":"2025-06-28T15:30:05","slug":"cornea-simion-2","status":"publish","type":"product","link":"https:\/\/uj.adatbank.ro\/lexikon\/termek\/cornea-simion-2\/","title":{"rendered":"CORNEA Simion"},"content":{"rendered":"<p>Comarnic, 1886. aug. 14. \u2020 Segesv\u00e1r, ? Segesv\u00e1ron van eltemetve: jog\u00e1sz. \u2013 Jogot v\u00e9gzett Bp. en (1910). \u00dcgyv\u00e9d k\u00f6zjegyz\u0151, \u00fcgy\u00e9sz, b\u00edr\u00f3 Segesv\u00e1ron; f\u0151hadnagy as osztr\u00e1k-m. hadseregben egy Tiroli ezredn\u00e9l; r\u00e9szt vett a gyulafeh\u00e9rv\u00e1ri nagygy\u0171l\u00e9sen (1918. dec. 1.). <br \/><strong>Irod.:<\/strong> MMK<\/br><\/p>\n","protected":false},"excerpt":{"rendered":"<p>Comarnic, 1886. aug. 14. \u2020 Segesv\u00e1r, ? Segesv\u00e1ron van eltemetve: jog\u00e1sz. \u2013 Jogot v\u00e9gzett Bp. en (1910). \u00dcgyv\u00e9d k\u00f6zjegyz\u0151, \u00fcgy\u00e9sz, b\u00edr\u00f3 Segesv\u00e1ron; f\u0151hadnagy as osztr\u00e1k-m. hadseregben egy Tiroli ezredn\u00e9l; r\u00e9szt vett a gyulafeh\u00e9rv\u00e1ri nagygy\u0171l\u00e9sen (1918. dec. 1.). Irod.: MMK<\/p>\n","protected":false},"featured_media":0,"comment_status":"open","ping_status":"closed","template":"","meta":[],"product_brand":[],"product_cat":[137],"product_tag":[],"class_list":{"0":"post-5797","1":"product","2":"type-product","3":"status-publish","5":"product_cat-maros-megyei-eletrajzi-lexikon","7":"first","8":"instock","9":"shipping-taxable","10":"product-type-simple"},"_links":{"self":[{"href":"https:\/\/uj.adatbank.ro\/lexikon\/wp-json\/wp\/v2\/product\/5797","targetHints":{"allow":["GET"]}}],"collection":[{"href":"https:\/\/uj.adatbank.ro\/lexikon\/wp-json\/wp\/v2\/product"}],"about":[{"href":"https:\/\/uj.adatbank.ro\/lexikon\/wp-json\/wp\/v2\/types\/product"}],"replies":[{"embeddable":true,"href":"https:\/\/uj.adatbank.ro\/lexikon\/wp-json\/wp\/v2\/comments?post=5797"}],"wp:attachment":[{"href":"https:\/\/uj.adatbank.ro\/lexikon\/wp-json\/wp\/v2\/media?parent=5797"}],"wp:term":[{"taxonomy":"product_brand","embeddable":true,"href":"https:\/\/uj.adatbank.ro\/lexikon\/wp-json\/wp\/v2\/product_brand?post=5797"},{"taxonomy":"product_cat","embeddable":true,"href":"https:\/\/uj.adatbank.ro\/lexikon\/wp-json\/wp\/v2\/product_cat?post=5797"},{"taxonomy":"product_tag","embeddable":true,"href":"https:\/\/uj.adatbank.ro\/lexikon\/wp-json\/wp\/v2\/product_tag?post=5797"}],"curies":[{"name":"wp","href":"https:\/\/api.w.org\/{rel}","templated":true}]}}