{"id":5805,"date":"2025-06-28T17:30:19","date_gmt":"2025-06-28T15:30:19","guid":{"rendered":"https:\/\/uj.adatbank.ro\/lexikon\/termek\/cosma-ioan\/"},"modified":"2025-06-28T17:30:19","modified_gmt":"2025-06-28T15:30:19","slug":"cosma-ioan","status":"publish","type":"product","link":"https:\/\/uj.adatbank.ro\/lexikon\/termek\/cosma-ioan\/","title":{"rendered":"COSMA Ioan"},"content":{"rendered":"<p>? \u2020\u00a0? : polg\u00e1rmester-helyettes. \u2013 V\u00e1rosi tan\u00e1csos Mv.-en (1925), a k\u00f6zigazgat\u00e1si hivtal vezet\u0151je, polg\u00e1rmester helyettes (1926), majd Dandea lemond\u00e1sa ut\u00e1n ideiglenesen \u00e1tvette a v\u00e1ros vezet\u00e9s\u00e9t (1926). <br \/><strong>Irod.:<\/strong> Id\u0151t\u00e1r 3<\/br><\/p>\n","protected":false},"excerpt":{"rendered":"<p>? \u2020\u00a0? : polg\u00e1rmester-helyettes. \u2013 V\u00e1rosi tan\u00e1csos Mv.-en (1925), a k\u00f6zigazgat\u00e1si hivtal vezet\u0151je, polg\u00e1rmester helyettes (1926), majd Dandea lemond\u00e1sa ut\u00e1n ideiglenesen \u00e1tvette a v\u00e1ros vezet\u00e9s\u00e9t (1926). Irod.: Id\u0151t\u00e1r 3<\/p>\n","protected":false},"featured_media":0,"comment_status":"open","ping_status":"closed","template":"","meta":[],"product_brand":[],"product_cat":[137],"product_tag":[],"class_list":{"0":"post-5805","1":"product","2":"type-product","3":"status-publish","5":"product_cat-maros-megyei-eletrajzi-lexikon","7":"first","8":"instock","9":"shipping-taxable","10":"product-type-simple"},"_links":{"self":[{"href":"https:\/\/uj.adatbank.ro\/lexikon\/wp-json\/wp\/v2\/product\/5805","targetHints":{"allow":["GET"]}}],"collection":[{"href":"https:\/\/uj.adatbank.ro\/lexikon\/wp-json\/wp\/v2\/product"}],"about":[{"href":"https:\/\/uj.adatbank.ro\/lexikon\/wp-json\/wp\/v2\/types\/product"}],"replies":[{"embeddable":true,"href":"https:\/\/uj.adatbank.ro\/lexikon\/wp-json\/wp\/v2\/comments?post=5805"}],"wp:attachment":[{"href":"https:\/\/uj.adatbank.ro\/lexikon\/wp-json\/wp\/v2\/media?parent=5805"}],"wp:term":[{"taxonomy":"product_brand","embeddable":true,"href":"https:\/\/uj.adatbank.ro\/lexikon\/wp-json\/wp\/v2\/product_brand?post=5805"},{"taxonomy":"product_cat","embeddable":true,"href":"https:\/\/uj.adatbank.ro\/lexikon\/wp-json\/wp\/v2\/product_cat?post=5805"},{"taxonomy":"product_tag","embeddable":true,"href":"https:\/\/uj.adatbank.ro\/lexikon\/wp-json\/wp\/v2\/product_tag?post=5805"}],"curies":[{"name":"wp","href":"https:\/\/api.w.org\/{rel}","templated":true}]}}