{"id":5806,"date":"2025-06-28T17:30:21","date_gmt":"2025-06-28T15:30:21","guid":{"rendered":"https:\/\/uj.adatbank.ro\/lexikon\/termek\/cosocneanu-teodor\/"},"modified":"2025-06-28T17:30:21","modified_gmt":"2025-06-28T15:30:21","slug":"cosocneanu-teodor","status":"publish","type":"product","link":"https:\/\/uj.adatbank.ro\/lexikon\/termek\/cosocneanu-teodor\/","title":{"rendered":"CO\u015eOCNEANU Teodor"},"content":{"rendered":"<p>Mez\u0151r\u00fccs, 1787., \u2020 Szamos\u00fajv\u00e1r, 1828.: g\u00f6r. kat. pap. \u2013 Mv.-en tanult, teol\u00f3gi\u00e1t Bal\u00e1zsfalv\u00e1n v\u00e9gzett (1808), itt tan\u00e1rnak nevezt\u00e9k ki (1809\u201311). Pl\u00e9b\u00e1nos Maros\u00fajv\u00e1ron (1811\u201318), majd Szamos\u00fajv\u00e1ron megbeteged\u00e9s\u00e9ig (1818\u201327). \u2013 Irod. : Com\u015fa; Com\u015fa\u2013Seiceanu; <\/br><\/p>\n","protected":false},"excerpt":{"rendered":"<p>Mez\u0151r\u00fccs, 1787., \u2020 Szamos\u00fajv\u00e1r, 1828.: g\u00f6r. kat. pap. \u2013 Mv.-en tanult, teol\u00f3gi\u00e1t Bal\u00e1zsfalv\u00e1n v\u00e9gzett (1808), itt tan\u00e1rnak nevezt\u00e9k ki (1809\u201311). Pl\u00e9b\u00e1nos Maros\u00fajv\u00e1ron (1811\u201318), majd Szamos\u00fajv\u00e1ron megbeteged\u00e9s\u00e9ig (1818\u201327). \u2013 Irod. : Com\u015fa; Com\u015fa\u2013Seiceanu;<\/p>\n","protected":false},"featured_media":0,"comment_status":"open","ping_status":"closed","template":"","meta":[],"product_brand":[],"product_cat":[137],"product_tag":[],"class_list":{"0":"post-5806","1":"product","2":"type-product","3":"status-publish","5":"product_cat-maros-megyei-eletrajzi-lexikon","7":"first","8":"instock","9":"shipping-taxable","10":"product-type-simple"},"_links":{"self":[{"href":"https:\/\/uj.adatbank.ro\/lexikon\/wp-json\/wp\/v2\/product\/5806","targetHints":{"allow":["GET"]}}],"collection":[{"href":"https:\/\/uj.adatbank.ro\/lexikon\/wp-json\/wp\/v2\/product"}],"about":[{"href":"https:\/\/uj.adatbank.ro\/lexikon\/wp-json\/wp\/v2\/types\/product"}],"replies":[{"embeddable":true,"href":"https:\/\/uj.adatbank.ro\/lexikon\/wp-json\/wp\/v2\/comments?post=5806"}],"wp:attachment":[{"href":"https:\/\/uj.adatbank.ro\/lexikon\/wp-json\/wp\/v2\/media?parent=5806"}],"wp:term":[{"taxonomy":"product_brand","embeddable":true,"href":"https:\/\/uj.adatbank.ro\/lexikon\/wp-json\/wp\/v2\/product_brand?post=5806"},{"taxonomy":"product_cat","embeddable":true,"href":"https:\/\/uj.adatbank.ro\/lexikon\/wp-json\/wp\/v2\/product_cat?post=5806"},{"taxonomy":"product_tag","embeddable":true,"href":"https:\/\/uj.adatbank.ro\/lexikon\/wp-json\/wp\/v2\/product_tag?post=5806"}],"curies":[{"name":"wp","href":"https:\/\/api.w.org\/{rel}","templated":true}]}}