{"id":5807,"date":"2025-06-28T17:30:22","date_gmt":"2025-06-28T15:30:22","guid":{"rendered":"https:\/\/uj.adatbank.ro\/lexikon\/termek\/costan-ioan\/"},"modified":"2025-06-28T17:30:22","modified_gmt":"2025-06-28T15:30:22","slug":"costan-ioan","status":"publish","type":"product","link":"https:\/\/uj.adatbank.ro\/lexikon\/termek\/costan-ioan\/","title":{"rendered":"COSTAN Ioan"},"content":{"rendered":"<p>L\u00f6v\u00e9r, ? \u2020\u00a0?: g\u00f6r. kat. pap. \u2013 Aradon szentelt\u00e9k papp\u00e1 (1803). L\u00f6v\u00e9ren szolg\u00e1lt \u00e9s tan\u00edtott (1805). <br \/><strong>Irod.:<\/strong> Dobozi; Lueriu<\/br><\/p>\n","protected":false},"excerpt":{"rendered":"<p>L\u00f6v\u00e9r, ? \u2020\u00a0?: g\u00f6r. kat. pap. \u2013 Aradon szentelt\u00e9k papp\u00e1 (1803). L\u00f6v\u00e9ren szolg\u00e1lt \u00e9s tan\u00edtott (1805). Irod.: Dobozi; Lueriu<\/p>\n","protected":false},"featured_media":0,"comment_status":"open","ping_status":"closed","template":"","meta":[],"product_brand":[],"product_cat":[137],"product_tag":[],"class_list":{"0":"post-5807","1":"product","2":"type-product","3":"status-publish","5":"product_cat-maros-megyei-eletrajzi-lexikon","7":"first","8":"instock","9":"shipping-taxable","10":"product-type-simple"},"_links":{"self":[{"href":"https:\/\/uj.adatbank.ro\/lexikon\/wp-json\/wp\/v2\/product\/5807","targetHints":{"allow":["GET"]}}],"collection":[{"href":"https:\/\/uj.adatbank.ro\/lexikon\/wp-json\/wp\/v2\/product"}],"about":[{"href":"https:\/\/uj.adatbank.ro\/lexikon\/wp-json\/wp\/v2\/types\/product"}],"replies":[{"embeddable":true,"href":"https:\/\/uj.adatbank.ro\/lexikon\/wp-json\/wp\/v2\/comments?post=5807"}],"wp:attachment":[{"href":"https:\/\/uj.adatbank.ro\/lexikon\/wp-json\/wp\/v2\/media?parent=5807"}],"wp:term":[{"taxonomy":"product_brand","embeddable":true,"href":"https:\/\/uj.adatbank.ro\/lexikon\/wp-json\/wp\/v2\/product_brand?post=5807"},{"taxonomy":"product_cat","embeddable":true,"href":"https:\/\/uj.adatbank.ro\/lexikon\/wp-json\/wp\/v2\/product_cat?post=5807"},{"taxonomy":"product_tag","embeddable":true,"href":"https:\/\/uj.adatbank.ro\/lexikon\/wp-json\/wp\/v2\/product_tag?post=5807"}],"curies":[{"name":"wp","href":"https:\/\/api.w.org\/{rel}","templated":true}]}}