{"id":5810,"date":"2025-06-28T17:30:27","date_gmt":"2025-06-28T15:30:27","guid":{"rendered":"https:\/\/uj.adatbank.ro\/lexikon\/termek\/costin-din-vidrasau-constantin-din-vidrasau\/"},"modified":"2025-06-28T17:30:27","modified_gmt":"2025-06-28T15:30:27","slug":"costin-din-vidrasau-constantin-din-vidrasau","status":"publish","type":"product","link":"https:\/\/uj.adatbank.ro\/lexikon\/termek\/costin-din-vidrasau-constantin-din-vidrasau\/","title":{"rendered":"COSTIN din VIDRAS\u0102U, Constantin din Vidras\u0103u"},"content":{"rendered":"<p>? \u2020 ? : ort. pap \/ g\u00f6r. kat. pap. \u2013 Vidr\u00e1tszegen szolg\u00e1lt. Neve szerepel azon papok k\u00f6z\u00f6tt, akik al\u00e1\u00edrt\u00e1k az ort. egyh\u00e1z egyes\u00fcl\u00e9s\u00e9t R\u00f3m\u00e1val, teh\u00e1t g\u00f6r. kat. vall\u00e1s\u00faak lettek (1700. szept. 5.). Neve egy tulajdon\u00e1ban lev\u0151 szentk\u00e9p h\u00e1t\u00e1n is szerepel, szint\u00e9n Vidr\u00e1tszegen (1706). <br \/><strong>Irod.:<\/strong> \u015eincan 2006<\/br><\/p>\n","protected":false},"excerpt":{"rendered":"<p>? \u2020 ? : ort. pap \/ g\u00f6r. kat. pap. \u2013 Vidr\u00e1tszegen szolg\u00e1lt. Neve szerepel azon papok k\u00f6z\u00f6tt, akik al\u00e1\u00edrt\u00e1k az ort. egyh\u00e1z egyes\u00fcl\u00e9s\u00e9t R\u00f3m\u00e1val, teh\u00e1t g\u00f6r. kat. vall\u00e1s\u00faak lettek (1700. szept. 5.). Neve egy tulajdon\u00e1ban lev\u0151 szentk\u00e9p h\u00e1t\u00e1n is szerepel, szint\u00e9n Vidr\u00e1tszegen (1706). Irod.: \u015eincan 2006<\/p>\n","protected":false},"featured_media":0,"comment_status":"open","ping_status":"closed","template":"","meta":[],"product_brand":[],"product_cat":[137],"product_tag":[],"class_list":{"0":"post-5810","1":"product","2":"type-product","3":"status-publish","5":"product_cat-maros-megyei-eletrajzi-lexikon","7":"first","8":"instock","9":"shipping-taxable","10":"product-type-simple"},"_links":{"self":[{"href":"https:\/\/uj.adatbank.ro\/lexikon\/wp-json\/wp\/v2\/product\/5810","targetHints":{"allow":["GET"]}}],"collection":[{"href":"https:\/\/uj.adatbank.ro\/lexikon\/wp-json\/wp\/v2\/product"}],"about":[{"href":"https:\/\/uj.adatbank.ro\/lexikon\/wp-json\/wp\/v2\/types\/product"}],"replies":[{"embeddable":true,"href":"https:\/\/uj.adatbank.ro\/lexikon\/wp-json\/wp\/v2\/comments?post=5810"}],"wp:attachment":[{"href":"https:\/\/uj.adatbank.ro\/lexikon\/wp-json\/wp\/v2\/media?parent=5810"}],"wp:term":[{"taxonomy":"product_brand","embeddable":true,"href":"https:\/\/uj.adatbank.ro\/lexikon\/wp-json\/wp\/v2\/product_brand?post=5810"},{"taxonomy":"product_cat","embeddable":true,"href":"https:\/\/uj.adatbank.ro\/lexikon\/wp-json\/wp\/v2\/product_cat?post=5810"},{"taxonomy":"product_tag","embeddable":true,"href":"https:\/\/uj.adatbank.ro\/lexikon\/wp-json\/wp\/v2\/product_tag?post=5810"}],"curies":[{"name":"wp","href":"https:\/\/api.w.org\/{rel}","templated":true}]}}