{"id":5812,"date":"2025-06-28T17:30:31","date_gmt":"2025-06-28T15:30:31","guid":{"rendered":"https:\/\/uj.adatbank.ro\/lexikon\/termek\/costin-iosif-costin-josephus\/"},"modified":"2025-06-28T17:30:31","modified_gmt":"2025-06-28T15:30:31","slug":"costin-iosif-costin-josephus","status":"publish","type":"product","link":"https:\/\/uj.adatbank.ro\/lexikon\/termek\/costin-iosif-costin-josephus\/","title":{"rendered":"COSTIN Iosif, Costin Josephus"},"content":{"rendered":"<p>Cintos, 1843. febr. 20. v. \u00e1pr. 14., \u2020\u00a0Uzdiszentp\u00e9ter, 1906 k.: g\u00f6r. -kat. lelk\u00e9sz. \u2013 Bal\u00e1zsfalv\u00e1n v\u00e9gezte a gimn. -ot (1866), a teol\u00f3gi\u00e1t (1870), uo. szentelt\u00e9k papp\u00e1 (1872. \u00e1pr. 6). Mez\u0151velk\u00e9rre ker\u00fclt papnak (1870), majd Mez\u0151\u0151rre (1874\u201380). Onnan Uzdiszentp\u00e9terre helyezt\u00e9k, ahol hal\u00e1l\u00e1ig szolg\u00e1lt \u00e9s alesperesi rangot \u00e9rt el (1898). <br \/><strong>Irod.:<\/strong> A\u0163inti\u015f; S\u00e2npetru de C\u00e2mpie<\/br><\/p>\n","protected":false},"excerpt":{"rendered":"<p>Cintos, 1843. febr. 20. v. \u00e1pr. 14., \u2020\u00a0Uzdiszentp\u00e9ter, 1906 k.: g\u00f6r. -kat. lelk\u00e9sz. \u2013 Bal\u00e1zsfalv\u00e1n v\u00e9gezte a gimn. -ot (1866), a teol\u00f3gi\u00e1t (1870), uo. szentelt\u00e9k papp\u00e1 (1872. \u00e1pr. 6). Mez\u0151velk\u00e9rre ker\u00fclt papnak (1870), majd Mez\u0151\u0151rre (1874\u201380). Onnan Uzdiszentp\u00e9terre helyezt\u00e9k, ahol hal\u00e1l\u00e1ig szolg\u00e1lt \u00e9s alesperesi rangot \u00e9rt el (1898). Irod.: A\u0163inti\u015f; S\u00e2npetru de C\u00e2mpie<\/p>\n","protected":false},"featured_media":0,"comment_status":"open","ping_status":"closed","template":"","meta":[],"product_brand":[],"product_cat":[137],"product_tag":[],"class_list":{"0":"post-5812","1":"product","2":"type-product","3":"status-publish","5":"product_cat-maros-megyei-eletrajzi-lexikon","7":"first","8":"instock","9":"shipping-taxable","10":"product-type-simple"},"_links":{"self":[{"href":"https:\/\/uj.adatbank.ro\/lexikon\/wp-json\/wp\/v2\/product\/5812","targetHints":{"allow":["GET"]}}],"collection":[{"href":"https:\/\/uj.adatbank.ro\/lexikon\/wp-json\/wp\/v2\/product"}],"about":[{"href":"https:\/\/uj.adatbank.ro\/lexikon\/wp-json\/wp\/v2\/types\/product"}],"replies":[{"embeddable":true,"href":"https:\/\/uj.adatbank.ro\/lexikon\/wp-json\/wp\/v2\/comments?post=5812"}],"wp:attachment":[{"href":"https:\/\/uj.adatbank.ro\/lexikon\/wp-json\/wp\/v2\/media?parent=5812"}],"wp:term":[{"taxonomy":"product_brand","embeddable":true,"href":"https:\/\/uj.adatbank.ro\/lexikon\/wp-json\/wp\/v2\/product_brand?post=5812"},{"taxonomy":"product_cat","embeddable":true,"href":"https:\/\/uj.adatbank.ro\/lexikon\/wp-json\/wp\/v2\/product_cat?post=5812"},{"taxonomy":"product_tag","embeddable":true,"href":"https:\/\/uj.adatbank.ro\/lexikon\/wp-json\/wp\/v2\/product_tag?post=5812"}],"curies":[{"name":"wp","href":"https:\/\/api.w.org\/{rel}","templated":true}]}}