{"id":5813,"date":"2025-06-28T17:30:33","date_gmt":"2025-06-28T15:30:33","guid":{"rendered":"https:\/\/uj.adatbank.ro\/lexikon\/termek\/costin-maximilian-nicolae-%c2%a7\/"},"modified":"2025-06-28T17:30:33","modified_gmt":"2025-06-28T15:30:33","slug":"costin-maximilian-nicolae-%c2%a7","status":"publish","type":"product","link":"https:\/\/uj.adatbank.ro\/lexikon\/termek\/costin-maximilian-nicolae-%c2%a7\/","title":{"rendered":"COSTIN Maximilian Nicolae, \u00a7"},"content":{"rendered":"<p>Piatra Neam\u0163, 1888. aug. 11., \u2020 Buk., 1938. aug. 24.: zenetud\u00f3s, el\u0151ad\u00f3m\u0171v\u00e9sz, k\u00f6lt\u0151, tan\u00e1r, \u00fajs\u00e1g\u00edr\u00f3, polg\u00e1rmester. \u2013 A l\u00edc. -ot Bak\u00f3ban v\u00e9gezte (1908). Zenei tanulm\u00e1nyokat Parizsban folytatott (1909\u2013 ), Henry Berthelier \u00e9s George Enescu (heged\u0171) tan\u00edtv\u00e1nyak\u00e9nt, Berlinben Michael Press \u00e9s Georg Lehmann (heged\u0171) (1911\u201313) \u00e9s a Stern\u2019sches Konservatorium der Musik- ban (1914), ahol Wilhelm Klatte tan\u00edtv\u00e1nya volt. Heged\u0171\u00f3r\u00e1kat vett George Enescut\u00f3l P\u00e1rizsban, Buk.-ben, Tescani -ban \u00e9s Sinai\u00e1n (1914\u201318). Buk.-ben a heged\u0171tanulm\u00e1nyokat elismertet\u0151 okl. -t szerzett. K\u00fclf\u00f6ld\u00f6n is k\u00f6z\u00f6lt m\u0171v\u00e9szeti kritik\u00e1kat, Buk.-ben megalap\u00edtotta a Muzica c. lapot (1915\u2013), amelyet M. M\u0103rg\u0103ritescuval \u00e9s Ion Nonna Otescuval vezetett (1916, 1919\u201320), azut\u00e1n George Breazuval (1921\u201325). Kezdem\u00e9nyez\u0151je \u00e9s f\u0151titk\u00e1ra volt a Societatea Amicii Muzicei (1916\u2013), ez a h\u00e1bor\u00fa ut\u00e1n C\u00e2ntarea Rom\u00e2niei n\u00e9ven szerepelt. A Buk.-i Konzervat\u00f3rium helyettes eszt\u00e9tika- \u00e9s zenet\u00f6rt\u00e9neti tan\u00e1ra (1920\u201321), heged\u0171tan\u00e1r T\u00e2rgovi\u015fteben a M\u0103n\u0103stirea Dealu Katonai Lic.-ban (1921\u201322), Temesv\u00e1ron heged\u0171tan\u00e1r \u00e9s a Zenekonzervat\u00f3rium valamint a N\u0103dejdea c. lap igazgat\u00f3ja (1922\u201325). A Biblioteca Muzical\u0103 gy\u0171jtem\u00e9ny (E. Morawetz szerkeszt\u00e9s\u00e9ben Temesv\u00e1ron) n\u00e9pszer\u0171s\u00edt\u00e9s\u00e9t kezdem\u00e9nyezte, \u00edgy t\u00e1mogatva a rom\u00e1n zen\u00e9t. Tan\u00e1r \u00e9s igazgat\u00f3, Metz Albert ut\u00e1n, Mv.-en a V\u00e1rosi Konzervat\u00f3riumban (1925\u201337) \u00e9s tan\u00e1r a Mihai Viteazul Katonai L\u00edc.-ban (1932 \u2013 37). szerk.-je volt A Marosv\u00e1s\u00e1rhelyi V\u00e1rosi Zeneiskola \u00e9rtes\u00edt\u0151je (1925\u201326) k\u00e9tnyelv\u0171 \u00e9vk\u00f6nyvnek. Mv. v\u00e1rosi tan\u00e1csos, ideiglenes bizotts\u00e1gi eln\u00f6k, polg\u00e1rmester (1931). Megind\u00edtotta a Glasul Mure\u015fului c. lapot (1934\u201340); eln\u00f6ke a Vid\u00e9ki Sajt\u00f3 Sz\u00f6vets\u00e9g\u00e9nek (Asocia\u0163ia presei de provincie) (1936\u2013). Munkat\u00e1rsa a Gazeta Mure\u015fului (1931\u201338), Progres \u015fi Cultur\u0103 (1933\u201338), Clipa (1936\u201337) c. lapoknak. A buk.-i Rom\u00e1n Opera aligazgat\u00f3ja hal\u00e1l\u00e1ig (1937\u2013). Kamarazenei koncerteket, heged\u0171versenyeket adott George Enescu-, Alfred Alessandrescu-, Zeno Vancea-, Nicolae Caravi\u00e1val \u00e9s m\u00e1s h\u00edres m\u0171v\u00e9sszel. Tanulm\u00e1nyokat, cikkeket, zenei kr\u00f3nik\u00e1kat, ismertet\u0151ket, verseket, ford\u00edt\u00e1sokat, megeml\u00e9kez\u00e9seket k\u00f6z\u00f6lt k\u00fcl\u00f6nb\u00f6z\u0151 sajt\u00f3term\u00e9kekben: Musica, Universul, \u0162ara, N\u0103dejdea (Temesv\u00e1r), Glasul Mure\u015fului (Mv.) \u00e9s m\u00e1sokban. \u2013 <strong>F. m.:<\/strong> Vioara, mae\u015ftrii \u015fi arta ei (Buc., 1920; Ed. revizuit\u0103 \u015fi compl. de prof. Zeno Vancea; Buc., 1964); George Enescu (Timi\u015foara, s. a.); \u015ecoala de vioar\u0103, prelucrat\u0103 dup\u0103 Hohmann; 24 studii melodice ca anex\u0103 a \u015fcoalei; Trei capriciu pentru vioar\u0103 \u015fi pian (Timi\u015foara, 1924); Dracul: teatru (Cluj, 1930); Poezii (Tg. M., 1932); Un mare rom\u00e2n Emil Dandea (Tg. M., 1934); Muzica rom\u00e2neasc\u0103 (Tg. M., 1934); \u015eoimii patrupezi: schi\u0163e umoristice (Tg. M., 1934); George Enescu (Timi\u015foara, 1934.); <strong>t\u00e1rssz.:<\/strong> Cartea muzicii ( J. G. Lobe: Catechism der Musik c. m\u0171v\u00e9nek adapt\u00e1ci\u00f3ja; Timi\u015foara, 1923); Ciprian Porumbescu. Balad\u0103 pentru vioar\u0103 \u015fi pian, transcrip\u0163ie de concert (Timi\u015foara, 1925); Metod\u0103 de vioar\u0103 (Craiova, 1937); La jum\u0103tatea veacului: Jurnal (red. Viorel Cosma; Bac\u0103u, 1988); antolog.: Breazu G.: Referate oficiale, critici, recenzii, d\u0103ri de seam\u0103, spicuiri din pres\u0103, coresponden\u0163\u0103 despre c\u0103r\u0163i de c\u00e2ntece (Craiova, 1933); Cot la cot = V\u00e1llvetve (Tg. M., 1936); George Enescu: Un geniu al neamului rom\u00e2nesc (Buc., 1938); <strong>ford.:<\/strong> H. Berlioz: Simfoniile lui Beethoven (Buc., 1921); Flammarion, Camille: Sf\u00e2r\u015fitul lumii (Buc., s. a.); Mallarm\u00e9: Poezii (Tg. M, 1936). <br \/><strong>Irod.:<\/strong> Caliga, G.: Almanahul dic\u0163ionar al presei din Rom\u00e2nia \u015fi a celei rom\u00e2ne\u015fti de pretitundeni (Buc., 1926); Cosma; Hajd\u00f3 K\u00e1roly: A mv.-i zeneiskola \u00e9vfordul\u00f3j\u00e1ra (N\u00fa., 1999. jan. 12.); Id\u0151t\u00e1r 3; Kim; Morariu, M.: O demascare: Cazul Emil Dandea (Tg. M., 1936); MRL; Muzicieni din Rom.; \u00d6kr\u00f6s; Popt\u0103ma\u015f\u2013M\u00f3zes; Poslu\u015fnicu; Predescu; Sava; S\u00e2rbu; Zenetudom\u00e1nyi \u00edr\u00e1sok<\/br><\/p>\n","protected":false},"excerpt":{"rendered":"<p>Piatra Neam\u0163, 1888. aug. 11., \u2020 Buk., 1938. aug. 24.: zenetud\u00f3s, el\u0151ad\u00f3m\u0171v\u00e9sz, k\u00f6lt\u0151, tan\u00e1r, \u00fajs\u00e1g\u00edr\u00f3, polg\u00e1rmester. \u2013 A l\u00edc. -ot Bak\u00f3ban v\u00e9gezte (1908). Zenei tanulm\u00e1nyokat Parizsban folytatott (1909\u2013 ), Henry Berthelier \u00e9s George Enescu (heged\u0171) tan\u00edtv\u00e1nyak\u00e9nt, Berlinben Michael Press \u00e9s Georg Lehmann (heged\u0171) (1911\u201313) \u00e9s a Stern\u2019sches Konservatorium der Musik- ban (1914), ahol Wilhelm Klatte [&hellip;]<\/p>\n","protected":false},"featured_media":0,"comment_status":"open","ping_status":"closed","template":"","meta":[],"product_brand":[],"product_cat":[137],"product_tag":[],"class_list":{"0":"post-5813","1":"product","2":"type-product","3":"status-publish","5":"product_cat-maros-megyei-eletrajzi-lexikon","7":"first","8":"instock","9":"shipping-taxable","10":"product-type-simple"},"_links":{"self":[{"href":"https:\/\/uj.adatbank.ro\/lexikon\/wp-json\/wp\/v2\/product\/5813","targetHints":{"allow":["GET"]}}],"collection":[{"href":"https:\/\/uj.adatbank.ro\/lexikon\/wp-json\/wp\/v2\/product"}],"about":[{"href":"https:\/\/uj.adatbank.ro\/lexikon\/wp-json\/wp\/v2\/types\/product"}],"replies":[{"embeddable":true,"href":"https:\/\/uj.adatbank.ro\/lexikon\/wp-json\/wp\/v2\/comments?post=5813"}],"wp:attachment":[{"href":"https:\/\/uj.adatbank.ro\/lexikon\/wp-json\/wp\/v2\/media?parent=5813"}],"wp:term":[{"taxonomy":"product_brand","embeddable":true,"href":"https:\/\/uj.adatbank.ro\/lexikon\/wp-json\/wp\/v2\/product_brand?post=5813"},{"taxonomy":"product_cat","embeddable":true,"href":"https:\/\/uj.adatbank.ro\/lexikon\/wp-json\/wp\/v2\/product_cat?post=5813"},{"taxonomy":"product_tag","embeddable":true,"href":"https:\/\/uj.adatbank.ro\/lexikon\/wp-json\/wp\/v2\/product_tag?post=5813"}],"curies":[{"name":"wp","href":"https:\/\/api.w.org\/{rel}","templated":true}]}}