{"id":5814,"date":"2025-06-28T17:30:34","date_gmt":"2025-06-28T15:30:34","guid":{"rendered":"https:\/\/uj.adatbank.ro\/lexikon\/termek\/costin-olga-%c2%a7-vancea-olga\/"},"modified":"2025-06-28T17:30:34","modified_gmt":"2025-06-28T15:30:34","slug":"costin-olga-%c2%a7-vancea-olga","status":"publish","type":"product","link":"https:\/\/uj.adatbank.ro\/lexikon\/termek\/costin-olga-%c2%a7-vancea-olga\/","title":{"rendered":"COSTIN Olga, \u00a7 Vancea Olga"},"content":{"rendered":"<p>Lugos, 1901, \u2020\u00a0? : zongaram\u0171v\u00e9sz, tan\u00e1r, \u00edr\u00f3. \u2013 Zenei tanulm\u00e1nyait a bp.-i Nemzeti Zened\u00e9ben v\u00e9gezte, tan\u00e1ri oklevelet a kv.-i konzervat\u00f3riumban kapott, az Ana Voileanu-Nicoar\u0103 oszt\u00e1ly\u00e1ban tanult. A kv.-i kir. Oper\u00e1ban egy \u00e9vig sz\u00f3l\u00f3korrepetitor m\u0171k\u00f6d\u00f6tt, a temesv\u00e1ri v\u00e1rosi zeneiskol\u00e1ba kapott megh\u00edv\u00e1st (1924). A mv.-i Zenekonzervat\u00f3riumba nevezt\u00e9k ki, ahol zongoratan\u00e1rn\u0151 volt (1925\u201337). Hangversenyezett Maximilian Costin heged\u0171m\u0171v\u00e9sszel. Tagja \u00e9s vezet\u0151je volt a tan\u00e1rok kamaraegy\u00fcttes\u00e9nek (1936). <br \/><strong>Irod.:<\/strong> Anuarul Conservatorului Municipiului Tg. M. (1927\u201328); Hajd\u00f3 K\u00e1roly: A mv.-i zeneiskola \u00e9vfordul\u00f3j\u00e1ra (N\u00fa., 1999. jan. 12.); Id\u0151t\u00e1r 3; MMK; Muzica rom.; Zenetudom\u00e1nyi \u00edr\u00e1sok<\/br><\/p>\n","protected":false},"excerpt":{"rendered":"<p>Lugos, 1901, \u2020\u00a0? : zongaram\u0171v\u00e9sz, tan\u00e1r, \u00edr\u00f3. \u2013 Zenei tanulm\u00e1nyait a bp.-i Nemzeti Zened\u00e9ben v\u00e9gezte, tan\u00e1ri oklevelet a kv.-i konzervat\u00f3riumban kapott, az Ana Voileanu-Nicoar\u0103 oszt\u00e1ly\u00e1ban tanult. A kv.-i kir. Oper\u00e1ban egy \u00e9vig sz\u00f3l\u00f3korrepetitor m\u0171k\u00f6d\u00f6tt, a temesv\u00e1ri v\u00e1rosi zeneiskol\u00e1ba kapott megh\u00edv\u00e1st (1924). A mv.-i Zenekonzervat\u00f3riumba nevezt\u00e9k ki, ahol zongoratan\u00e1rn\u0151 volt (1925\u201337). Hangversenyezett Maximilian Costin heged\u0171m\u0171v\u00e9sszel. Tagja [&hellip;]<\/p>\n","protected":false},"featured_media":0,"comment_status":"open","ping_status":"closed","template":"","meta":[],"product_brand":[],"product_cat":[137],"product_tag":[],"class_list":{"0":"post-5814","1":"product","2":"type-product","3":"status-publish","5":"product_cat-maros-megyei-eletrajzi-lexikon","7":"first","8":"instock","9":"shipping-taxable","10":"product-type-simple"},"_links":{"self":[{"href":"https:\/\/uj.adatbank.ro\/lexikon\/wp-json\/wp\/v2\/product\/5814","targetHints":{"allow":["GET"]}}],"collection":[{"href":"https:\/\/uj.adatbank.ro\/lexikon\/wp-json\/wp\/v2\/product"}],"about":[{"href":"https:\/\/uj.adatbank.ro\/lexikon\/wp-json\/wp\/v2\/types\/product"}],"replies":[{"embeddable":true,"href":"https:\/\/uj.adatbank.ro\/lexikon\/wp-json\/wp\/v2\/comments?post=5814"}],"wp:attachment":[{"href":"https:\/\/uj.adatbank.ro\/lexikon\/wp-json\/wp\/v2\/media?parent=5814"}],"wp:term":[{"taxonomy":"product_brand","embeddable":true,"href":"https:\/\/uj.adatbank.ro\/lexikon\/wp-json\/wp\/v2\/product_brand?post=5814"},{"taxonomy":"product_cat","embeddable":true,"href":"https:\/\/uj.adatbank.ro\/lexikon\/wp-json\/wp\/v2\/product_cat?post=5814"},{"taxonomy":"product_tag","embeddable":true,"href":"https:\/\/uj.adatbank.ro\/lexikon\/wp-json\/wp\/v2\/product_tag?post=5814"}],"curies":[{"name":"wp","href":"https:\/\/api.w.org\/{rel}","templated":true}]}}