{"id":5818,"date":"2025-06-28T17:30:43","date_gmt":"2025-06-28T15:30:43","guid":{"rendered":"https:\/\/uj.adatbank.ro\/lexikon\/termek\/cotta-nicolae\/"},"modified":"2025-06-28T17:30:43","modified_gmt":"2025-06-28T15:30:43","slug":"cotta-nicolae","status":"publish","type":"product","link":"https:\/\/uj.adatbank.ro\/lexikon\/termek\/cotta-nicolae\/","title":{"rendered":"COTTA Nicolae"},"content":{"rendered":"<p>? \u2020\u00a0?: tan\u00edt\u00f3. \u2013 A g\u00f6rg\u00e9nyszentimrei \u00e1llami iskola tan\u00edt\u00f3ja (1918\u201340 k\u00f6z\u00f6tt) Cotta Elenaval. G\u00f6rg\u00e9nys\u00f3akn\u00e1n m\u0171k\u00f6d\u0151 ifj\u00fas\u00e1gi szervezet, a K\u00e1rp\u00e1tok solymai (\u015eoimii Carpa\u0163ilor) kapit\u00e1nya (1930. k.) <br \/><strong>Irod.:<\/strong> Gurghiul; Netea: Astra<\/br><\/p>\n","protected":false},"excerpt":{"rendered":"<p>? \u2020\u00a0?: tan\u00edt\u00f3. \u2013 A g\u00f6rg\u00e9nyszentimrei \u00e1llami iskola tan\u00edt\u00f3ja (1918\u201340 k\u00f6z\u00f6tt) Cotta Elenaval. G\u00f6rg\u00e9nys\u00f3akn\u00e1n m\u0171k\u00f6d\u0151 ifj\u00fas\u00e1gi szervezet, a K\u00e1rp\u00e1tok solymai (\u015eoimii Carpa\u0163ilor) kapit\u00e1nya (1930. k.) Irod.: Gurghiul; Netea: Astra<\/p>\n","protected":false},"featured_media":0,"comment_status":"open","ping_status":"closed","template":"","meta":[],"product_brand":[],"product_cat":[137],"product_tag":[],"class_list":{"0":"post-5818","1":"product","2":"type-product","3":"status-publish","5":"product_cat-maros-megyei-eletrajzi-lexikon","7":"first","8":"instock","9":"shipping-taxable","10":"product-type-simple"},"_links":{"self":[{"href":"https:\/\/uj.adatbank.ro\/lexikon\/wp-json\/wp\/v2\/product\/5818","targetHints":{"allow":["GET"]}}],"collection":[{"href":"https:\/\/uj.adatbank.ro\/lexikon\/wp-json\/wp\/v2\/product"}],"about":[{"href":"https:\/\/uj.adatbank.ro\/lexikon\/wp-json\/wp\/v2\/types\/product"}],"replies":[{"embeddable":true,"href":"https:\/\/uj.adatbank.ro\/lexikon\/wp-json\/wp\/v2\/comments?post=5818"}],"wp:attachment":[{"href":"https:\/\/uj.adatbank.ro\/lexikon\/wp-json\/wp\/v2\/media?parent=5818"}],"wp:term":[{"taxonomy":"product_brand","embeddable":true,"href":"https:\/\/uj.adatbank.ro\/lexikon\/wp-json\/wp\/v2\/product_brand?post=5818"},{"taxonomy":"product_cat","embeddable":true,"href":"https:\/\/uj.adatbank.ro\/lexikon\/wp-json\/wp\/v2\/product_cat?post=5818"},{"taxonomy":"product_tag","embeddable":true,"href":"https:\/\/uj.adatbank.ro\/lexikon\/wp-json\/wp\/v2\/product_tag?post=5818"}],"curies":[{"name":"wp","href":"https:\/\/api.w.org\/{rel}","templated":true}]}}