{"id":5822,"date":"2025-06-28T17:30:51","date_gmt":"2025-06-28T15:30:51","guid":{"rendered":"https:\/\/uj.adatbank.ro\/lexikon\/termek\/covasan-gheorghe-%c2%a7\/"},"modified":"2025-06-28T17:30:51","modified_gmt":"2025-06-28T15:30:51","slug":"covasan-gheorghe-%c2%a7","status":"publish","type":"product","link":"https:\/\/uj.adatbank.ro\/lexikon\/termek\/covasan-gheorghe-%c2%a7\/","title":{"rendered":"COV\u0102\u015eAN Gheorghe. \u00a7"},"content":{"rendered":"<p>? \u2020\u00a0? : ort. pap. \u2013 Mez\u0151szentandr\u00e1son szolg\u00e1lt \u00e9s eln\u00f6ke az Astra \u00e9gisze alatt m\u0171k\u00f6d\u0151 falusi kultur\u00e1lis k\u00f6rnek (1930-as \u00e9vek). <br \/><strong>Irod.:<\/strong> Netea: Astra<\/br><\/p>\n","protected":false},"excerpt":{"rendered":"<p>? \u2020\u00a0? : ort. pap. \u2013 Mez\u0151szentandr\u00e1son szolg\u00e1lt \u00e9s eln\u00f6ke az Astra \u00e9gisze alatt m\u0171k\u00f6d\u0151 falusi kultur\u00e1lis k\u00f6rnek (1930-as \u00e9vek). Irod.: Netea: Astra<\/p>\n","protected":false},"featured_media":0,"comment_status":"open","ping_status":"closed","template":"","meta":[],"product_brand":[],"product_cat":[137],"product_tag":[],"class_list":{"0":"post-5822","1":"product","2":"type-product","3":"status-publish","5":"product_cat-maros-megyei-eletrajzi-lexikon","7":"first","8":"instock","9":"shipping-taxable","10":"product-type-simple"},"_links":{"self":[{"href":"https:\/\/uj.adatbank.ro\/lexikon\/wp-json\/wp\/v2\/product\/5822","targetHints":{"allow":["GET"]}}],"collection":[{"href":"https:\/\/uj.adatbank.ro\/lexikon\/wp-json\/wp\/v2\/product"}],"about":[{"href":"https:\/\/uj.adatbank.ro\/lexikon\/wp-json\/wp\/v2\/types\/product"}],"replies":[{"embeddable":true,"href":"https:\/\/uj.adatbank.ro\/lexikon\/wp-json\/wp\/v2\/comments?post=5822"}],"wp:attachment":[{"href":"https:\/\/uj.adatbank.ro\/lexikon\/wp-json\/wp\/v2\/media?parent=5822"}],"wp:term":[{"taxonomy":"product_brand","embeddable":true,"href":"https:\/\/uj.adatbank.ro\/lexikon\/wp-json\/wp\/v2\/product_brand?post=5822"},{"taxonomy":"product_cat","embeddable":true,"href":"https:\/\/uj.adatbank.ro\/lexikon\/wp-json\/wp\/v2\/product_cat?post=5822"},{"taxonomy":"product_tag","embeddable":true,"href":"https:\/\/uj.adatbank.ro\/lexikon\/wp-json\/wp\/v2\/product_tag?post=5822"}],"curies":[{"name":"wp","href":"https:\/\/api.w.org\/{rel}","templated":true}]}}