{"id":5824,"date":"2025-06-28T17:30:54","date_gmt":"2025-06-28T15:30:54","guid":{"rendered":"https:\/\/uj.adatbank.ro\/lexikon\/termek\/covrig-gavril\/"},"modified":"2025-06-28T17:30:54","modified_gmt":"2025-06-28T15:30:54","slug":"covrig-gavril","status":"publish","type":"product","link":"https:\/\/uj.adatbank.ro\/lexikon\/termek\/covrig-gavril\/","title":{"rendered":"COVRIG Gavril"},"content":{"rendered":"<p>Erd\u0151idecs, 1908., \u2020 K\u00e1sva, 1999.: tan\u00e1r. \u2013 Igazgat\u00e1s\u00e1val \u00fajranyitott\u00e1k Sz\u00e1szr\u00e9genben az 1940-ben megysz\u00fcntetett l\u00edc. -ot, Gimnaziul Mixt de Stat Petru Maior n\u00e9ven (1944. nov. 5.), a l\u00edc. mai neve Grupul \u015fcolar Petru Maior. Fizikatan\u00e1rk\u00e9nt laborat\u00f3riumokat l\u00e9tes\u00edtett \u00e9s szerelt fel. Pszchopedag\u00f3gi\u00e1t is tan\u00edtott. Nyugd\u00edjba vonult (1980) \u00e9s feles\u00e9g\u00e9vel K\u00e1sv\u00e1ra k\u00f6lt\u00f6z\u00f6tt. <br \/><strong>Irod.:<\/strong> Costea 1999; Dasc\u0103li mure\u015feni 4.<\/br><\/p>\n","protected":false},"excerpt":{"rendered":"<p>Erd\u0151idecs, 1908., \u2020 K\u00e1sva, 1999.: tan\u00e1r. \u2013 Igazgat\u00e1s\u00e1val \u00fajranyitott\u00e1k Sz\u00e1szr\u00e9genben az 1940-ben megysz\u00fcntetett l\u00edc. -ot, Gimnaziul Mixt de Stat Petru Maior n\u00e9ven (1944. nov. 5.), a l\u00edc. mai neve Grupul \u015fcolar Petru Maior. Fizikatan\u00e1rk\u00e9nt laborat\u00f3riumokat l\u00e9tes\u00edtett \u00e9s szerelt fel. Pszchopedag\u00f3gi\u00e1t is tan\u00edtott. Nyugd\u00edjba vonult (1980) \u00e9s feles\u00e9g\u00e9vel K\u00e1sv\u00e1ra k\u00f6lt\u00f6z\u00f6tt. Irod.: Costea 1999; Dasc\u0103li mure\u015feni 4.<\/p>\n","protected":false},"featured_media":0,"comment_status":"open","ping_status":"closed","template":"","meta":[],"product_brand":[],"product_cat":[137],"product_tag":[],"class_list":{"0":"post-5824","1":"product","2":"type-product","3":"status-publish","5":"product_cat-maros-megyei-eletrajzi-lexikon","7":"first","8":"instock","9":"shipping-taxable","10":"product-type-simple"},"_links":{"self":[{"href":"https:\/\/uj.adatbank.ro\/lexikon\/wp-json\/wp\/v2\/product\/5824","targetHints":{"allow":["GET"]}}],"collection":[{"href":"https:\/\/uj.adatbank.ro\/lexikon\/wp-json\/wp\/v2\/product"}],"about":[{"href":"https:\/\/uj.adatbank.ro\/lexikon\/wp-json\/wp\/v2\/types\/product"}],"replies":[{"embeddable":true,"href":"https:\/\/uj.adatbank.ro\/lexikon\/wp-json\/wp\/v2\/comments?post=5824"}],"wp:attachment":[{"href":"https:\/\/uj.adatbank.ro\/lexikon\/wp-json\/wp\/v2\/media?parent=5824"}],"wp:term":[{"taxonomy":"product_brand","embeddable":true,"href":"https:\/\/uj.adatbank.ro\/lexikon\/wp-json\/wp\/v2\/product_brand?post=5824"},{"taxonomy":"product_cat","embeddable":true,"href":"https:\/\/uj.adatbank.ro\/lexikon\/wp-json\/wp\/v2\/product_cat?post=5824"},{"taxonomy":"product_tag","embeddable":true,"href":"https:\/\/uj.adatbank.ro\/lexikon\/wp-json\/wp\/v2\/product_tag?post=5824"}],"curies":[{"name":"wp","href":"https:\/\/api.w.org\/{rel}","templated":true}]}}