{"id":5826,"date":"2025-06-28T17:30:57","date_gmt":"2025-06-28T15:30:57","guid":{"rendered":"https:\/\/uj.adatbank.ro\/lexikon\/termek\/covrig-raveca\/"},"modified":"2025-06-28T17:30:57","modified_gmt":"2025-06-28T15:30:57","slug":"covrig-raveca","status":"publish","type":"product","link":"https:\/\/uj.adatbank.ro\/lexikon\/termek\/covrig-raveca\/","title":{"rendered":"COVRIG Raveca"},"content":{"rendered":"<p>?, \u2020 ? : f\u00fcldm\u0171ves, k\u00e9pvisel\u0151. \u2013 A MAT k\u00e9pvisel\u0151je a NNGY-ben (1957. febr. 3.), kollekt\u00edvista f\u00f6ldm\u0171ves a Testv\u00e9ris\u00e9g (Infr\u0103\u0163ire) val\u00f3sz\u00edn\u0171 batosi kollekt\u00edv gazdas\u00e1gban, Erd\u0151szentgy\u00f6rgy rajonban (1957). <br \/><strong>Irod.:<\/strong> Cri\u015fan<\/br><\/p>\n","protected":false},"excerpt":{"rendered":"<p>?, \u2020 ? : f\u00fcldm\u0171ves, k\u00e9pvisel\u0151. \u2013 A MAT k\u00e9pvisel\u0151je a NNGY-ben (1957. febr. 3.), kollekt\u00edvista f\u00f6ldm\u0171ves a Testv\u00e9ris\u00e9g (Infr\u0103\u0163ire) val\u00f3sz\u00edn\u0171 batosi kollekt\u00edv gazdas\u00e1gban, Erd\u0151szentgy\u00f6rgy rajonban (1957). Irod.: Cri\u015fan<\/p>\n","protected":false},"featured_media":0,"comment_status":"open","ping_status":"closed","template":"","meta":[],"product_brand":[],"product_cat":[137],"product_tag":[],"class_list":{"0":"post-5826","1":"product","2":"type-product","3":"status-publish","5":"product_cat-maros-megyei-eletrajzi-lexikon","7":"first","8":"instock","9":"shipping-taxable","10":"product-type-simple"},"_links":{"self":[{"href":"https:\/\/uj.adatbank.ro\/lexikon\/wp-json\/wp\/v2\/product\/5826","targetHints":{"allow":["GET"]}}],"collection":[{"href":"https:\/\/uj.adatbank.ro\/lexikon\/wp-json\/wp\/v2\/product"}],"about":[{"href":"https:\/\/uj.adatbank.ro\/lexikon\/wp-json\/wp\/v2\/types\/product"}],"replies":[{"embeddable":true,"href":"https:\/\/uj.adatbank.ro\/lexikon\/wp-json\/wp\/v2\/comments?post=5826"}],"wp:attachment":[{"href":"https:\/\/uj.adatbank.ro\/lexikon\/wp-json\/wp\/v2\/media?parent=5826"}],"wp:term":[{"taxonomy":"product_brand","embeddable":true,"href":"https:\/\/uj.adatbank.ro\/lexikon\/wp-json\/wp\/v2\/product_brand?post=5826"},{"taxonomy":"product_cat","embeddable":true,"href":"https:\/\/uj.adatbank.ro\/lexikon\/wp-json\/wp\/v2\/product_cat?post=5826"},{"taxonomy":"product_tag","embeddable":true,"href":"https:\/\/uj.adatbank.ro\/lexikon\/wp-json\/wp\/v2\/product_tag?post=5826"}],"curies":[{"name":"wp","href":"https:\/\/api.w.org\/{rel}","templated":true}]}}