{"id":5830,"date":"2025-06-28T17:31:07","date_gmt":"2025-06-28T15:31:07","guid":{"rendered":"https:\/\/uj.adatbank.ro\/lexikon\/termek\/cozma-ioan\/"},"modified":"2025-06-28T17:31:07","modified_gmt":"2025-06-28T15:31:07","slug":"cozma-ioan","status":"publish","type":"product","link":"https:\/\/uj.adatbank.ro\/lexikon\/termek\/cozma-ioan\/","title":{"rendered":"COZMA Ioan"},"content":{"rendered":"<p>? \u2020\u00a0? : jog\u00e1sz dr. \u2013 A mv.-i polg\u00e1rmesteri hivatal f\u0151tisztvisel\u0151je. \u2013 <strong>F. m.:<\/strong> Legea contabilit\u0103\u0163ii publice, a conrolului bugetului \u015fi patrimoniului public = A k\u00f6zsz\u00e1mvitelr\u0151l, a k\u00f6lts\u00e9gvet\u00e9s \u00e9s a k\u00f6zvagyon ellen\u0151rz\u00e9s\u00e9r\u0151l sz\u00f3l\u00f3 t\u00f6rv\u00e9ny (Mv., 1930). <br \/><strong>Irod.:<\/strong> F\u00fcl\u00f6p\u2013Ferencz<\/br><\/p>\n","protected":false},"excerpt":{"rendered":"<p>? \u2020\u00a0? : jog\u00e1sz dr. \u2013 A mv.-i polg\u00e1rmesteri hivatal f\u0151tisztvisel\u0151je. \u2013 F. m.: Legea contabilit\u0103\u0163ii publice, a conrolului bugetului \u015fi patrimoniului public = A k\u00f6zsz\u00e1mvitelr\u0151l, a k\u00f6lts\u00e9gvet\u00e9s \u00e9s a k\u00f6zvagyon ellen\u0151rz\u00e9s\u00e9r\u0151l sz\u00f3l\u00f3 t\u00f6rv\u00e9ny (Mv., 1930). Irod.: F\u00fcl\u00f6p\u2013Ferencz<\/p>\n","protected":false},"featured_media":0,"comment_status":"open","ping_status":"closed","template":"","meta":[],"product_brand":[],"product_cat":[137],"product_tag":[],"class_list":{"0":"post-5830","1":"product","2":"type-product","3":"status-publish","5":"product_cat-maros-megyei-eletrajzi-lexikon","7":"first","8":"instock","9":"shipping-taxable","10":"product-type-simple"},"_links":{"self":[{"href":"https:\/\/uj.adatbank.ro\/lexikon\/wp-json\/wp\/v2\/product\/5830","targetHints":{"allow":["GET"]}}],"collection":[{"href":"https:\/\/uj.adatbank.ro\/lexikon\/wp-json\/wp\/v2\/product"}],"about":[{"href":"https:\/\/uj.adatbank.ro\/lexikon\/wp-json\/wp\/v2\/types\/product"}],"replies":[{"embeddable":true,"href":"https:\/\/uj.adatbank.ro\/lexikon\/wp-json\/wp\/v2\/comments?post=5830"}],"wp:attachment":[{"href":"https:\/\/uj.adatbank.ro\/lexikon\/wp-json\/wp\/v2\/media?parent=5830"}],"wp:term":[{"taxonomy":"product_brand","embeddable":true,"href":"https:\/\/uj.adatbank.ro\/lexikon\/wp-json\/wp\/v2\/product_brand?post=5830"},{"taxonomy":"product_cat","embeddable":true,"href":"https:\/\/uj.adatbank.ro\/lexikon\/wp-json\/wp\/v2\/product_cat?post=5830"},{"taxonomy":"product_tag","embeddable":true,"href":"https:\/\/uj.adatbank.ro\/lexikon\/wp-json\/wp\/v2\/product_tag?post=5830"}],"curies":[{"name":"wp","href":"https:\/\/api.w.org\/{rel}","templated":true}]}}