{"id":5833,"date":"2025-06-28T17:31:12","date_gmt":"2025-06-28T15:31:12","guid":{"rendered":"https:\/\/uj.adatbank.ro\/lexikon\/termek\/craciun-chifor\/"},"modified":"2025-06-28T17:31:12","modified_gmt":"2025-06-28T15:31:12","slug":"craciun-chifor","status":"publish","type":"product","link":"https:\/\/uj.adatbank.ro\/lexikon\/termek\/craciun-chifor\/","title":{"rendered":"CR\u0102CIUN Chifor"},"content":{"rendered":"<p>? \u2020 ? : f\u00f6ldm\u0171ves, k\u00e1ntor. \u2013 L\u00f6v\u00e9ren lakott \u00e9s volt n\u00e9mi iskol\u00e1ja, de nem v\u00e9gzett tan\u00edt\u00f3k\u00e9pz\u0151t. George Stavil\u0103 ut\u00e1n tan\u00edtott a faluban (\u20131885). A biblit\u00f6rt\u00e9netet haszn\u00e1lta tank\u00f6nyvk\u00e9nt. M\u00f3dszere a g\u00e9pies magoltat\u00e1s \u00e9s a ver\u00e9s volt. Ez\u00e9rt kev\u00e9s gyermek mer\u00e9szkedett az iskol\u00e1ba. <br \/><strong>Irod.:<\/strong> Lueriu<\/br><\/p>\n","protected":false},"excerpt":{"rendered":"<p>? \u2020 ? : f\u00f6ldm\u0171ves, k\u00e1ntor. \u2013 L\u00f6v\u00e9ren lakott \u00e9s volt n\u00e9mi iskol\u00e1ja, de nem v\u00e9gzett tan\u00edt\u00f3k\u00e9pz\u0151t. George Stavil\u0103 ut\u00e1n tan\u00edtott a faluban (\u20131885). A biblit\u00f6rt\u00e9netet haszn\u00e1lta tank\u00f6nyvk\u00e9nt. M\u00f3dszere a g\u00e9pies magoltat\u00e1s \u00e9s a ver\u00e9s volt. Ez\u00e9rt kev\u00e9s gyermek mer\u00e9szkedett az iskol\u00e1ba. Irod.: Lueriu<\/p>\n","protected":false},"featured_media":0,"comment_status":"open","ping_status":"closed","template":"","meta":[],"product_brand":[],"product_cat":[137],"product_tag":[],"class_list":{"0":"post-5833","1":"product","2":"type-product","3":"status-publish","5":"product_cat-maros-megyei-eletrajzi-lexikon","7":"first","8":"instock","9":"shipping-taxable","10":"product-type-simple"},"_links":{"self":[{"href":"https:\/\/uj.adatbank.ro\/lexikon\/wp-json\/wp\/v2\/product\/5833","targetHints":{"allow":["GET"]}}],"collection":[{"href":"https:\/\/uj.adatbank.ro\/lexikon\/wp-json\/wp\/v2\/product"}],"about":[{"href":"https:\/\/uj.adatbank.ro\/lexikon\/wp-json\/wp\/v2\/types\/product"}],"replies":[{"embeddable":true,"href":"https:\/\/uj.adatbank.ro\/lexikon\/wp-json\/wp\/v2\/comments?post=5833"}],"wp:attachment":[{"href":"https:\/\/uj.adatbank.ro\/lexikon\/wp-json\/wp\/v2\/media?parent=5833"}],"wp:term":[{"taxonomy":"product_brand","embeddable":true,"href":"https:\/\/uj.adatbank.ro\/lexikon\/wp-json\/wp\/v2\/product_brand?post=5833"},{"taxonomy":"product_cat","embeddable":true,"href":"https:\/\/uj.adatbank.ro\/lexikon\/wp-json\/wp\/v2\/product_cat?post=5833"},{"taxonomy":"product_tag","embeddable":true,"href":"https:\/\/uj.adatbank.ro\/lexikon\/wp-json\/wp\/v2\/product_tag?post=5833"}],"curies":[{"name":"wp","href":"https:\/\/api.w.org\/{rel}","templated":true}]}}